{"id":6749,"date":"2025-04-25T12:37:43","date_gmt":"2025-04-25T12:37:43","guid":{"rendered":"https:\/\/pulsar.com.tr\/kimya\/?page_id=6749"},"modified":"2025-04-25T12:37:43","modified_gmt":"2025-04-25T12:37:43","slug":"kvkk","status":"publish","type":"page","link":"https:\/\/pulsar.com.tr\/kimya\/kvkk\/","title":{"rendered":"K\u0130\u015e\u0130SEL VER\u0130LER\u0130N KORUNMASI KANUNU (KVKK) KAPSAMINDA AYDINLATMA METN\u0130"},"content":{"rendered":"<p><\/p>\n<p class=\"\" data-start=\"413\" data-end=\"528\"><strong data-start=\"489\" data-end=\"528\">PULSAR K\u0130MYA SANAY\u0130 VE T\u0130CARET A.\u015e.<\/strong><\/p>\n<p class=\"\" data-start=\"530\" data-end=\"815\"><strong data-start=\"530\" data-end=\"562\">1. Veri Sorumlusunun Kimli\u011fi<\/strong><br data-start=\"562\" data-end=\"565\" \/>6698 say\u0131l\u0131 Ki\u015fisel Verilerin Korunmas\u0131 Kanunu (\u201cKVKK\u201d) uyar\u0131nca, ki\u015fisel verileriniz veri sorumlusu s\u0131fat\u0131yla <strong data-start=\"676\" data-end=\"715\">Pulsar Kimya Sanayi ve Ticaret A.\u015e.<\/strong> taraf\u0131ndan a\u015fa\u011f\u0131da a\u00e7\u0131klanan kapsamda i\u015flenebilecektir.\u200b<\/p>\n<ul data-start=\"817\" data-end=\"1054\">\n<li class=\"\" data-start=\"817\" data-end=\"867\">\n<p class=\"\" data-start=\"819\" data-end=\"867\"><strong data-start=\"819\" data-end=\"829\">Unvan:<\/strong> Pulsar Kimya Sanayi ve Ticaret A.\u015e.<\/p>\n<\/li>\n<li class=\"\" data-start=\"868\" data-end=\"941\">\n<p class=\"\" data-start=\"870\" data-end=\"941\"><strong data-start=\"870\" data-end=\"880\">Adres:<\/strong> Gazi, \u00c7atall\u0131 Sk. No:33, 06560 Yenimahalle\/Ankara, T\u00fcrkiye<\/p>\n<\/li>\n<li class=\"\" data-start=\"942\" data-end=\"976\">\n<p class=\"\" data-start=\"944\" data-end=\"976\"><strong data-start=\"944\" data-end=\"956\">Telefon:<\/strong> +90 312 222 11 66<\/p>\n<\/li>\n<li class=\"\" data-start=\"977\" data-end=\"1054\">\n<p class=\"\" data-start=\"979\" data-end=\"1054\"><strong data-start=\"979\" data-end=\"991\">E-posta:<\/strong> <a class=\"cursor-pointer\" rel=\"noopener\" data-start=\"992\" data-end=\"1010\">info@pulsar.com.tr<\/a>\u200b<\/p>\n<\/li>\n<\/ul>\n<p class=\"\" data-start=\"1056\" data-end=\"1295\"><strong data-start=\"1056\" data-end=\"1097\">2. Ki\u015fisel Verilerin \u0130\u015flenme Ama\u00e7lar\u0131<\/strong><br data-start=\"1097\" data-end=\"1100\" \/>Toplanan ki\u015fisel verileriniz, KVKK&#8217;n\u0131n 5. ve 6. maddelerinde belirtilen ki\u015fisel veri i\u015fleme \u015fartlar\u0131 \u00e7er\u00e7evesinde a\u015fa\u011f\u0131daki ama\u00e7larla i\u015flenebilecektir:\u200b<\/p>\n<ul data-start=\"1297\" data-end=\"1781\">\n<li class=\"\" data-start=\"1297\" data-end=\"1377\">\n<p class=\"\" data-start=\"1299\" data-end=\"1377\">\u00dcr\u00fcn ve hizmetlerin sunulmas\u0131, sat\u0131\u015f ve sat\u0131\u015f sonras\u0131 s\u00fcre\u00e7lerin y\u00fcr\u00fct\u00fclmesi<\/p>\n<\/li>\n<li class=\"\" data-start=\"1378\" data-end=\"1448\">\n<p class=\"\" data-start=\"1380\" data-end=\"1448\">M\u00fc\u015fteri ili\u015fkileri y\u00f6netimi ve memnuniyet s\u00fcre\u00e7lerinin y\u00fcr\u00fct\u00fclmesi<\/p>\n<\/li>\n<li class=\"\" data-start=\"1449\" data-end=\"1507\">\n<p class=\"\" data-start=\"1451\" data-end=\"1507\">S\u00f6zle\u015fme s\u00fcre\u00e7lerinin ve\/veya hukuki taleplerin takibi<\/p>\n<\/li>\n<li class=\"\" data-start=\"1508\" data-end=\"1555\">\n<p class=\"\" data-start=\"1510\" data-end=\"1555\">Finans ve muhasebe i\u015flemlerinin y\u00fcr\u00fct\u00fclmesi<\/p>\n<\/li>\n<li class=\"\" data-start=\"1556\" data-end=\"1649\">\n<p class=\"\" data-start=\"1558\" data-end=\"1649\">Pazarlama, promosyon ve kampanya faaliyetlerinin y\u00fcr\u00fct\u00fclmesi (a\u00e7\u0131k r\u0131za al\u0131nmas\u0131 halinde)<\/p>\n<\/li>\n<li class=\"\" data-start=\"1650\" data-end=\"1694\">\n<p class=\"\" data-start=\"1652\" data-end=\"1694\">Bilgi g\u00fcvenli\u011fi s\u00fcre\u00e7lerinin y\u00fcr\u00fct\u00fclmesi<\/p>\n<\/li>\n<li class=\"\" data-start=\"1695\" data-end=\"1781\">\n<p class=\"\" data-start=\"1697\" data-end=\"1781\">Yasal y\u00fck\u00fcml\u00fcl\u00fcklerin yerine getirilmesi\u200b<\/p>\n<\/li>\n<\/ul>\n<p class=\"\" data-start=\"1783\" data-end=\"1945\"><strong data-start=\"1783\" data-end=\"1813\">3. \u0130\u015flenen Ki\u015fisel Veriler<\/strong><br data-start=\"1813\" data-end=\"1816\" \/>\u0130\u015flenen ki\u015fisel verileriniz, a\u015fa\u011f\u0131dakilerle s\u0131n\u0131rl\u0131 olmamak \u00fczere \u015funlar\u0131 i\u00e7erebilir:\u200b<\/p>\n<ul data-start=\"1947\" data-end=\"2311\">\n<li class=\"\" data-start=\"1947\" data-end=\"2005\">\n<p class=\"\" data-start=\"1949\" data-end=\"2005\">Kimlik bilgileri (ad, soyad, T.C. kimlik numaras\u0131 vb.)<\/p>\n<\/li>\n<li class=\"\" data-start=\"2006\" data-end=\"2074\">\n<p class=\"\" data-start=\"2008\" data-end=\"2074\">\u0130leti\u015fim bilgileri (adres, telefon numaras\u0131, e-posta adresi vb.)<\/p>\n<\/li>\n<li class=\"\" data-start=\"2075\" data-end=\"2142\">\n<p class=\"\" data-start=\"2077\" data-end=\"2142\">Finansal bilgiler (banka hesap bilgileri, fatura bilgileri vb.)<\/p>\n<\/li>\n<li class=\"\" data-start=\"2143\" data-end=\"2215\">\n<p class=\"\" data-start=\"2145\" data-end=\"2215\">M\u00fc\u015fteri i\u015flem bilgileri (sipari\u015f bilgileri, talep ve \u015fikayetler vb.)<\/p>\n<\/li>\n<li class=\"\" data-start=\"2216\" data-end=\"2311\">\n<p class=\"\" data-start=\"2218\" data-end=\"2311\">G\u00f6rsel ve i\u015fitsel kay\u0131tlar (kamera kay\u0131tlar\u0131 vb.)\u200b<\/p>\n<\/li>\n<\/ul>\n<p class=\"\" data-start=\"2313\" data-end=\"2651\"><strong data-start=\"2313\" data-end=\"2371\">4. Ki\u015fisel Verilerin Toplanma Y\u00f6ntemi ve Hukuki Sebebi<\/strong><br data-start=\"2371\" data-end=\"2374\" \/>Ki\u015fisel verileriniz; web sitemiz, e-posta, telefon, fiziki formlar, s\u00f6zle\u015fmeler ve benzeri yollarla elektronik veya fiziki ortamda toplanmaktad\u0131r. Bu veriler, KVKK&#8217;n\u0131n 5. ve 6. maddelerinde belirtilen hukuki sebeplerle i\u015flenmektedir.\u200b<\/p>\n<p class=\"\" data-start=\"2653\" data-end=\"2842\"><strong data-start=\"2653\" data-end=\"2689\">5. Ki\u015fisel Verilerin Aktar\u0131lmas\u0131<\/strong><br data-start=\"2689\" data-end=\"2692\" \/>Ki\u015fisel verileriniz, KVKK&#8217;n\u0131n 8. ve 9. maddelerinde belirtilen ki\u015fisel veri aktar\u0131m \u015fartlar\u0131 \u00e7er\u00e7evesinde;\u200b<\/p>\n<ul data-start=\"2844\" data-end=\"3001\">\n<li class=\"\" data-start=\"2885\" data-end=\"2925\">\n<p class=\"\" data-start=\"2887\" data-end=\"2925\">Yetkili kamu kurum ve kurulu\u015flar\u0131na,<\/p>\n<\/li>\n<li class=\"\" data-start=\"2926\" data-end=\"3001\">\n<p class=\"\" data-start=\"2928\" data-end=\"3001\">Hukuken yetkili \u00f6zel ki\u015filere\u200b<\/p>\n<\/li>\n<\/ul>\n<p class=\"\" data-start=\"3003\" data-end=\"3109\">belirtilen ama\u00e7larla s\u0131n\u0131rl\u0131 olmak \u00fczere aktar\u0131labilecektir.\u200b<\/p>\n<p class=\"\" data-start=\"3111\" data-end=\"3285\"><strong data-start=\"3111\" data-end=\"3140\">6. \u0130lgili Ki\u015finin Haklar\u0131<\/strong><br data-start=\"3140\" data-end=\"3143\" \/>KVKK&#8217;n\u0131n 11. maddesi uyar\u0131nca, ki\u015fisel verilerinizle ilgili olarak a\u015fa\u011f\u0131daki haklara sahipsiniz:\u200b<\/p>\n<ul data-start=\"3287\" data-end=\"4155\">\n<li class=\"\" data-start=\"3287\" data-end=\"3333\">\n<p class=\"\" data-start=\"3289\" data-end=\"3333\">Ki\u015fisel veri i\u015flenip i\u015flenmedi\u011fini \u00f6\u011frenme<\/p>\n<\/li>\n<li class=\"\" data-start=\"3334\" data-end=\"3394\">\n<p class=\"\" data-start=\"3336\" data-end=\"3394\">Ki\u015fisel veriler i\u015flenmi\u015fse buna ili\u015fkin bilgi talep etme<\/p>\n<\/li>\n<li class=\"\" data-start=\"3395\" data-end=\"3494\">\n<p class=\"\" data-start=\"3397\" data-end=\"3494\">Ki\u015fisel verilerin i\u015flenme amac\u0131n\u0131 ve bunlar\u0131n amac\u0131na uygun kullan\u0131l\u0131p kullan\u0131lmad\u0131\u011f\u0131n\u0131 \u00f6\u011frenme<\/p>\n<\/li>\n<li class=\"\" data-start=\"3495\" data-end=\"3580\">\n<p class=\"\" data-start=\"3497\" data-end=\"3580\">Yurt i\u00e7inde veya yurt d\u0131\u015f\u0131nda ki\u015fisel verilerin aktar\u0131ld\u0131\u011f\u0131 \u00fc\u00e7\u00fcnc\u00fc ki\u015fileri bilme<\/p>\n<\/li>\n<li class=\"\" data-start=\"3581\" data-end=\"3675\">\n<p class=\"\" data-start=\"3583\" data-end=\"3675\">Ki\u015fisel verilerin eksik veya yanl\u0131\u015f i\u015flenmi\u015f olmas\u0131 h\u00e2linde bunlar\u0131n d\u00fczeltilmesini isteme<\/p>\n<\/li>\n<li class=\"\" data-start=\"3676\" data-end=\"3757\">\n<p class=\"\" data-start=\"3678\" data-end=\"3757\">KVKK\u2019ya uygun olarak ki\u015fisel verilerin silinmesini veya yok edilmesini isteme<\/p>\n<\/li>\n<li class=\"\" data-start=\"3758\" data-end=\"3843\">\n<p class=\"\" data-start=\"3760\" data-end=\"3843\">Bu i\u015flemlerin ki\u015fisel verilerin aktar\u0131ld\u0131\u011f\u0131 \u00fc\u00e7\u00fcnc\u00fc ki\u015filere bildirilmesini isteme<\/p>\n<\/li>\n<li class=\"\" data-start=\"3844\" data-end=\"3991\">\n<p class=\"\" data-start=\"3846\" data-end=\"3991\">\u0130\u015flenen verilerin m\u00fcnhas\u0131ran otomatik sistemler vas\u0131tas\u0131yla analiz edilmesi suretiyle ki\u015finin aleyhine bir sonucun ortaya \u00e7\u0131kmas\u0131na itiraz etme<\/p>\n<\/li>\n<li class=\"\" data-start=\"3992\" data-end=\"4155\">\n<p class=\"\" data-start=\"3994\" data-end=\"4155\">Ki\u015fisel verilerin kanuna ayk\u0131r\u0131 olarak i\u015flenmesi sebebiyle zarara u\u011framas\u0131 h\u00e2linde zarar\u0131n giderilmesini talep etme\u200b<\/p>\n<\/li>\n<\/ul>\n<p class=\"\" data-start=\"4157\" data-end=\"4412\">Bu haklar\u0131n\u0131za ili\u015fkin taleplerinizi, \u015firketimizin yukar\u0131da belirtilen ileti\u015fim bilgileri arac\u0131l\u0131\u011f\u0131yla yaz\u0131l\u0131 olarak veya Ki\u015fisel Verileri Koruma Kurumu taraf\u0131ndan belirlenen di\u011fer y\u00f6ntemlerle iletebilirsiniz.\u200b<\/p>\n<p><\/p>","protected":false},"excerpt":{"rendered":"<p>PULSAR K\u0130MYA SANAY\u0130 VE T\u0130CARET A.\u015e. 1. Veri Sorumlusunun Kimli\u011fi6698 say\u0131l\u0131 Ki\u015fisel Verilerin Korunmas\u0131 Kanunu (\u201cKVKK\u201d) uyar\u0131nca, ki\u015fisel verileriniz veri sorumlusu s\u0131fat\u0131yla Pulsar Kimya Sanayi ve Ticaret A.\u015e. taraf\u0131ndan a\u015fa\u011f\u0131da a\u00e7\u0131klanan kapsamda i\u015flenebilecektir.\u200b Unvan: Pulsar Kimya Sanayi ve Ticaret A.\u015e. Adres: Gazi, \u00c7atall\u0131 Sk. No:33, 06560 Yenimahalle\/Ankara, T\u00fcrkiye Telefon: +90 312 222 11 66 E-posta: [&hellip;]<\/p>\n","protected":false},"author":5,"featured_media":0,"parent":0,"menu_order":0,"comment_status":"closed","ping_status":"closed","template":"","meta":{"footnotes":""},"class_list":["post-6749","page","type-page","status-publish","hentry"],"yoast_head":"<!-- This site is optimized with the Yoast SEO plugin v24.2 - https:\/\/yoast.com\/wordpress\/plugins\/seo\/ -->\n<title>K\u0130\u015e\u0130SEL VER\u0130LER\u0130N KORUNMASI KANUNU (KVKK) KAPSAMINDA AYDINLATMA METN\u0130 | Pulsar Kimya<\/title>\n<meta name=\"robots\" content=\"index, follow, max-snippet:-1, max-image-preview:large, max-video-preview:-1\" \/>\n<link rel=\"canonical\" href=\"https:\/\/pulsar.com.tr\/kimya\/kvkk\/\" \/>\n<meta property=\"og:locale\" content=\"tr_TR\" \/>\n<meta property=\"og:type\" content=\"article\" \/>\n<meta property=\"og:title\" content=\"[:tr]K\u0130\u015e\u0130SEL VER\u0130LER\u0130N KORUNMASI KANUNU (KVKK) KAPSAMINDA AYDINLATMA METN\u0130[:] | Pulsar Kimya\" \/>\n<meta property=\"og:description\" content=\"PULSAR K\u0130MYA SANAY\u0130 VE T\u0130CARET A.\u015e. 1. Veri Sorumlusunun Kimli\u011fi6698 say\u0131l\u0131 Ki\u015fisel Verilerin Korunmas\u0131 Kanunu (\u201cKVKK\u201d) uyar\u0131nca, ki\u015fisel verileriniz veri sorumlusu s\u0131fat\u0131yla Pulsar Kimya Sanayi ve Ticaret A.\u015e. taraf\u0131ndan a\u015fa\u011f\u0131da a\u00e7\u0131klanan kapsamda i\u015flenebilecektir.\u200b Unvan: Pulsar Kimya Sanayi ve Ticaret A.\u015e. Adres: Gazi, \u00c7atall\u0131 Sk. No:33, 06560 Yenimahalle\/Ankara, T\u00fcrkiye Telefon: +90 312 222 11 66 E-posta: [&hellip;]\" \/>\n<meta property=\"og:url\" content=\"https:\/\/pulsar.com.tr\/kimya\/kvkk\/\" \/>\n<meta property=\"og:site_name\" content=\"Pulsar Kimya\" \/>\n<meta property=\"article:publisher\" content=\"https:\/\/www.facebook.com\/PulsarKimyaSanayi\" \/>\n<meta name=\"twitter:card\" content=\"summary_large_image\" \/>\n<meta name=\"twitter:site\" content=\"@PulsarKimya\" \/>\n<meta name=\"twitter:label1\" content=\"Tahmini okuma s\u00fcresi\" \/>\n\t<meta name=\"twitter:data1\" content=\"3 dakika\" \/>\n<script type=\"application\/ld+json\" class=\"yoast-schema-graph\">{\"@context\":\"https:\/\/schema.org\",\"@graph\":[{\"@type\":\"WebPage\",\"@id\":\"https:\/\/pulsar.com.tr\/kimya\/kvkk\/\",\"url\":\"https:\/\/pulsar.com.tr\/kimya\/kvkk\/\",\"name\":\"[:tr]K\u0130\u015e\u0130SEL VER\u0130LER\u0130N KORUNMASI KANUNU (KVKK) KAPSAMINDA AYDINLATMA METN\u0130[:] | Pulsar Kimya\",\"isPartOf\":{\"@id\":\"https:\/\/pulsar.com.tr\/kimya\/#website\"},\"datePublished\":\"2025-04-25T12:37:43+00:00\",\"dateModified\":\"2025-04-25T12:37:43+00:00\",\"breadcrumb\":{\"@id\":\"https:\/\/pulsar.com.tr\/kimya\/kvkk\/#breadcrumb\"},\"inLanguage\":\"tr\",\"potentialAction\":[{\"@type\":\"ReadAction\",\"target\":[\"https:\/\/pulsar.com.tr\/kimya\/kvkk\/\"]}]},{\"@type\":\"BreadcrumbList\",\"@id\":\"https:\/\/pulsar.com.tr\/kimya\/kvkk\/#breadcrumb\",\"itemListElement\":[{\"@type\":\"ListItem\",\"position\":1,\"name\":\"Ana sayfa\",\"item\":\"https:\/\/pulsar.com.tr\/kimya\/\"},{\"@type\":\"ListItem\",\"position\":2,\"name\":\"K\u0130\u015e\u0130SEL VER\u0130LER\u0130N KORUNMASI KANUNU (KVKK) KAPSAMINDA AYDINLATMA METN\u0130\"}]},{\"@type\":\"WebSite\",\"@id\":\"https:\/\/pulsar.com.tr\/kimya\/#website\",\"url\":\"https:\/\/pulsar.com.tr\/kimya\/\",\"name\":\"Pulsar Kimya\",\"description\":\"\",\"publisher\":{\"@id\":\"https:\/\/pulsar.com.tr\/kimya\/#organization\"},\"potentialAction\":[{\"@type\":\"SearchAction\",\"target\":{\"@type\":\"EntryPoint\",\"urlTemplate\":\"https:\/\/pulsar.com.tr\/kimya\/?s={search_term_string}\"},\"query-input\":{\"@type\":\"PropertyValueSpecification\",\"valueRequired\":true,\"valueName\":\"search_term_string\"}}],\"inLanguage\":\"tr\"},{\"@type\":\"Organization\",\"@id\":\"https:\/\/pulsar.com.tr\/kimya\/#organization\",\"name\":\"Pulsar Kimya Sanayi ve Ticaret A.\u015e.\",\"url\":\"https:\/\/pulsar.com.tr\/kimya\/\",\"logo\":{\"@type\":\"ImageObject\",\"inLanguage\":\"tr\",\"@id\":\"https:\/\/pulsar.com.tr\/kimya\/#\/schema\/logo\/image\/\",\"url\":\"https:\/\/pulsar.com.tr\/kimya\/wp-content\/uploads\/2020\/11\/kimya-logo.png\",\"contentUrl\":\"https:\/\/pulsar.com.tr\/kimya\/wp-content\/uploads\/2020\/11\/kimya-logo.png\",\"width\":153,\"height\":175,\"caption\":\"Pulsar Kimya Sanayi ve Ticaret A.\u015e.\"},\"image\":{\"@id\":\"https:\/\/pulsar.com.tr\/kimya\/#\/schema\/logo\/image\/\"},\"sameAs\":[\"https:\/\/www.facebook.com\/PulsarKimyaSanayi\",\"https:\/\/x.com\/PulsarKimya\",\"https:\/\/www.instagram.com\/pulsarkimya\/\",\"https:\/\/www.linkedin.com\/company\/pulsarkimya\/\",\"https:\/\/www.youtube.com\/channel\/UCSgxLg4VTIotm-9IafHYM5w\"]}]}<\/script>\n<!-- \/ Yoast SEO plugin. -->","yoast_head_json":{"title":"[:tr]K\u0130\u015e\u0130SEL VER\u0130LER\u0130N KORUNMASI KANUNU (KVKK) KAPSAMINDA AYDINLATMA METN\u0130[:] | Pulsar Kimya","robots":{"index":"index","follow":"follow","max-snippet":"max-snippet:-1","max-image-preview":"max-image-preview:large","max-video-preview":"max-video-preview:-1"},"canonical":"https:\/\/pulsar.com.tr\/kimya\/kvkk\/","og_locale":"tr_TR","og_type":"article","og_title":"[:tr]K\u0130\u015e\u0130SEL VER\u0130LER\u0130N KORUNMASI KANUNU (KVKK) KAPSAMINDA AYDINLATMA METN\u0130[:] | Pulsar Kimya","og_description":"PULSAR K\u0130MYA SANAY\u0130 VE T\u0130CARET A.\u015e. 1. Veri Sorumlusunun Kimli\u011fi6698 say\u0131l\u0131 Ki\u015fisel Verilerin Korunmas\u0131 Kanunu (\u201cKVKK\u201d) uyar\u0131nca, ki\u015fisel verileriniz veri sorumlusu s\u0131fat\u0131yla Pulsar Kimya Sanayi ve Ticaret A.\u015e. taraf\u0131ndan a\u015fa\u011f\u0131da a\u00e7\u0131klanan kapsamda i\u015flenebilecektir.\u200b Unvan: Pulsar Kimya Sanayi ve Ticaret A.\u015e. Adres: Gazi, \u00c7atall\u0131 Sk. No:33, 06560 Yenimahalle\/Ankara, T\u00fcrkiye Telefon: +90 312 222 11 66 E-posta: [&hellip;]","og_url":"https:\/\/pulsar.com.tr\/kimya\/kvkk\/","og_site_name":"Pulsar Kimya","article_publisher":"https:\/\/www.facebook.com\/PulsarKimyaSanayi","twitter_card":"summary_large_image","twitter_site":"@PulsarKimya","twitter_misc":{"Tahmini okuma s\u00fcresi":"3 dakika"},"schema":{"@context":"https:\/\/schema.org","@graph":[{"@type":"WebPage","@id":"https:\/\/pulsar.com.tr\/kimya\/kvkk\/","url":"https:\/\/pulsar.com.tr\/kimya\/kvkk\/","name":"[:tr]K\u0130\u015e\u0130SEL VER\u0130LER\u0130N KORUNMASI KANUNU (KVKK) KAPSAMINDA AYDINLATMA METN\u0130[:] | Pulsar Kimya","isPartOf":{"@id":"https:\/\/pulsar.com.tr\/kimya\/#website"},"datePublished":"2025-04-25T12:37:43+00:00","dateModified":"2025-04-25T12:37:43+00:00","breadcrumb":{"@id":"https:\/\/pulsar.com.tr\/kimya\/kvkk\/#breadcrumb"},"inLanguage":"tr","potentialAction":[{"@type":"ReadAction","target":["https:\/\/pulsar.com.tr\/kimya\/kvkk\/"]}]},{"@type":"BreadcrumbList","@id":"https:\/\/pulsar.com.tr\/kimya\/kvkk\/#breadcrumb","itemListElement":[{"@type":"ListItem","position":1,"name":"Ana sayfa","item":"https:\/\/pulsar.com.tr\/kimya\/"},{"@type":"ListItem","position":2,"name":"K\u0130\u015e\u0130SEL VER\u0130LER\u0130N KORUNMASI KANUNU (KVKK) KAPSAMINDA AYDINLATMA METN\u0130"}]},{"@type":"WebSite","@id":"https:\/\/pulsar.com.tr\/kimya\/#website","url":"https:\/\/pulsar.com.tr\/kimya\/","name":"Pulsar Kimya","description":"","publisher":{"@id":"https:\/\/pulsar.com.tr\/kimya\/#organization"},"potentialAction":[{"@type":"SearchAction","target":{"@type":"EntryPoint","urlTemplate":"https:\/\/pulsar.com.tr\/kimya\/?s={search_term_string}"},"query-input":{"@type":"PropertyValueSpecification","valueRequired":true,"valueName":"search_term_string"}}],"inLanguage":"tr"},{"@type":"Organization","@id":"https:\/\/pulsar.com.tr\/kimya\/#organization","name":"Pulsar Kimya Sanayi ve Ticaret A.\u015e.","url":"https:\/\/pulsar.com.tr\/kimya\/","logo":{"@type":"ImageObject","inLanguage":"tr","@id":"https:\/\/pulsar.com.tr\/kimya\/#\/schema\/logo\/image\/","url":"https:\/\/pulsar.com.tr\/kimya\/wp-content\/uploads\/2020\/11\/kimya-logo.png","contentUrl":"https:\/\/pulsar.com.tr\/kimya\/wp-content\/uploads\/2020\/11\/kimya-logo.png","width":153,"height":175,"caption":"Pulsar Kimya Sanayi ve Ticaret A.\u015e."},"image":{"@id":"https:\/\/pulsar.com.tr\/kimya\/#\/schema\/logo\/image\/"},"sameAs":["https:\/\/www.facebook.com\/PulsarKimyaSanayi","https:\/\/x.com\/PulsarKimya","https:\/\/www.instagram.com\/pulsarkimya\/","https:\/\/www.linkedin.com\/company\/pulsarkimya\/","https:\/\/www.youtube.com\/channel\/UCSgxLg4VTIotm-9IafHYM5w"]}]}},"_links":{"self":[{"href":"https:\/\/pulsar.com.tr\/kimya\/wp-json\/wp\/v2\/pages\/6749"}],"collection":[{"href":"https:\/\/pulsar.com.tr\/kimya\/wp-json\/wp\/v2\/pages"}],"about":[{"href":"https:\/\/pulsar.com.tr\/kimya\/wp-json\/wp\/v2\/types\/page"}],"author":[{"embeddable":true,"href":"https:\/\/pulsar.com.tr\/kimya\/wp-json\/wp\/v2\/users\/5"}],"replies":[{"embeddable":true,"href":"https:\/\/pulsar.com.tr\/kimya\/wp-json\/wp\/v2\/comments?post=6749"}],"version-history":[{"count":1,"href":"https:\/\/pulsar.com.tr\/kimya\/wp-json\/wp\/v2\/pages\/6749\/revisions"}],"predecessor-version":[{"id":6750,"href":"https:\/\/pulsar.com.tr\/kimya\/wp-json\/wp\/v2\/pages\/6749\/revisions\/6750"}],"wp:attachment":[{"href":"https:\/\/pulsar.com.tr\/kimya\/wp-json\/wp\/v2\/media?parent=6749"}],"curies":[{"name":"wp","href":"https:\/\/api.w.org\/{rel}","templated":true}]}}