{"id":6376,"date":"2023-02-21T10:06:11","date_gmt":"2023-02-21T10:06:11","guid":{"rendered":"https:\/\/pulsar.com.tr\/kimya\/?page_id=6376"},"modified":"2023-02-27T10:11:47","modified_gmt":"2023-02-27T10:11:47","slug":"yapistirici-sizdirmazlik","status":"publish","type":"page","link":"https:\/\/pulsar.com.tr\/kimya\/yapistirici-sizdirmazlik-2\/","title":{"rendered":"Yap\u0131\u015ft\u0131r\u0131c\u0131 ve S\u0131zd\u0131rmazl\u0131k \u00dcr\u00fcnleri"},"content":{"rendered":"","protected":false},"excerpt":{"rendered":"","protected":false},"author":5,"featured_media":0,"parent":0,"menu_order":0,"comment_status":"closed","ping_status":"closed","template":"","meta":{"footnotes":""},"class_list":["post-6376","page","type-page","status-publish","hentry"],"yoast_head":"<!-- This site is optimized with the Yoast SEO plugin v24.2 - https:\/\/yoast.com\/wordpress\/plugins\/seo\/ -->\n<title>Yap\u0131\u015ft\u0131r\u0131c\u0131 ve S\u0131zd\u0131rmazl\u0131k \u00dcr\u00fcnleri | Pulsar Kimya<\/title>\n<meta name=\"description\" content=\"Amac\u0131n\u0131z kimyasal montaj yolu ile \u00fcr\u00fcn\u00fcn\u00fcz\u00fc iyile\u015ftirmek ise, Pulsar&#039;\u0131n e\u015fsiz yap\u0131\u015ft\u0131rma \u00e7\u00f6z\u00fcmleri ile size yard\u0131mc\u0131 olal\u0131m. Detaylar bir t\u0131k uza\u011f\u0131n\u0131zda...\" \/>\n<meta name=\"robots\" content=\"index, follow, max-snippet:-1, max-image-preview:large, max-video-preview:-1\" \/>\n<link rel=\"canonical\" href=\"https:\/\/pulsar.com.tr\/kimya\/yapistirici-sizdirmazlik-2\/\" \/>\n<meta property=\"og:locale\" content=\"tr_TR\" \/>\n<meta property=\"og:type\" content=\"article\" \/>\n<meta property=\"og:title\" content=\"Yap\u0131\u015ft\u0131r\u0131c\u0131 ve S\u0131zd\u0131rmazl\u0131k \u00dcr\u00fcnleri | Pulsar Kimya\" \/>\n<meta property=\"og:description\" content=\"Amac\u0131n\u0131z kimyasal montaj yolu ile \u00fcr\u00fcn\u00fcn\u00fcz\u00fc iyile\u015ftirmek ise, Pulsar&#039;\u0131n e\u015fsiz yap\u0131\u015ft\u0131rma \u00e7\u00f6z\u00fcmleri ile size yard\u0131mc\u0131 olal\u0131m. Detaylar bir t\u0131k uza\u011f\u0131n\u0131zda...\" \/>\n<meta property=\"og:url\" content=\"https:\/\/pulsar.com.tr\/kimya\/yapistirici-sizdirmazlik-2\/\" \/>\n<meta property=\"og:site_name\" content=\"Pulsar Kimya\" \/>\n<meta property=\"article:publisher\" content=\"https:\/\/www.facebook.com\/PulsarKimyaSanayi\" \/>\n<meta property=\"article:modified_time\" content=\"2023-02-27T10:11:47+00:00\" \/>\n<meta name=\"twitter:card\" content=\"summary_large_image\" \/>\n<meta name=\"twitter:site\" content=\"@PulsarKimya\" \/>\n<script type=\"application\/ld+json\" class=\"yoast-schema-graph\">{\"@context\":\"https:\/\/schema.org\",\"@graph\":[{\"@type\":\"WebPage\",\"@id\":\"https:\/\/pulsar.com.tr\/kimya\/yapistirici-sizdirmazlik-2\/\",\"url\":\"https:\/\/pulsar.com.tr\/kimya\/yapistirici-sizdirmazlik-2\/\",\"name\":\"Yap\u0131\u015ft\u0131r\u0131c\u0131 ve S\u0131zd\u0131rmazl\u0131k \u00dcr\u00fcnleri | Pulsar Kimya\",\"isPartOf\":{\"@id\":\"https:\/\/pulsar.com.tr\/kimya\/#website\"},\"datePublished\":\"2023-02-21T10:06:11+00:00\",\"dateModified\":\"2023-02-27T10:11:47+00:00\",\"description\":\"Amac\u0131n\u0131z kimyasal montaj yolu ile \u00fcr\u00fcn\u00fcn\u00fcz\u00fc iyile\u015ftirmek ise, Pulsar'\u0131n e\u015fsiz yap\u0131\u015ft\u0131rma \u00e7\u00f6z\u00fcmleri ile size yard\u0131mc\u0131 olal\u0131m. Detaylar bir t\u0131k uza\u011f\u0131n\u0131zda...\",\"breadcrumb\":{\"@id\":\"https:\/\/pulsar.com.tr\/kimya\/yapistirici-sizdirmazlik-2\/#breadcrumb\"},\"inLanguage\":\"tr\",\"potentialAction\":[{\"@type\":\"ReadAction\",\"target\":[\"https:\/\/pulsar.com.tr\/kimya\/yapistirici-sizdirmazlik-2\/\"]}]},{\"@type\":\"BreadcrumbList\",\"@id\":\"https:\/\/pulsar.com.tr\/kimya\/yapistirici-sizdirmazlik-2\/#breadcrumb\",\"itemListElement\":[{\"@type\":\"ListItem\",\"position\":1,\"name\":\"Ana sayfa\",\"item\":\"https:\/\/pulsar.com.tr\/kimya\/\"},{\"@type\":\"ListItem\",\"position\":2,\"name\":\"Yap\u0131\u015ft\u0131r\u0131c\u0131 ve S\u0131zd\u0131rmazl\u0131k \u00dcr\u00fcnleri\"}]},{\"@type\":\"WebSite\",\"@id\":\"https:\/\/pulsar.com.tr\/kimya\/#website\",\"url\":\"https:\/\/pulsar.com.tr\/kimya\/\",\"name\":\"Pulsar Kimya\",\"description\":\"\",\"publisher\":{\"@id\":\"https:\/\/pulsar.com.tr\/kimya\/#organization\"},\"potentialAction\":[{\"@type\":\"SearchAction\",\"target\":{\"@type\":\"EntryPoint\",\"urlTemplate\":\"https:\/\/pulsar.com.tr\/kimya\/?s={search_term_string}\"},\"query-input\":{\"@type\":\"PropertyValueSpecification\",\"valueRequired\":true,\"valueName\":\"search_term_string\"}}],\"inLanguage\":\"tr\"},{\"@type\":\"Organization\",\"@id\":\"https:\/\/pulsar.com.tr\/kimya\/#organization\",\"name\":\"Pulsar Kimya Sanayi ve Ticaret A.\u015e.\",\"url\":\"https:\/\/pulsar.com.tr\/kimya\/\",\"logo\":{\"@type\":\"ImageObject\",\"inLanguage\":\"tr\",\"@id\":\"https:\/\/pulsar.com.tr\/kimya\/#\/schema\/logo\/image\/\",\"url\":\"https:\/\/pulsar.com.tr\/kimya\/wp-content\/uploads\/2020\/11\/kimya-logo.png\",\"contentUrl\":\"https:\/\/pulsar.com.tr\/kimya\/wp-content\/uploads\/2020\/11\/kimya-logo.png\",\"width\":153,\"height\":175,\"caption\":\"Pulsar Kimya Sanayi ve Ticaret A.\u015e.\"},\"image\":{\"@id\":\"https:\/\/pulsar.com.tr\/kimya\/#\/schema\/logo\/image\/\"},\"sameAs\":[\"https:\/\/www.facebook.com\/PulsarKimyaSanayi\",\"https:\/\/x.com\/PulsarKimya\",\"https:\/\/www.instagram.com\/pulsarkimya\/\",\"https:\/\/www.linkedin.com\/company\/pulsarkimya\/\",\"https:\/\/www.youtube.com\/channel\/UCSgxLg4VTIotm-9IafHYM5w\"]}]}<\/script>\n<!-- \/ Yoast SEO plugin. -->","yoast_head_json":{"title":"Yap\u0131\u015ft\u0131r\u0131c\u0131 ve S\u0131zd\u0131rmazl\u0131k \u00dcr\u00fcnleri | Pulsar Kimya","description":"Amac\u0131n\u0131z kimyasal montaj yolu ile \u00fcr\u00fcn\u00fcn\u00fcz\u00fc iyile\u015ftirmek ise, Pulsar'\u0131n e\u015fsiz yap\u0131\u015ft\u0131rma \u00e7\u00f6z\u00fcmleri ile size yard\u0131mc\u0131 olal\u0131m. Detaylar bir t\u0131k uza\u011f\u0131n\u0131zda...","robots":{"index":"index","follow":"follow","max-snippet":"max-snippet:-1","max-image-preview":"max-image-preview:large","max-video-preview":"max-video-preview:-1"},"canonical":"https:\/\/pulsar.com.tr\/kimya\/yapistirici-sizdirmazlik-2\/","og_locale":"tr_TR","og_type":"article","og_title":"Yap\u0131\u015ft\u0131r\u0131c\u0131 ve S\u0131zd\u0131rmazl\u0131k \u00dcr\u00fcnleri | Pulsar Kimya","og_description":"Amac\u0131n\u0131z kimyasal montaj yolu ile \u00fcr\u00fcn\u00fcn\u00fcz\u00fc iyile\u015ftirmek ise, Pulsar'\u0131n e\u015fsiz yap\u0131\u015ft\u0131rma \u00e7\u00f6z\u00fcmleri ile size yard\u0131mc\u0131 olal\u0131m. Detaylar bir t\u0131k uza\u011f\u0131n\u0131zda...","og_url":"https:\/\/pulsar.com.tr\/kimya\/yapistirici-sizdirmazlik-2\/","og_site_name":"Pulsar Kimya","article_publisher":"https:\/\/www.facebook.com\/PulsarKimyaSanayi","article_modified_time":"2023-02-27T10:11:47+00:00","twitter_card":"summary_large_image","twitter_site":"@PulsarKimya","schema":{"@context":"https:\/\/schema.org","@graph":[{"@type":"WebPage","@id":"https:\/\/pulsar.com.tr\/kimya\/yapistirici-sizdirmazlik-2\/","url":"https:\/\/pulsar.com.tr\/kimya\/yapistirici-sizdirmazlik-2\/","name":"Yap\u0131\u015ft\u0131r\u0131c\u0131 ve S\u0131zd\u0131rmazl\u0131k \u00dcr\u00fcnleri | Pulsar Kimya","isPartOf":{"@id":"https:\/\/pulsar.com.tr\/kimya\/#website"},"datePublished":"2023-02-21T10:06:11+00:00","dateModified":"2023-02-27T10:11:47+00:00","description":"Amac\u0131n\u0131z kimyasal montaj yolu ile \u00fcr\u00fcn\u00fcn\u00fcz\u00fc iyile\u015ftirmek ise, Pulsar'\u0131n e\u015fsiz yap\u0131\u015ft\u0131rma \u00e7\u00f6z\u00fcmleri ile size yard\u0131mc\u0131 olal\u0131m. Detaylar bir t\u0131k uza\u011f\u0131n\u0131zda...","breadcrumb":{"@id":"https:\/\/pulsar.com.tr\/kimya\/yapistirici-sizdirmazlik-2\/#breadcrumb"},"inLanguage":"tr","potentialAction":[{"@type":"ReadAction","target":["https:\/\/pulsar.com.tr\/kimya\/yapistirici-sizdirmazlik-2\/"]}]},{"@type":"BreadcrumbList","@id":"https:\/\/pulsar.com.tr\/kimya\/yapistirici-sizdirmazlik-2\/#breadcrumb","itemListElement":[{"@type":"ListItem","position":1,"name":"Ana sayfa","item":"https:\/\/pulsar.com.tr\/kimya\/"},{"@type":"ListItem","position":2,"name":"Yap\u0131\u015ft\u0131r\u0131c\u0131 ve S\u0131zd\u0131rmazl\u0131k \u00dcr\u00fcnleri"}]},{"@type":"WebSite","@id":"https:\/\/pulsar.com.tr\/kimya\/#website","url":"https:\/\/pulsar.com.tr\/kimya\/","name":"Pulsar Kimya","description":"","publisher":{"@id":"https:\/\/pulsar.com.tr\/kimya\/#organization"},"potentialAction":[{"@type":"SearchAction","target":{"@type":"EntryPoint","urlTemplate":"https:\/\/pulsar.com.tr\/kimya\/?s={search_term_string}"},"query-input":{"@type":"PropertyValueSpecification","valueRequired":true,"valueName":"search_term_string"}}],"inLanguage":"tr"},{"@type":"Organization","@id":"https:\/\/pulsar.com.tr\/kimya\/#organization","name":"Pulsar Kimya Sanayi ve Ticaret A.\u015e.","url":"https:\/\/pulsar.com.tr\/kimya\/","logo":{"@type":"ImageObject","inLanguage":"tr","@id":"https:\/\/pulsar.com.tr\/kimya\/#\/schema\/logo\/image\/","url":"https:\/\/pulsar.com.tr\/kimya\/wp-content\/uploads\/2020\/11\/kimya-logo.png","contentUrl":"https:\/\/pulsar.com.tr\/kimya\/wp-content\/uploads\/2020\/11\/kimya-logo.png","width":153,"height":175,"caption":"Pulsar Kimya Sanayi ve Ticaret A.\u015e."},"image":{"@id":"https:\/\/pulsar.com.tr\/kimya\/#\/schema\/logo\/image\/"},"sameAs":["https:\/\/www.facebook.com\/PulsarKimyaSanayi","https:\/\/x.com\/PulsarKimya","https:\/\/www.instagram.com\/pulsarkimya\/","https:\/\/www.linkedin.com\/company\/pulsarkimya\/","https:\/\/www.youtube.com\/channel\/UCSgxLg4VTIotm-9IafHYM5w"]}]}},"_links":{"self":[{"href":"https:\/\/pulsar.com.tr\/kimya\/wp-json\/wp\/v2\/pages\/6376"}],"collection":[{"href":"https:\/\/pulsar.com.tr\/kimya\/wp-json\/wp\/v2\/pages"}],"about":[{"href":"https:\/\/pulsar.com.tr\/kimya\/wp-json\/wp\/v2\/types\/page"}],"author":[{"embeddable":true,"href":"https:\/\/pulsar.com.tr\/kimya\/wp-json\/wp\/v2\/users\/5"}],"replies":[{"embeddable":true,"href":"https:\/\/pulsar.com.tr\/kimya\/wp-json\/wp\/v2\/comments?post=6376"}],"version-history":[{"count":1,"href":"https:\/\/pulsar.com.tr\/kimya\/wp-json\/wp\/v2\/pages\/6376\/revisions"}],"predecessor-version":[{"id":6377,"href":"https:\/\/pulsar.com.tr\/kimya\/wp-json\/wp\/v2\/pages\/6376\/revisions\/6377"}],"wp:attachment":[{"href":"https:\/\/pulsar.com.tr\/kimya\/wp-json\/wp\/v2\/media?parent=6376"}],"curies":[{"name":"wp","href":"https:\/\/api.w.org\/{rel}","templated":true}]}}