{"id":6302,"date":"2022-11-18T07:42:10","date_gmt":"2022-11-18T07:42:10","guid":{"rendered":"https:\/\/pulsar.com.tr\/kimya\/?page_id=6302"},"modified":"2022-11-18T07:43:49","modified_gmt":"2022-11-18T07:43:49","slug":"genel-basvuru","status":"publish","type":"page","link":"https:\/\/pulsar.com.tr\/kimya\/genel-basvuru\/","title":{"rendered":"Genel Ba\u015fvuru"},"content":{"rendered":"<p><\/p>\n<p class=\"ff-ssp-semibold\">Pulsar Kimya, gen\u00e7 ve dinamik ekibiyle h\u0131zla b\u00fcy\u00fcyen bir <strong>End\u00fcstriyel \u0130leri Teknoloji \u015eirketidir.<\/strong><\/p>\n<p>&nbsp;<\/p>\n<p>Konusunda D\u00fcnya&#8217; n\u0131n en \u00f6nde gelen markalar\u0131yla omuz omuza \u00e7al\u0131\u015farak, T\u00fcrkiye i\u00e7inde ve d\u0131\u015f\u0131nda partnerlerimizin\u00a0<strong>daha h\u0131zl\u0131, daha verimli ve daha kaliteli\u00a0<\/strong>\u00fcretim yapabilmeleri i\u00e7in\u00a0<strong>bilgimizi ve deneyimimizi\u00a0<\/strong>kullan\u0131yoruz.<\/p>\n<p class=\"ff-ssp-semibold\"><strong>\u00d6nceli\u011fimiz, m\u00fchendislik \u00e7\u00f6z\u00fcmleri yaratmakt\u0131r.<\/strong><\/p>\n<p>&nbsp;<\/p>\n<p><strong>Yarat\u0131c\u0131 fikirlerini kullanabilece\u011finiz bir ortamda bizimle \u00e7al\u0131\u015fmak ister misiniz?<\/strong><\/p>\n<p>&nbsp;<\/p>\n<p><strong>K\u00fc\u00e7\u00fck bir Not:\u00a0<\/strong>Ba\u015fvurunuzu \u00f6nyaz\u0131 ve foto\u011fraf ile yaparak bize,\u00a0sizi daha yak\u0131ndan tan\u0131ma f\u0131rsat\u0131 verebilirsiniz.<\/p>","protected":false},"excerpt":{"rendered":"<p>Pulsar Kimya, gen\u00e7 ve dinamik ekibiyle h\u0131zla b\u00fcy\u00fcyen bir End\u00fcstriyel \u0130leri Teknoloji \u015eirketidir. &nbsp; Konusunda D\u00fcnya&#8217; n\u0131n en \u00f6nde gelen markalar\u0131yla omuz omuza \u00e7al\u0131\u015farak, T\u00fcrkiye i\u00e7inde ve d\u0131\u015f\u0131nda partnerlerimizin\u00a0daha h\u0131zl\u0131, daha verimli ve daha kaliteli\u00a0\u00fcretim yapabilmeleri i\u00e7in\u00a0bilgimizi ve deneyimimizi\u00a0kullan\u0131yoruz. \u00d6nceli\u011fimiz, m\u00fchendislik \u00e7\u00f6z\u00fcmleri yaratmakt\u0131r. &nbsp; Yarat\u0131c\u0131 fikirlerini kullanabilece\u011finiz bir ortamda bizimle \u00e7al\u0131\u015fmak ister misiniz? &nbsp; K\u00fc\u00e7\u00fck [&hellip;]<\/p>\n","protected":false},"author":5,"featured_media":0,"parent":0,"menu_order":0,"comment_status":"open","ping_status":"open","template":"","meta":{"footnotes":""},"class_list":["post-6302","page","type-page","status-publish","hentry"],"yoast_head":"<!-- This site is optimized with the Yoast SEO plugin v24.2 - https:\/\/yoast.com\/wordpress\/plugins\/seo\/ -->\n<title>Genel Ba\u015fvuru | Pulsar Kimya | \u0130nsan Kaynaklar\u0131<\/title>\n<meta name=\"description\" content=\"Portf\u00f6y\u00fcm\u00fczde bulunan \u00fcr\u00fcnlerin, m\u00fc\u015fterilerimize tan\u0131t\u0131m ve sat\u0131\u015f\u0131n\u0131 yapacak, yenilik\u00e7i \u00e7\u00f6z\u00fcmler \u00fcretecek tak\u0131m arkada\u015flar\u0131 ar\u0131yoruz...\" \/>\n<meta name=\"robots\" content=\"index, follow, max-snippet:-1, max-image-preview:large, max-video-preview:-1\" \/>\n<link rel=\"canonical\" href=\"https:\/\/pulsar.com.tr\/kimya\/genel-basvuru\/\" \/>\n<meta property=\"og:locale\" content=\"tr_TR\" \/>\n<meta property=\"og:type\" content=\"article\" \/>\n<meta property=\"og:title\" content=\"[:tr]Genel Ba\u015fvuru[:en]Teknik Sat\u0131\u015f Sorumlusu[:ru]Teknik Sat\u0131\u015f Sorumlusu[:] | Pulsar Kimya | \u0130nsan Kaynaklar\u0131\" \/>\n<meta property=\"og:description\" content=\"Portf\u00f6y\u00fcm\u00fczde bulunan \u00fcr\u00fcnlerin, m\u00fc\u015fterilerimize tan\u0131t\u0131m ve sat\u0131\u015f\u0131n\u0131 yapacak, yenilik\u00e7i \u00e7\u00f6z\u00fcmler \u00fcretecek tak\u0131m arkada\u015flar\u0131 ar\u0131yoruz...\" \/>\n<meta property=\"og:url\" content=\"https:\/\/pulsar.com.tr\/kimya\/genel-basvuru\/\" \/>\n<meta property=\"og:site_name\" content=\"Pulsar Kimya\" \/>\n<meta property=\"article:publisher\" content=\"https:\/\/www.facebook.com\/PulsarKimyaSanayi\" \/>\n<meta property=\"article:modified_time\" content=\"2022-11-18T07:43:49+00:00\" \/>\n<meta name=\"twitter:card\" content=\"summary_large_image\" \/>\n<meta name=\"twitter:site\" content=\"@PulsarKimya\" \/>\n<meta name=\"twitter:label1\" content=\"Tahmini okuma s\u00fcresi\" \/>\n\t<meta name=\"twitter:data1\" content=\"2 dakika\" \/>\n<script type=\"application\/ld+json\" class=\"yoast-schema-graph\">{\"@context\":\"https:\/\/schema.org\",\"@graph\":[{\"@type\":\"WebPage\",\"@id\":\"https:\/\/pulsar.com.tr\/kimya\/genel-basvuru\/\",\"url\":\"https:\/\/pulsar.com.tr\/kimya\/genel-basvuru\/\",\"name\":\"[:tr]Genel Ba\u015fvuru[:en]Teknik Sat\u0131\u015f Sorumlusu[:ru]Teknik Sat\u0131\u015f Sorumlusu[:] | Pulsar Kimya | \u0130nsan Kaynaklar\u0131\",\"isPartOf\":{\"@id\":\"https:\/\/pulsar.com.tr\/kimya\/#website\"},\"datePublished\":\"2022-11-18T07:42:10+00:00\",\"dateModified\":\"2022-11-18T07:43:49+00:00\",\"description\":\"Portf\u00f6y\u00fcm\u00fczde bulunan \u00fcr\u00fcnlerin, m\u00fc\u015fterilerimize tan\u0131t\u0131m ve sat\u0131\u015f\u0131n\u0131 yapacak, yenilik\u00e7i \u00e7\u00f6z\u00fcmler \u00fcretecek tak\u0131m arkada\u015flar\u0131 ar\u0131yoruz...\",\"breadcrumb\":{\"@id\":\"https:\/\/pulsar.com.tr\/kimya\/genel-basvuru\/#breadcrumb\"},\"inLanguage\":\"tr\",\"potentialAction\":[{\"@type\":\"ReadAction\",\"target\":[\"https:\/\/pulsar.com.tr\/kimya\/genel-basvuru\/\"]}]},{\"@type\":\"BreadcrumbList\",\"@id\":\"https:\/\/pulsar.com.tr\/kimya\/genel-basvuru\/#breadcrumb\",\"itemListElement\":[{\"@type\":\"ListItem\",\"position\":1,\"name\":\"Ana sayfa\",\"item\":\"https:\/\/pulsar.com.tr\/kimya\/\"},{\"@type\":\"ListItem\",\"position\":2,\"name\":\"Genel Ba\u015fvuru\"}]},{\"@type\":\"WebSite\",\"@id\":\"https:\/\/pulsar.com.tr\/kimya\/#website\",\"url\":\"https:\/\/pulsar.com.tr\/kimya\/\",\"name\":\"Pulsar Kimya\",\"description\":\"\",\"publisher\":{\"@id\":\"https:\/\/pulsar.com.tr\/kimya\/#organization\"},\"potentialAction\":[{\"@type\":\"SearchAction\",\"target\":{\"@type\":\"EntryPoint\",\"urlTemplate\":\"https:\/\/pulsar.com.tr\/kimya\/?s={search_term_string}\"},\"query-input\":{\"@type\":\"PropertyValueSpecification\",\"valueRequired\":true,\"valueName\":\"search_term_string\"}}],\"inLanguage\":\"tr\"},{\"@type\":\"Organization\",\"@id\":\"https:\/\/pulsar.com.tr\/kimya\/#organization\",\"name\":\"Pulsar Kimya Sanayi ve Ticaret A.\u015e.\",\"url\":\"https:\/\/pulsar.com.tr\/kimya\/\",\"logo\":{\"@type\":\"ImageObject\",\"inLanguage\":\"tr\",\"@id\":\"https:\/\/pulsar.com.tr\/kimya\/#\/schema\/logo\/image\/\",\"url\":\"https:\/\/pulsar.com.tr\/kimya\/wp-content\/uploads\/2020\/11\/kimya-logo.png\",\"contentUrl\":\"https:\/\/pulsar.com.tr\/kimya\/wp-content\/uploads\/2020\/11\/kimya-logo.png\",\"width\":153,\"height\":175,\"caption\":\"Pulsar Kimya Sanayi ve Ticaret A.\u015e.\"},\"image\":{\"@id\":\"https:\/\/pulsar.com.tr\/kimya\/#\/schema\/logo\/image\/\"},\"sameAs\":[\"https:\/\/www.facebook.com\/PulsarKimyaSanayi\",\"https:\/\/x.com\/PulsarKimya\",\"https:\/\/www.instagram.com\/pulsarkimya\/\",\"https:\/\/www.linkedin.com\/company\/pulsarkimya\/\",\"https:\/\/www.youtube.com\/channel\/UCSgxLg4VTIotm-9IafHYM5w\"]}]}<\/script>\n<!-- \/ Yoast SEO plugin. -->","yoast_head_json":{"title":"[:tr]Genel Ba\u015fvuru[:en]Teknik Sat\u0131\u015f Sorumlusu[:ru]Teknik Sat\u0131\u015f Sorumlusu[:] | Pulsar Kimya | \u0130nsan Kaynaklar\u0131","description":"Portf\u00f6y\u00fcm\u00fczde bulunan \u00fcr\u00fcnlerin, m\u00fc\u015fterilerimize tan\u0131t\u0131m ve sat\u0131\u015f\u0131n\u0131 yapacak, yenilik\u00e7i \u00e7\u00f6z\u00fcmler \u00fcretecek tak\u0131m arkada\u015flar\u0131 ar\u0131yoruz...","robots":{"index":"index","follow":"follow","max-snippet":"max-snippet:-1","max-image-preview":"max-image-preview:large","max-video-preview":"max-video-preview:-1"},"canonical":"https:\/\/pulsar.com.tr\/kimya\/genel-basvuru\/","og_locale":"tr_TR","og_type":"article","og_title":"[:tr]Genel Ba\u015fvuru[:en]Teknik Sat\u0131\u015f Sorumlusu[:ru]Teknik Sat\u0131\u015f Sorumlusu[:] | Pulsar Kimya | \u0130nsan Kaynaklar\u0131","og_description":"Portf\u00f6y\u00fcm\u00fczde bulunan \u00fcr\u00fcnlerin, m\u00fc\u015fterilerimize tan\u0131t\u0131m ve sat\u0131\u015f\u0131n\u0131 yapacak, yenilik\u00e7i \u00e7\u00f6z\u00fcmler \u00fcretecek tak\u0131m arkada\u015flar\u0131 ar\u0131yoruz...","og_url":"https:\/\/pulsar.com.tr\/kimya\/genel-basvuru\/","og_site_name":"Pulsar Kimya","article_publisher":"https:\/\/www.facebook.com\/PulsarKimyaSanayi","article_modified_time":"2022-11-18T07:43:49+00:00","twitter_card":"summary_large_image","twitter_site":"@PulsarKimya","twitter_misc":{"Tahmini okuma s\u00fcresi":"2 dakika"},"schema":{"@context":"https:\/\/schema.org","@graph":[{"@type":"WebPage","@id":"https:\/\/pulsar.com.tr\/kimya\/genel-basvuru\/","url":"https:\/\/pulsar.com.tr\/kimya\/genel-basvuru\/","name":"[:tr]Genel Ba\u015fvuru[:en]Teknik Sat\u0131\u015f Sorumlusu[:ru]Teknik Sat\u0131\u015f Sorumlusu[:] | Pulsar Kimya | \u0130nsan Kaynaklar\u0131","isPartOf":{"@id":"https:\/\/pulsar.com.tr\/kimya\/#website"},"datePublished":"2022-11-18T07:42:10+00:00","dateModified":"2022-11-18T07:43:49+00:00","description":"Portf\u00f6y\u00fcm\u00fczde bulunan \u00fcr\u00fcnlerin, m\u00fc\u015fterilerimize tan\u0131t\u0131m ve sat\u0131\u015f\u0131n\u0131 yapacak, yenilik\u00e7i \u00e7\u00f6z\u00fcmler \u00fcretecek tak\u0131m arkada\u015flar\u0131 ar\u0131yoruz...","breadcrumb":{"@id":"https:\/\/pulsar.com.tr\/kimya\/genel-basvuru\/#breadcrumb"},"inLanguage":"tr","potentialAction":[{"@type":"ReadAction","target":["https:\/\/pulsar.com.tr\/kimya\/genel-basvuru\/"]}]},{"@type":"BreadcrumbList","@id":"https:\/\/pulsar.com.tr\/kimya\/genel-basvuru\/#breadcrumb","itemListElement":[{"@type":"ListItem","position":1,"name":"Ana sayfa","item":"https:\/\/pulsar.com.tr\/kimya\/"},{"@type":"ListItem","position":2,"name":"Genel Ba\u015fvuru"}]},{"@type":"WebSite","@id":"https:\/\/pulsar.com.tr\/kimya\/#website","url":"https:\/\/pulsar.com.tr\/kimya\/","name":"Pulsar Kimya","description":"","publisher":{"@id":"https:\/\/pulsar.com.tr\/kimya\/#organization"},"potentialAction":[{"@type":"SearchAction","target":{"@type":"EntryPoint","urlTemplate":"https:\/\/pulsar.com.tr\/kimya\/?s={search_term_string}"},"query-input":{"@type":"PropertyValueSpecification","valueRequired":true,"valueName":"search_term_string"}}],"inLanguage":"tr"},{"@type":"Organization","@id":"https:\/\/pulsar.com.tr\/kimya\/#organization","name":"Pulsar Kimya Sanayi ve Ticaret A.\u015e.","url":"https:\/\/pulsar.com.tr\/kimya\/","logo":{"@type":"ImageObject","inLanguage":"tr","@id":"https:\/\/pulsar.com.tr\/kimya\/#\/schema\/logo\/image\/","url":"https:\/\/pulsar.com.tr\/kimya\/wp-content\/uploads\/2020\/11\/kimya-logo.png","contentUrl":"https:\/\/pulsar.com.tr\/kimya\/wp-content\/uploads\/2020\/11\/kimya-logo.png","width":153,"height":175,"caption":"Pulsar Kimya Sanayi ve Ticaret A.\u015e."},"image":{"@id":"https:\/\/pulsar.com.tr\/kimya\/#\/schema\/logo\/image\/"},"sameAs":["https:\/\/www.facebook.com\/PulsarKimyaSanayi","https:\/\/x.com\/PulsarKimya","https:\/\/www.instagram.com\/pulsarkimya\/","https:\/\/www.linkedin.com\/company\/pulsarkimya\/","https:\/\/www.youtube.com\/channel\/UCSgxLg4VTIotm-9IafHYM5w"]}]}},"_links":{"self":[{"href":"https:\/\/pulsar.com.tr\/kimya\/wp-json\/wp\/v2\/pages\/6302"}],"collection":[{"href":"https:\/\/pulsar.com.tr\/kimya\/wp-json\/wp\/v2\/pages"}],"about":[{"href":"https:\/\/pulsar.com.tr\/kimya\/wp-json\/wp\/v2\/types\/page"}],"author":[{"embeddable":true,"href":"https:\/\/pulsar.com.tr\/kimya\/wp-json\/wp\/v2\/users\/5"}],"replies":[{"embeddable":true,"href":"https:\/\/pulsar.com.tr\/kimya\/wp-json\/wp\/v2\/comments?post=6302"}],"version-history":[{"count":1,"href":"https:\/\/pulsar.com.tr\/kimya\/wp-json\/wp\/v2\/pages\/6302\/revisions"}],"predecessor-version":[{"id":6303,"href":"https:\/\/pulsar.com.tr\/kimya\/wp-json\/wp\/v2\/pages\/6302\/revisions\/6303"}],"wp:attachment":[{"href":"https:\/\/pulsar.com.tr\/kimya\/wp-json\/wp\/v2\/media?parent=6302"}],"curies":[{"name":"wp","href":"https:\/\/api.w.org\/{rel}","templated":true}]}}