{"id":5739,"date":"2022-01-27T07:11:14","date_gmt":"2022-01-27T07:11:14","guid":{"rendered":"https:\/\/pulsar.com.tr\/kimya\/?page_id=5739"},"modified":"2022-07-22T09:47:42","modified_gmt":"2022-07-22T09:47:42","slug":"hylomar-turkiye","status":"publish","type":"page","link":"https:\/\/pulsar.com.tr\/kimya\/hylomar-turkiye-resmi-distributoru-pulsar-kimya\/","title":{"rendered":"HYLOMAR T\u00dcRK\u0130YE"},"content":{"rendered":"","protected":false},"excerpt":{"rendered":"","protected":false},"author":4,"featured_media":0,"parent":0,"menu_order":0,"comment_status":"closed","ping_status":"closed","template":"","meta":{"footnotes":""},"class_list":["post-5739","page","type-page","status-publish","hentry"],"yoast_head":"<!-- This site is optimized with the Yoast SEO plugin v24.2 - https:\/\/yoast.com\/wordpress\/plugins\/seo\/ -->\n<title>HYLOMAR T\u00dcRK\u0130YE | Pulsar Kimya | T\u00fcrkiye Distrib\u00fct\u00f6r\u00fc<\/title>\n<meta name=\"description\" content=\"Hylomar serisinde yer alan s\u0131zd\u0131rmazl\u0131k \u00fcr\u00fcnleri, kurumayan ve sertle\u015fmeyen malzeme yap\u0131s\u0131 ile d\u00fcnya da en \u00e7ok tercih edilen \u00fcr\u00fcnlerin...\" \/>\n<meta name=\"robots\" content=\"index, follow, max-snippet:-1, max-image-preview:large, max-video-preview:-1\" \/>\n<link rel=\"canonical\" href=\"https:\/\/pulsar.com.tr\/kimya\/hylomar-turkiye-resmi-distributoru-pulsar-kimya\/\" \/>\n<meta property=\"og:locale\" content=\"tr_TR\" \/>\n<meta property=\"og:type\" content=\"article\" \/>\n<meta property=\"og:title\" content=\"[:tr]HYLOMAR T\u00dcRK\u0130YE[:en]HYLOMAR TURKIYE[:ru]HYLOMAR TURKIYE[:] | Pulsar Kimya | T\u00fcrkiye Distrib\u00fct\u00f6r\u00fc\" \/>\n<meta property=\"og:description\" content=\"Hylomar serisinde yer alan s\u0131zd\u0131rmazl\u0131k \u00fcr\u00fcnleri, kurumayan ve sertle\u015fmeyen malzeme yap\u0131s\u0131 ile d\u00fcnya da en \u00e7ok tercih edilen \u00fcr\u00fcnlerin...\" \/>\n<meta property=\"og:url\" content=\"https:\/\/pulsar.com.tr\/kimya\/hylomar-turkiye-resmi-distributoru-pulsar-kimya\/\" \/>\n<meta property=\"og:site_name\" content=\"Pulsar Kimya\" \/>\n<meta property=\"article:publisher\" content=\"https:\/\/www.facebook.com\/PulsarKimyaSanayi\" \/>\n<meta property=\"article:modified_time\" content=\"2022-07-22T09:47:42+00:00\" \/>\n<meta name=\"twitter:card\" content=\"summary_large_image\" \/>\n<meta name=\"twitter:site\" content=\"@PulsarKimya\" \/>\n<script type=\"application\/ld+json\" class=\"yoast-schema-graph\">{\"@context\":\"https:\/\/schema.org\",\"@graph\":[{\"@type\":\"WebPage\",\"@id\":\"https:\/\/pulsar.com.tr\/kimya\/hylomar-turkiye-resmi-distributoru-pulsar-kimya\/\",\"url\":\"https:\/\/pulsar.com.tr\/kimya\/hylomar-turkiye-resmi-distributoru-pulsar-kimya\/\",\"name\":\"[:tr]HYLOMAR T\u00dcRK\u0130YE[:en]HYLOMAR TURKIYE[:ru]HYLOMAR TURKIYE[:] | Pulsar Kimya | T\u00fcrkiye Distrib\u00fct\u00f6r\u00fc\",\"isPartOf\":{\"@id\":\"https:\/\/pulsar.com.tr\/kimya\/#website\"},\"datePublished\":\"2022-01-27T07:11:14+00:00\",\"dateModified\":\"2022-07-22T09:47:42+00:00\",\"description\":\"Hylomar serisinde yer alan s\u0131zd\u0131rmazl\u0131k \u00fcr\u00fcnleri, kurumayan ve sertle\u015fmeyen malzeme yap\u0131s\u0131 ile d\u00fcnya da en \u00e7ok tercih edilen \u00fcr\u00fcnlerin...\",\"breadcrumb\":{\"@id\":\"https:\/\/pulsar.com.tr\/kimya\/hylomar-turkiye-resmi-distributoru-pulsar-kimya\/#breadcrumb\"},\"inLanguage\":\"tr\",\"potentialAction\":[{\"@type\":\"ReadAction\",\"target\":[\"https:\/\/pulsar.com.tr\/kimya\/hylomar-turkiye-resmi-distributoru-pulsar-kimya\/\"]}]},{\"@type\":\"BreadcrumbList\",\"@id\":\"https:\/\/pulsar.com.tr\/kimya\/hylomar-turkiye-resmi-distributoru-pulsar-kimya\/#breadcrumb\",\"itemListElement\":[{\"@type\":\"ListItem\",\"position\":1,\"name\":\"Ana sayfa\",\"item\":\"https:\/\/pulsar.com.tr\/kimya\/\"},{\"@type\":\"ListItem\",\"position\":2,\"name\":\"HYLOMAR T\u00dcRK\u0130YE\"}]},{\"@type\":\"WebSite\",\"@id\":\"https:\/\/pulsar.com.tr\/kimya\/#website\",\"url\":\"https:\/\/pulsar.com.tr\/kimya\/\",\"name\":\"Pulsar Kimya\",\"description\":\"\",\"publisher\":{\"@id\":\"https:\/\/pulsar.com.tr\/kimya\/#organization\"},\"potentialAction\":[{\"@type\":\"SearchAction\",\"target\":{\"@type\":\"EntryPoint\",\"urlTemplate\":\"https:\/\/pulsar.com.tr\/kimya\/?s={search_term_string}\"},\"query-input\":{\"@type\":\"PropertyValueSpecification\",\"valueRequired\":true,\"valueName\":\"search_term_string\"}}],\"inLanguage\":\"tr\"},{\"@type\":\"Organization\",\"@id\":\"https:\/\/pulsar.com.tr\/kimya\/#organization\",\"name\":\"Pulsar Kimya Sanayi ve Ticaret A.\u015e.\",\"url\":\"https:\/\/pulsar.com.tr\/kimya\/\",\"logo\":{\"@type\":\"ImageObject\",\"inLanguage\":\"tr\",\"@id\":\"https:\/\/pulsar.com.tr\/kimya\/#\/schema\/logo\/image\/\",\"url\":\"https:\/\/pulsar.com.tr\/kimya\/wp-content\/uploads\/2020\/11\/kimya-logo.png\",\"contentUrl\":\"https:\/\/pulsar.com.tr\/kimya\/wp-content\/uploads\/2020\/11\/kimya-logo.png\",\"width\":153,\"height\":175,\"caption\":\"Pulsar Kimya Sanayi ve Ticaret A.\u015e.\"},\"image\":{\"@id\":\"https:\/\/pulsar.com.tr\/kimya\/#\/schema\/logo\/image\/\"},\"sameAs\":[\"https:\/\/www.facebook.com\/PulsarKimyaSanayi\",\"https:\/\/x.com\/PulsarKimya\",\"https:\/\/www.instagram.com\/pulsarkimya\/\",\"https:\/\/www.linkedin.com\/company\/pulsarkimya\/\",\"https:\/\/www.youtube.com\/channel\/UCSgxLg4VTIotm-9IafHYM5w\"]}]}<\/script>\n<!-- \/ Yoast SEO plugin. -->","yoast_head_json":{"title":"[:tr]HYLOMAR T\u00dcRK\u0130YE[:en]HYLOMAR TURKIYE[:ru]HYLOMAR TURKIYE[:] | Pulsar Kimya | T\u00fcrkiye Distrib\u00fct\u00f6r\u00fc","description":"Hylomar serisinde yer alan s\u0131zd\u0131rmazl\u0131k \u00fcr\u00fcnleri, kurumayan ve sertle\u015fmeyen malzeme yap\u0131s\u0131 ile d\u00fcnya da en \u00e7ok tercih edilen \u00fcr\u00fcnlerin...","robots":{"index":"index","follow":"follow","max-snippet":"max-snippet:-1","max-image-preview":"max-image-preview:large","max-video-preview":"max-video-preview:-1"},"canonical":"https:\/\/pulsar.com.tr\/kimya\/hylomar-turkiye-resmi-distributoru-pulsar-kimya\/","og_locale":"tr_TR","og_type":"article","og_title":"[:tr]HYLOMAR T\u00dcRK\u0130YE[:en]HYLOMAR TURKIYE[:ru]HYLOMAR TURKIYE[:] | Pulsar Kimya | T\u00fcrkiye Distrib\u00fct\u00f6r\u00fc","og_description":"Hylomar serisinde yer alan s\u0131zd\u0131rmazl\u0131k \u00fcr\u00fcnleri, kurumayan ve sertle\u015fmeyen malzeme yap\u0131s\u0131 ile d\u00fcnya da en \u00e7ok tercih edilen \u00fcr\u00fcnlerin...","og_url":"https:\/\/pulsar.com.tr\/kimya\/hylomar-turkiye-resmi-distributoru-pulsar-kimya\/","og_site_name":"Pulsar Kimya","article_publisher":"https:\/\/www.facebook.com\/PulsarKimyaSanayi","article_modified_time":"2022-07-22T09:47:42+00:00","twitter_card":"summary_large_image","twitter_site":"@PulsarKimya","schema":{"@context":"https:\/\/schema.org","@graph":[{"@type":"WebPage","@id":"https:\/\/pulsar.com.tr\/kimya\/hylomar-turkiye-resmi-distributoru-pulsar-kimya\/","url":"https:\/\/pulsar.com.tr\/kimya\/hylomar-turkiye-resmi-distributoru-pulsar-kimya\/","name":"[:tr]HYLOMAR T\u00dcRK\u0130YE[:en]HYLOMAR TURKIYE[:ru]HYLOMAR TURKIYE[:] | Pulsar Kimya | T\u00fcrkiye Distrib\u00fct\u00f6r\u00fc","isPartOf":{"@id":"https:\/\/pulsar.com.tr\/kimya\/#website"},"datePublished":"2022-01-27T07:11:14+00:00","dateModified":"2022-07-22T09:47:42+00:00","description":"Hylomar serisinde yer alan s\u0131zd\u0131rmazl\u0131k \u00fcr\u00fcnleri, kurumayan ve sertle\u015fmeyen malzeme yap\u0131s\u0131 ile d\u00fcnya da en \u00e7ok tercih edilen \u00fcr\u00fcnlerin...","breadcrumb":{"@id":"https:\/\/pulsar.com.tr\/kimya\/hylomar-turkiye-resmi-distributoru-pulsar-kimya\/#breadcrumb"},"inLanguage":"tr","potentialAction":[{"@type":"ReadAction","target":["https:\/\/pulsar.com.tr\/kimya\/hylomar-turkiye-resmi-distributoru-pulsar-kimya\/"]}]},{"@type":"BreadcrumbList","@id":"https:\/\/pulsar.com.tr\/kimya\/hylomar-turkiye-resmi-distributoru-pulsar-kimya\/#breadcrumb","itemListElement":[{"@type":"ListItem","position":1,"name":"Ana sayfa","item":"https:\/\/pulsar.com.tr\/kimya\/"},{"@type":"ListItem","position":2,"name":"HYLOMAR T\u00dcRK\u0130YE"}]},{"@type":"WebSite","@id":"https:\/\/pulsar.com.tr\/kimya\/#website","url":"https:\/\/pulsar.com.tr\/kimya\/","name":"Pulsar Kimya","description":"","publisher":{"@id":"https:\/\/pulsar.com.tr\/kimya\/#organization"},"potentialAction":[{"@type":"SearchAction","target":{"@type":"EntryPoint","urlTemplate":"https:\/\/pulsar.com.tr\/kimya\/?s={search_term_string}"},"query-input":{"@type":"PropertyValueSpecification","valueRequired":true,"valueName":"search_term_string"}}],"inLanguage":"tr"},{"@type":"Organization","@id":"https:\/\/pulsar.com.tr\/kimya\/#organization","name":"Pulsar Kimya Sanayi ve Ticaret A.\u015e.","url":"https:\/\/pulsar.com.tr\/kimya\/","logo":{"@type":"ImageObject","inLanguage":"tr","@id":"https:\/\/pulsar.com.tr\/kimya\/#\/schema\/logo\/image\/","url":"https:\/\/pulsar.com.tr\/kimya\/wp-content\/uploads\/2020\/11\/kimya-logo.png","contentUrl":"https:\/\/pulsar.com.tr\/kimya\/wp-content\/uploads\/2020\/11\/kimya-logo.png","width":153,"height":175,"caption":"Pulsar Kimya Sanayi ve Ticaret A.\u015e."},"image":{"@id":"https:\/\/pulsar.com.tr\/kimya\/#\/schema\/logo\/image\/"},"sameAs":["https:\/\/www.facebook.com\/PulsarKimyaSanayi","https:\/\/x.com\/PulsarKimya","https:\/\/www.instagram.com\/pulsarkimya\/","https:\/\/www.linkedin.com\/company\/pulsarkimya\/","https:\/\/www.youtube.com\/channel\/UCSgxLg4VTIotm-9IafHYM5w"]}]}},"_links":{"self":[{"href":"https:\/\/pulsar.com.tr\/kimya\/wp-json\/wp\/v2\/pages\/5739"}],"collection":[{"href":"https:\/\/pulsar.com.tr\/kimya\/wp-json\/wp\/v2\/pages"}],"about":[{"href":"https:\/\/pulsar.com.tr\/kimya\/wp-json\/wp\/v2\/types\/page"}],"author":[{"embeddable":true,"href":"https:\/\/pulsar.com.tr\/kimya\/wp-json\/wp\/v2\/users\/4"}],"replies":[{"embeddable":true,"href":"https:\/\/pulsar.com.tr\/kimya\/wp-json\/wp\/v2\/comments?post=5739"}],"version-history":[{"count":1,"href":"https:\/\/pulsar.com.tr\/kimya\/wp-json\/wp\/v2\/pages\/5739\/revisions"}],"predecessor-version":[{"id":5740,"href":"https:\/\/pulsar.com.tr\/kimya\/wp-json\/wp\/v2\/pages\/5739\/revisions\/5740"}],"wp:attachment":[{"href":"https:\/\/pulsar.com.tr\/kimya\/wp-json\/wp\/v2\/media?parent=5739"}],"curies":[{"name":"wp","href":"https:\/\/api.w.org\/{rel}","templated":true}]}}