{"id":5737,"date":"2022-01-27T06:57:50","date_gmt":"2022-01-27T06:57:50","guid":{"rendered":"https:\/\/pulsar.com.tr\/kimya\/?page_id=5737"},"modified":"2022-07-21T06:08:47","modified_gmt":"2022-07-21T06:08:47","slug":"adhetron-turkiye","status":"publish","type":"page","link":"https:\/\/pulsar.com.tr\/kimya\/adhetron-turkiye-resmi-distributoru-pulsar-kimya\/","title":{"rendered":"ADHETRON T\u00dcRK\u0130YE"},"content":{"rendered":"<p>Adhetron, 30 y\u0131l\u0131 a\u015fk\u0131n tecr\u00fcbesi ile kaliteyi \u00f6n planda tutarak sekt\u00f6r\u00fcn ihtiyac\u0131n\u0131 en iyi \u015fekilde kar\u015f\u0131lamak amac\u0131yla faaliyet g\u00f6steren ABD merkezli bir kimyasal \u00fcreticisidir. ARGE, \u00dcRGE \u00e7al\u0131\u015fmalar\u0131 ve ihtiya\u00e7lar kapsam\u0131nda \u00fcr\u00fcn geli\u015ftirme kapasite ve yetene\u011fine sahiptir.<\/p>\n<p>Adhetron \u00fcr\u00fcn serisinde, anaerobik yap\u0131\u015ft\u0131r\u0131c\u0131lar, siyanoakrilat yap\u0131\u015ft\u0131r\u0131c\u0131lar, akrilik bazl\u0131 yap\u0131sal yap\u0131\u015ft\u0131r\u0131c\u0131lar, UV yap\u0131\u015ft\u0131r\u0131c\u0131lar, silikon dolgu ve kaplamalar, epoksi yap\u0131\u015ft\u0131r\u0131c\u0131lar ve dolgular, \u0131s\u0131l ve elektriksel iletken yap\u0131\u015ft\u0131r\u0131c\u0131 ve dolgular, medikal onayl\u0131 yap\u0131\u015ft\u0131r\u0131c\u0131lar, askeri onayl\u0131 yap\u0131\u015ft\u0131r\u0131c\u0131lar yer almaktad\u0131r.<\/p>\n<p>Pulsar Kimya olarak Adhetron markas\u0131n\u0131n ana da\u011f\u0131t\u0131c\u0131l\u0131\u011f\u0131n\u0131 \u00fcstlendi\u011fimizden bu yana end\u00fcstriyi destekliyor, m\u00fc\u015fteri memnuniyeti ve \u00e7\u00f6z\u00fcm odakl\u0131 \u00e7al\u0131\u015fmalar\u0131m\u0131z\u0131 s\u00fcrd\u00fcr\u00fcyoruz. Sahada m\u00fc\u015fteri sorunlar\u0131n\u0131 analiz ederek \u00f6zel \u00e7\u00f6z\u00fcmler sunuyor ve m\u00fc\u015fterilerimiz ile \u00e7\u00f6z\u00fcm orta\u011f\u0131 oluyoruz.<\/p>","protected":false},"excerpt":{"rendered":"<p>Adhetron, 30 y\u0131l\u0131 a\u015fk\u0131n tecr\u00fcbesi ile kaliteyi \u00f6n planda tutarak sekt\u00f6r\u00fcn ihtiyac\u0131n\u0131 en iyi \u015fekilde kar\u015f\u0131lamak amac\u0131yla faaliyet g\u00f6steren ABD merkezli bir kimyasal \u00fcreticisidir. ARGE, \u00dcRGE \u00e7al\u0131\u015fmalar\u0131 ve ihtiya\u00e7lar kapsam\u0131nda \u00fcr\u00fcn geli\u015ftirme kapasite ve yetene\u011fine sahiptir. Adhetron \u00fcr\u00fcn serisinde, anaerobik yap\u0131\u015ft\u0131r\u0131c\u0131lar, siyanoakrilat yap\u0131\u015ft\u0131r\u0131c\u0131lar, akrilik bazl\u0131 yap\u0131sal yap\u0131\u015ft\u0131r\u0131c\u0131lar, UV yap\u0131\u015ft\u0131r\u0131c\u0131lar, silikon dolgu ve kaplamalar, epoksi yap\u0131\u015ft\u0131r\u0131c\u0131lar [&hellip;]<\/p>\n","protected":false},"author":4,"featured_media":0,"parent":0,"menu_order":0,"comment_status":"closed","ping_status":"closed","template":"","meta":{"footnotes":""},"class_list":["post-5737","page","type-page","status-publish","hentry"],"yoast_head":"<!-- This site is optimized with the Yoast SEO plugin v24.2 - https:\/\/yoast.com\/wordpress\/plugins\/seo\/ -->\n<title>ADHETRON T\u00dcRK\u0130YE | Pulsar Kimya | Adhetron Ana Da\u011f\u0131t\u0131c\u0131<\/title>\n<meta name=\"description\" content=\"Adhetron, 30 y\u0131l\u0131 a\u015fk\u0131n tecr\u00fcbesi ile kaliteyi \u00f6n planda tutarak sekt\u00f6r\u00fcn ihtiyac\u0131n\u0131 en iyi \u015fekilde kar\u015f\u0131lamak amac\u0131yla faaliyet g\u00f6steren...\" \/>\n<meta name=\"robots\" content=\"index, follow, max-snippet:-1, max-image-preview:large, max-video-preview:-1\" \/>\n<link rel=\"canonical\" href=\"https:\/\/pulsar.com.tr\/kimya\/adhetron-turkiye-resmi-distributoru-pulsar-kimya\/\" \/>\n<meta property=\"og:locale\" content=\"tr_TR\" \/>\n<meta property=\"og:type\" content=\"article\" \/>\n<meta property=\"og:title\" content=\"[:tr]ADHETRON T\u00dcRK\u0130YE[:en]ADHETRON TURKIYE[:ru]ADHETRON TURKIYE[:] | Pulsar Kimya | Adhetron Ana Da\u011f\u0131t\u0131c\u0131\" \/>\n<meta property=\"og:description\" content=\"Adhetron, 30 y\u0131l\u0131 a\u015fk\u0131n tecr\u00fcbesi ile kaliteyi \u00f6n planda tutarak sekt\u00f6r\u00fcn ihtiyac\u0131n\u0131 en iyi \u015fekilde kar\u015f\u0131lamak amac\u0131yla faaliyet g\u00f6steren...\" \/>\n<meta property=\"og:url\" content=\"https:\/\/pulsar.com.tr\/kimya\/adhetron-turkiye-resmi-distributoru-pulsar-kimya\/\" \/>\n<meta property=\"og:site_name\" content=\"Pulsar Kimya\" \/>\n<meta property=\"article:publisher\" content=\"https:\/\/www.facebook.com\/PulsarKimyaSanayi\" \/>\n<meta property=\"article:modified_time\" content=\"2022-07-21T06:08:47+00:00\" \/>\n<meta name=\"twitter:card\" content=\"summary_large_image\" \/>\n<meta name=\"twitter:site\" content=\"@PulsarKimya\" \/>\n<meta name=\"twitter:label1\" content=\"Tahmini okuma s\u00fcresi\" \/>\n\t<meta name=\"twitter:data1\" content=\"1 dakika\" \/>\n<script type=\"application\/ld+json\" class=\"yoast-schema-graph\">{\"@context\":\"https:\/\/schema.org\",\"@graph\":[{\"@type\":\"WebPage\",\"@id\":\"https:\/\/pulsar.com.tr\/kimya\/adhetron-turkiye-resmi-distributoru-pulsar-kimya\/\",\"url\":\"https:\/\/pulsar.com.tr\/kimya\/adhetron-turkiye-resmi-distributoru-pulsar-kimya\/\",\"name\":\"[:tr]ADHETRON T\u00dcRK\u0130YE[:en]ADHETRON TURKIYE[:ru]ADHETRON TURKIYE[:] | Pulsar Kimya | Adhetron Ana Da\u011f\u0131t\u0131c\u0131\",\"isPartOf\":{\"@id\":\"https:\/\/pulsar.com.tr\/kimya\/#website\"},\"datePublished\":\"2022-01-27T06:57:50+00:00\",\"dateModified\":\"2022-07-21T06:08:47+00:00\",\"description\":\"Adhetron, 30 y\u0131l\u0131 a\u015fk\u0131n tecr\u00fcbesi ile kaliteyi \u00f6n planda tutarak sekt\u00f6r\u00fcn ihtiyac\u0131n\u0131 en iyi \u015fekilde kar\u015f\u0131lamak amac\u0131yla faaliyet g\u00f6steren...\",\"breadcrumb\":{\"@id\":\"https:\/\/pulsar.com.tr\/kimya\/adhetron-turkiye-resmi-distributoru-pulsar-kimya\/#breadcrumb\"},\"inLanguage\":\"tr\",\"potentialAction\":[{\"@type\":\"ReadAction\",\"target\":[\"https:\/\/pulsar.com.tr\/kimya\/adhetron-turkiye-resmi-distributoru-pulsar-kimya\/\"]}]},{\"@type\":\"BreadcrumbList\",\"@id\":\"https:\/\/pulsar.com.tr\/kimya\/adhetron-turkiye-resmi-distributoru-pulsar-kimya\/#breadcrumb\",\"itemListElement\":[{\"@type\":\"ListItem\",\"position\":1,\"name\":\"Ana sayfa\",\"item\":\"https:\/\/pulsar.com.tr\/kimya\/\"},{\"@type\":\"ListItem\",\"position\":2,\"name\":\"ADHETRON T\u00dcRK\u0130YE\"}]},{\"@type\":\"WebSite\",\"@id\":\"https:\/\/pulsar.com.tr\/kimya\/#website\",\"url\":\"https:\/\/pulsar.com.tr\/kimya\/\",\"name\":\"Pulsar Kimya\",\"description\":\"\",\"publisher\":{\"@id\":\"https:\/\/pulsar.com.tr\/kimya\/#organization\"},\"potentialAction\":[{\"@type\":\"SearchAction\",\"target\":{\"@type\":\"EntryPoint\",\"urlTemplate\":\"https:\/\/pulsar.com.tr\/kimya\/?s={search_term_string}\"},\"query-input\":{\"@type\":\"PropertyValueSpecification\",\"valueRequired\":true,\"valueName\":\"search_term_string\"}}],\"inLanguage\":\"tr\"},{\"@type\":\"Organization\",\"@id\":\"https:\/\/pulsar.com.tr\/kimya\/#organization\",\"name\":\"Pulsar Kimya Sanayi ve Ticaret A.\u015e.\",\"url\":\"https:\/\/pulsar.com.tr\/kimya\/\",\"logo\":{\"@type\":\"ImageObject\",\"inLanguage\":\"tr\",\"@id\":\"https:\/\/pulsar.com.tr\/kimya\/#\/schema\/logo\/image\/\",\"url\":\"https:\/\/pulsar.com.tr\/kimya\/wp-content\/uploads\/2020\/11\/kimya-logo.png\",\"contentUrl\":\"https:\/\/pulsar.com.tr\/kimya\/wp-content\/uploads\/2020\/11\/kimya-logo.png\",\"width\":153,\"height\":175,\"caption\":\"Pulsar Kimya Sanayi ve Ticaret A.\u015e.\"},\"image\":{\"@id\":\"https:\/\/pulsar.com.tr\/kimya\/#\/schema\/logo\/image\/\"},\"sameAs\":[\"https:\/\/www.facebook.com\/PulsarKimyaSanayi\",\"https:\/\/x.com\/PulsarKimya\",\"https:\/\/www.instagram.com\/pulsarkimya\/\",\"https:\/\/www.linkedin.com\/company\/pulsarkimya\/\",\"https:\/\/www.youtube.com\/channel\/UCSgxLg4VTIotm-9IafHYM5w\"]}]}<\/script>\n<!-- \/ Yoast SEO plugin. -->","yoast_head_json":{"title":"[:tr]ADHETRON T\u00dcRK\u0130YE[:en]ADHETRON TURKIYE[:ru]ADHETRON TURKIYE[:] | Pulsar Kimya | Adhetron Ana Da\u011f\u0131t\u0131c\u0131","description":"Adhetron, 30 y\u0131l\u0131 a\u015fk\u0131n tecr\u00fcbesi ile kaliteyi \u00f6n planda tutarak sekt\u00f6r\u00fcn ihtiyac\u0131n\u0131 en iyi \u015fekilde kar\u015f\u0131lamak amac\u0131yla faaliyet g\u00f6steren...","robots":{"index":"index","follow":"follow","max-snippet":"max-snippet:-1","max-image-preview":"max-image-preview:large","max-video-preview":"max-video-preview:-1"},"canonical":"https:\/\/pulsar.com.tr\/kimya\/adhetron-turkiye-resmi-distributoru-pulsar-kimya\/","og_locale":"tr_TR","og_type":"article","og_title":"[:tr]ADHETRON T\u00dcRK\u0130YE[:en]ADHETRON TURKIYE[:ru]ADHETRON TURKIYE[:] | Pulsar Kimya | Adhetron Ana Da\u011f\u0131t\u0131c\u0131","og_description":"Adhetron, 30 y\u0131l\u0131 a\u015fk\u0131n tecr\u00fcbesi ile kaliteyi \u00f6n planda tutarak sekt\u00f6r\u00fcn ihtiyac\u0131n\u0131 en iyi \u015fekilde kar\u015f\u0131lamak amac\u0131yla faaliyet g\u00f6steren...","og_url":"https:\/\/pulsar.com.tr\/kimya\/adhetron-turkiye-resmi-distributoru-pulsar-kimya\/","og_site_name":"Pulsar Kimya","article_publisher":"https:\/\/www.facebook.com\/PulsarKimyaSanayi","article_modified_time":"2022-07-21T06:08:47+00:00","twitter_card":"summary_large_image","twitter_site":"@PulsarKimya","twitter_misc":{"Tahmini okuma s\u00fcresi":"1 dakika"},"schema":{"@context":"https:\/\/schema.org","@graph":[{"@type":"WebPage","@id":"https:\/\/pulsar.com.tr\/kimya\/adhetron-turkiye-resmi-distributoru-pulsar-kimya\/","url":"https:\/\/pulsar.com.tr\/kimya\/adhetron-turkiye-resmi-distributoru-pulsar-kimya\/","name":"[:tr]ADHETRON T\u00dcRK\u0130YE[:en]ADHETRON TURKIYE[:ru]ADHETRON TURKIYE[:] | Pulsar Kimya | Adhetron Ana Da\u011f\u0131t\u0131c\u0131","isPartOf":{"@id":"https:\/\/pulsar.com.tr\/kimya\/#website"},"datePublished":"2022-01-27T06:57:50+00:00","dateModified":"2022-07-21T06:08:47+00:00","description":"Adhetron, 30 y\u0131l\u0131 a\u015fk\u0131n tecr\u00fcbesi ile kaliteyi \u00f6n planda tutarak sekt\u00f6r\u00fcn ihtiyac\u0131n\u0131 en iyi \u015fekilde kar\u015f\u0131lamak amac\u0131yla faaliyet g\u00f6steren...","breadcrumb":{"@id":"https:\/\/pulsar.com.tr\/kimya\/adhetron-turkiye-resmi-distributoru-pulsar-kimya\/#breadcrumb"},"inLanguage":"tr","potentialAction":[{"@type":"ReadAction","target":["https:\/\/pulsar.com.tr\/kimya\/adhetron-turkiye-resmi-distributoru-pulsar-kimya\/"]}]},{"@type":"BreadcrumbList","@id":"https:\/\/pulsar.com.tr\/kimya\/adhetron-turkiye-resmi-distributoru-pulsar-kimya\/#breadcrumb","itemListElement":[{"@type":"ListItem","position":1,"name":"Ana sayfa","item":"https:\/\/pulsar.com.tr\/kimya\/"},{"@type":"ListItem","position":2,"name":"ADHETRON T\u00dcRK\u0130YE"}]},{"@type":"WebSite","@id":"https:\/\/pulsar.com.tr\/kimya\/#website","url":"https:\/\/pulsar.com.tr\/kimya\/","name":"Pulsar Kimya","description":"","publisher":{"@id":"https:\/\/pulsar.com.tr\/kimya\/#organization"},"potentialAction":[{"@type":"SearchAction","target":{"@type":"EntryPoint","urlTemplate":"https:\/\/pulsar.com.tr\/kimya\/?s={search_term_string}"},"query-input":{"@type":"PropertyValueSpecification","valueRequired":true,"valueName":"search_term_string"}}],"inLanguage":"tr"},{"@type":"Organization","@id":"https:\/\/pulsar.com.tr\/kimya\/#organization","name":"Pulsar Kimya Sanayi ve Ticaret A.\u015e.","url":"https:\/\/pulsar.com.tr\/kimya\/","logo":{"@type":"ImageObject","inLanguage":"tr","@id":"https:\/\/pulsar.com.tr\/kimya\/#\/schema\/logo\/image\/","url":"https:\/\/pulsar.com.tr\/kimya\/wp-content\/uploads\/2020\/11\/kimya-logo.png","contentUrl":"https:\/\/pulsar.com.tr\/kimya\/wp-content\/uploads\/2020\/11\/kimya-logo.png","width":153,"height":175,"caption":"Pulsar Kimya Sanayi ve Ticaret A.\u015e."},"image":{"@id":"https:\/\/pulsar.com.tr\/kimya\/#\/schema\/logo\/image\/"},"sameAs":["https:\/\/www.facebook.com\/PulsarKimyaSanayi","https:\/\/x.com\/PulsarKimya","https:\/\/www.instagram.com\/pulsarkimya\/","https:\/\/www.linkedin.com\/company\/pulsarkimya\/","https:\/\/www.youtube.com\/channel\/UCSgxLg4VTIotm-9IafHYM5w"]}]}},"_links":{"self":[{"href":"https:\/\/pulsar.com.tr\/kimya\/wp-json\/wp\/v2\/pages\/5737"}],"collection":[{"href":"https:\/\/pulsar.com.tr\/kimya\/wp-json\/wp\/v2\/pages"}],"about":[{"href":"https:\/\/pulsar.com.tr\/kimya\/wp-json\/wp\/v2\/types\/page"}],"author":[{"embeddable":true,"href":"https:\/\/pulsar.com.tr\/kimya\/wp-json\/wp\/v2\/users\/4"}],"replies":[{"embeddable":true,"href":"https:\/\/pulsar.com.tr\/kimya\/wp-json\/wp\/v2\/comments?post=5737"}],"version-history":[{"count":2,"href":"https:\/\/pulsar.com.tr\/kimya\/wp-json\/wp\/v2\/pages\/5737\/revisions"}],"predecessor-version":[{"id":6071,"href":"https:\/\/pulsar.com.tr\/kimya\/wp-json\/wp\/v2\/pages\/5737\/revisions\/6071"}],"wp:attachment":[{"href":"https:\/\/pulsar.com.tr\/kimya\/wp-json\/wp\/v2\/media?parent=5737"}],"curies":[{"name":"wp","href":"https:\/\/api.w.org\/{rel}","templated":true}]}}