{"id":2284,"date":"2020-06-30T12:19:34","date_gmt":"2020-06-30T12:19:34","guid":{"rendered":"https:\/\/pulsar.com.tr\/kimya\/?page_id=2284"},"modified":"2022-07-28T14:49:22","modified_gmt":"2022-07-28T14:49:22","slug":"ozel-amacli-kimyasallar","status":"publish","type":"page","link":"https:\/\/pulsar.com.tr\/kimya\/ozel-amacli-kimyasallar\/","title":{"rendered":"\u00d6zel Ama\u00e7l\u0131 Kimyasallar"},"content":{"rendered":"","protected":false},"excerpt":{"rendered":"","protected":false},"author":1,"featured_media":0,"parent":0,"menu_order":0,"comment_status":"closed","ping_status":"closed","template":"","meta":{"footnotes":""},"class_list":["post-2284","page","type-page","status-publish","hentry"],"yoast_head":"<!-- This site is optimized with the Yoast SEO plugin v24.2 - https:\/\/yoast.com\/wordpress\/plugins\/seo\/ -->\n<title>\u00d6zel Ama\u00e7l\u0131 Kimyasallar | Pulsar Kimya | Teknik \u00c7\u00f6z\u00fcmler<\/title>\n<meta name=\"description\" content=\"\u00d6zel Ama\u00e7l\u0131 Kimyasallar serimiz ile farkl\u0131 sekt\u00f6rlerin ihtiya\u00e7lar\u0131na y\u00f6nelik \u00e7\u00f6z\u00fcmler sunulmaktad\u0131r. Detayl\u0131 bilgi almak i\u00e7in t\u0131klay\u0131n\u0131z\" \/>\n<meta name=\"robots\" content=\"index, follow, max-snippet:-1, max-image-preview:large, max-video-preview:-1\" \/>\n<link rel=\"canonical\" href=\"https:\/\/pulsar.com.tr\/kimya\/ozel-amacli-kimyasallar\/\" \/>\n<meta property=\"og:locale\" content=\"tr_TR\" \/>\n<meta property=\"og:type\" content=\"article\" \/>\n<meta property=\"og:title\" content=\"[:tr]\u00d6zel Ama\u00e7l\u0131 Kimyasallar[:en]Specialty Chemicals[:ru]\u0421\u043f\u0435\u0446\u0438\u0430\u043b\u044c\u043d\u044b\u0435 X\u0438\u043c\u0438\u043a\u0430\u0442\u044b[:] | Pulsar Kimya | Teknik \u00c7\u00f6z\u00fcmler\" \/>\n<meta property=\"og:description\" content=\"\u00d6zel Ama\u00e7l\u0131 Kimyasallar serimiz ile farkl\u0131 sekt\u00f6rlerin ihtiya\u00e7lar\u0131na y\u00f6nelik \u00e7\u00f6z\u00fcmler sunulmaktad\u0131r. Detayl\u0131 bilgi almak i\u00e7in t\u0131klay\u0131n\u0131z\" \/>\n<meta property=\"og:url\" content=\"https:\/\/pulsar.com.tr\/kimya\/ozel-amacli-kimyasallar\/\" \/>\n<meta property=\"og:site_name\" content=\"Pulsar Kimya\" \/>\n<meta property=\"article:publisher\" content=\"https:\/\/www.facebook.com\/PulsarKimyaSanayi\" \/>\n<meta property=\"article:modified_time\" content=\"2022-07-28T14:49:22+00:00\" \/>\n<meta name=\"twitter:card\" content=\"summary_large_image\" \/>\n<meta name=\"twitter:site\" content=\"@PulsarKimya\" \/>\n<script type=\"application\/ld+json\" class=\"yoast-schema-graph\">{\"@context\":\"https:\/\/schema.org\",\"@graph\":[{\"@type\":\"WebPage\",\"@id\":\"https:\/\/pulsar.com.tr\/kimya\/ozel-amacli-kimyasallar\/\",\"url\":\"https:\/\/pulsar.com.tr\/kimya\/ozel-amacli-kimyasallar\/\",\"name\":\"[:tr]\u00d6zel Ama\u00e7l\u0131 Kimyasallar[:en]Specialty Chemicals[:ru]\u0421\u043f\u0435\u0446\u0438\u0430\u043b\u044c\u043d\u044b\u0435 X\u0438\u043c\u0438\u043a\u0430\u0442\u044b[:] | Pulsar Kimya | Teknik \u00c7\u00f6z\u00fcmler\",\"isPartOf\":{\"@id\":\"https:\/\/pulsar.com.tr\/kimya\/#website\"},\"datePublished\":\"2020-06-30T12:19:34+00:00\",\"dateModified\":\"2022-07-28T14:49:22+00:00\",\"description\":\"\u00d6zel Ama\u00e7l\u0131 Kimyasallar serimiz ile farkl\u0131 sekt\u00f6rlerin ihtiya\u00e7lar\u0131na y\u00f6nelik \u00e7\u00f6z\u00fcmler sunulmaktad\u0131r. Detayl\u0131 bilgi almak i\u00e7in t\u0131klay\u0131n\u0131z\",\"breadcrumb\":{\"@id\":\"https:\/\/pulsar.com.tr\/kimya\/ozel-amacli-kimyasallar\/#breadcrumb\"},\"inLanguage\":\"tr\",\"potentialAction\":[{\"@type\":\"ReadAction\",\"target\":[\"https:\/\/pulsar.com.tr\/kimya\/ozel-amacli-kimyasallar\/\"]}]},{\"@type\":\"BreadcrumbList\",\"@id\":\"https:\/\/pulsar.com.tr\/kimya\/ozel-amacli-kimyasallar\/#breadcrumb\",\"itemListElement\":[{\"@type\":\"ListItem\",\"position\":1,\"name\":\"Ana sayfa\",\"item\":\"https:\/\/pulsar.com.tr\/kimya\/\"},{\"@type\":\"ListItem\",\"position\":2,\"name\":\"\u00d6zel Ama\u00e7l\u0131 Kimyasallar\"}]},{\"@type\":\"WebSite\",\"@id\":\"https:\/\/pulsar.com.tr\/kimya\/#website\",\"url\":\"https:\/\/pulsar.com.tr\/kimya\/\",\"name\":\"Pulsar Kimya\",\"description\":\"\",\"publisher\":{\"@id\":\"https:\/\/pulsar.com.tr\/kimya\/#organization\"},\"potentialAction\":[{\"@type\":\"SearchAction\",\"target\":{\"@type\":\"EntryPoint\",\"urlTemplate\":\"https:\/\/pulsar.com.tr\/kimya\/?s={search_term_string}\"},\"query-input\":{\"@type\":\"PropertyValueSpecification\",\"valueRequired\":true,\"valueName\":\"search_term_string\"}}],\"inLanguage\":\"tr\"},{\"@type\":\"Organization\",\"@id\":\"https:\/\/pulsar.com.tr\/kimya\/#organization\",\"name\":\"Pulsar Kimya Sanayi ve Ticaret A.\u015e.\",\"url\":\"https:\/\/pulsar.com.tr\/kimya\/\",\"logo\":{\"@type\":\"ImageObject\",\"inLanguage\":\"tr\",\"@id\":\"https:\/\/pulsar.com.tr\/kimya\/#\/schema\/logo\/image\/\",\"url\":\"https:\/\/pulsar.com.tr\/kimya\/wp-content\/uploads\/2020\/11\/kimya-logo.png\",\"contentUrl\":\"https:\/\/pulsar.com.tr\/kimya\/wp-content\/uploads\/2020\/11\/kimya-logo.png\",\"width\":153,\"height\":175,\"caption\":\"Pulsar Kimya Sanayi ve Ticaret A.\u015e.\"},\"image\":{\"@id\":\"https:\/\/pulsar.com.tr\/kimya\/#\/schema\/logo\/image\/\"},\"sameAs\":[\"https:\/\/www.facebook.com\/PulsarKimyaSanayi\",\"https:\/\/x.com\/PulsarKimya\",\"https:\/\/www.instagram.com\/pulsarkimya\/\",\"https:\/\/www.linkedin.com\/company\/pulsarkimya\/\",\"https:\/\/www.youtube.com\/channel\/UCSgxLg4VTIotm-9IafHYM5w\"]}]}<\/script>\n<!-- \/ Yoast SEO plugin. -->","yoast_head_json":{"title":"[:tr]\u00d6zel Ama\u00e7l\u0131 Kimyasallar[:en]Specialty Chemicals[:ru]\u0421\u043f\u0435\u0446\u0438\u0430\u043b\u044c\u043d\u044b\u0435 X\u0438\u043c\u0438\u043a\u0430\u0442\u044b[:] | Pulsar Kimya | Teknik \u00c7\u00f6z\u00fcmler","description":"\u00d6zel Ama\u00e7l\u0131 Kimyasallar serimiz ile farkl\u0131 sekt\u00f6rlerin ihtiya\u00e7lar\u0131na y\u00f6nelik \u00e7\u00f6z\u00fcmler sunulmaktad\u0131r. Detayl\u0131 bilgi almak i\u00e7in t\u0131klay\u0131n\u0131z","robots":{"index":"index","follow":"follow","max-snippet":"max-snippet:-1","max-image-preview":"max-image-preview:large","max-video-preview":"max-video-preview:-1"},"canonical":"https:\/\/pulsar.com.tr\/kimya\/ozel-amacli-kimyasallar\/","og_locale":"tr_TR","og_type":"article","og_title":"[:tr]\u00d6zel Ama\u00e7l\u0131 Kimyasallar[:en]Specialty Chemicals[:ru]\u0421\u043f\u0435\u0446\u0438\u0430\u043b\u044c\u043d\u044b\u0435 X\u0438\u043c\u0438\u043a\u0430\u0442\u044b[:] | Pulsar Kimya | Teknik \u00c7\u00f6z\u00fcmler","og_description":"\u00d6zel Ama\u00e7l\u0131 Kimyasallar serimiz ile farkl\u0131 sekt\u00f6rlerin ihtiya\u00e7lar\u0131na y\u00f6nelik \u00e7\u00f6z\u00fcmler sunulmaktad\u0131r. Detayl\u0131 bilgi almak i\u00e7in t\u0131klay\u0131n\u0131z","og_url":"https:\/\/pulsar.com.tr\/kimya\/ozel-amacli-kimyasallar\/","og_site_name":"Pulsar Kimya","article_publisher":"https:\/\/www.facebook.com\/PulsarKimyaSanayi","article_modified_time":"2022-07-28T14:49:22+00:00","twitter_card":"summary_large_image","twitter_site":"@PulsarKimya","schema":{"@context":"https:\/\/schema.org","@graph":[{"@type":"WebPage","@id":"https:\/\/pulsar.com.tr\/kimya\/ozel-amacli-kimyasallar\/","url":"https:\/\/pulsar.com.tr\/kimya\/ozel-amacli-kimyasallar\/","name":"[:tr]\u00d6zel Ama\u00e7l\u0131 Kimyasallar[:en]Specialty Chemicals[:ru]\u0421\u043f\u0435\u0446\u0438\u0430\u043b\u044c\u043d\u044b\u0435 X\u0438\u043c\u0438\u043a\u0430\u0442\u044b[:] | Pulsar Kimya | Teknik \u00c7\u00f6z\u00fcmler","isPartOf":{"@id":"https:\/\/pulsar.com.tr\/kimya\/#website"},"datePublished":"2020-06-30T12:19:34+00:00","dateModified":"2022-07-28T14:49:22+00:00","description":"\u00d6zel Ama\u00e7l\u0131 Kimyasallar serimiz ile farkl\u0131 sekt\u00f6rlerin ihtiya\u00e7lar\u0131na y\u00f6nelik \u00e7\u00f6z\u00fcmler sunulmaktad\u0131r. Detayl\u0131 bilgi almak i\u00e7in t\u0131klay\u0131n\u0131z","breadcrumb":{"@id":"https:\/\/pulsar.com.tr\/kimya\/ozel-amacli-kimyasallar\/#breadcrumb"},"inLanguage":"tr","potentialAction":[{"@type":"ReadAction","target":["https:\/\/pulsar.com.tr\/kimya\/ozel-amacli-kimyasallar\/"]}]},{"@type":"BreadcrumbList","@id":"https:\/\/pulsar.com.tr\/kimya\/ozel-amacli-kimyasallar\/#breadcrumb","itemListElement":[{"@type":"ListItem","position":1,"name":"Ana sayfa","item":"https:\/\/pulsar.com.tr\/kimya\/"},{"@type":"ListItem","position":2,"name":"\u00d6zel Ama\u00e7l\u0131 Kimyasallar"}]},{"@type":"WebSite","@id":"https:\/\/pulsar.com.tr\/kimya\/#website","url":"https:\/\/pulsar.com.tr\/kimya\/","name":"Pulsar Kimya","description":"","publisher":{"@id":"https:\/\/pulsar.com.tr\/kimya\/#organization"},"potentialAction":[{"@type":"SearchAction","target":{"@type":"EntryPoint","urlTemplate":"https:\/\/pulsar.com.tr\/kimya\/?s={search_term_string}"},"query-input":{"@type":"PropertyValueSpecification","valueRequired":true,"valueName":"search_term_string"}}],"inLanguage":"tr"},{"@type":"Organization","@id":"https:\/\/pulsar.com.tr\/kimya\/#organization","name":"Pulsar Kimya Sanayi ve Ticaret A.\u015e.","url":"https:\/\/pulsar.com.tr\/kimya\/","logo":{"@type":"ImageObject","inLanguage":"tr","@id":"https:\/\/pulsar.com.tr\/kimya\/#\/schema\/logo\/image\/","url":"https:\/\/pulsar.com.tr\/kimya\/wp-content\/uploads\/2020\/11\/kimya-logo.png","contentUrl":"https:\/\/pulsar.com.tr\/kimya\/wp-content\/uploads\/2020\/11\/kimya-logo.png","width":153,"height":175,"caption":"Pulsar Kimya Sanayi ve Ticaret A.\u015e."},"image":{"@id":"https:\/\/pulsar.com.tr\/kimya\/#\/schema\/logo\/image\/"},"sameAs":["https:\/\/www.facebook.com\/PulsarKimyaSanayi","https:\/\/x.com\/PulsarKimya","https:\/\/www.instagram.com\/pulsarkimya\/","https:\/\/www.linkedin.com\/company\/pulsarkimya\/","https:\/\/www.youtube.com\/channel\/UCSgxLg4VTIotm-9IafHYM5w"]}]}},"_links":{"self":[{"href":"https:\/\/pulsar.com.tr\/kimya\/wp-json\/wp\/v2\/pages\/2284"}],"collection":[{"href":"https:\/\/pulsar.com.tr\/kimya\/wp-json\/wp\/v2\/pages"}],"about":[{"href":"https:\/\/pulsar.com.tr\/kimya\/wp-json\/wp\/v2\/types\/page"}],"author":[{"embeddable":true,"href":"https:\/\/pulsar.com.tr\/kimya\/wp-json\/wp\/v2\/users\/1"}],"replies":[{"embeddable":true,"href":"https:\/\/pulsar.com.tr\/kimya\/wp-json\/wp\/v2\/comments?post=2284"}],"version-history":[{"count":3,"href":"https:\/\/pulsar.com.tr\/kimya\/wp-json\/wp\/v2\/pages\/2284\/revisions"}],"predecessor-version":[{"id":5507,"href":"https:\/\/pulsar.com.tr\/kimya\/wp-json\/wp\/v2\/pages\/2284\/revisions\/5507"}],"wp:attachment":[{"href":"https:\/\/pulsar.com.tr\/kimya\/wp-json\/wp\/v2\/media?parent=2284"}],"curies":[{"name":"wp","href":"https:\/\/api.w.org\/{rel}","templated":true}]}}