{"id":2252,"date":"2020-06-30T12:15:08","date_gmt":"2020-06-30T12:15:08","guid":{"rendered":"https:\/\/pulsar.com.tr\/kimya\/?page_id=2252"},"modified":"2022-07-22T12:17:41","modified_gmt":"2022-07-22T12:17:41","slug":"uv-yapistiricilar","status":"publish","type":"page","link":"https:\/\/pulsar.com.tr\/kimya\/uv-yapistiricilar\/","title":{"rendered":"UV Yap\u0131\u015ft\u0131r\u0131c\u0131lar"},"content":{"rendered":"","protected":false},"excerpt":{"rendered":"","protected":false},"author":1,"featured_media":0,"parent":0,"menu_order":0,"comment_status":"closed","ping_status":"closed","template":"","meta":{"footnotes":""},"class_list":["post-2252","page","type-page","status-publish","hentry"],"yoast_head":"<!-- This site is optimized with the Yoast SEO plugin v24.2 - https:\/\/yoast.com\/wordpress\/plugins\/seo\/ -->\n<title>Ultraviyole (UV) Yap\u0131\u015ft\u0131r\u0131c\u0131 | Pulsar Kimya | Hemen \u0130ncele<\/title>\n<meta name=\"description\" content=\"UV Yap\u0131\u015ft\u0131r\u0131c\u0131lar, ultraviyole \u0131\u015f\u0131k kayna\u011f\u0131 ile h\u0131zl\u0131 donabilen yap\u0131\u015ft\u0131r\u0131c\u0131 grubudur. Pulsar Kimya olarak \u00fcr\u00fcn portf\u00f6y\u00fcm\u00fcz\u00fc inceleyebilir...\" \/>\n<meta name=\"robots\" content=\"index, follow, max-snippet:-1, max-image-preview:large, max-video-preview:-1\" \/>\n<link rel=\"canonical\" href=\"https:\/\/pulsar.com.tr\/kimya\/uv-yapistiricilar\/\" \/>\n<meta property=\"og:locale\" content=\"tr_TR\" \/>\n<meta property=\"og:type\" content=\"article\" \/>\n<meta property=\"og:title\" content=\"Ultraviyole (UV) Yap\u0131\u015ft\u0131r\u0131c\u0131 | Pulsar Kimya | Hemen \u0130ncele\" \/>\n<meta property=\"og:description\" content=\"UV Yap\u0131\u015ft\u0131r\u0131c\u0131lar, ultraviyole \u0131\u015f\u0131k kayna\u011f\u0131 ile h\u0131zl\u0131 donabilen yap\u0131\u015ft\u0131r\u0131c\u0131 grubudur. Pulsar Kimya olarak \u00fcr\u00fcn portf\u00f6y\u00fcm\u00fcz\u00fc inceleyebilir...\" \/>\n<meta property=\"og:url\" content=\"https:\/\/pulsar.com.tr\/kimya\/uv-yapistiricilar\/\" \/>\n<meta property=\"og:site_name\" content=\"Pulsar Kimya\" \/>\n<meta property=\"article:publisher\" content=\"https:\/\/www.facebook.com\/PulsarKimyaSanayi\" \/>\n<meta property=\"article:modified_time\" content=\"2022-07-22T12:17:41+00:00\" \/>\n<meta name=\"twitter:card\" content=\"summary_large_image\" \/>\n<meta name=\"twitter:site\" content=\"@PulsarKimya\" \/>\n<script type=\"application\/ld+json\" class=\"yoast-schema-graph\">{\"@context\":\"https:\/\/schema.org\",\"@graph\":[{\"@type\":\"WebPage\",\"@id\":\"https:\/\/pulsar.com.tr\/kimya\/uv-yapistiricilar\/\",\"url\":\"https:\/\/pulsar.com.tr\/kimya\/uv-yapistiricilar\/\",\"name\":\"Ultraviyole (UV) Yap\u0131\u015ft\u0131r\u0131c\u0131 | Pulsar Kimya | Hemen \u0130ncele\",\"isPartOf\":{\"@id\":\"https:\/\/pulsar.com.tr\/kimya\/#website\"},\"datePublished\":\"2020-06-30T12:15:08+00:00\",\"dateModified\":\"2022-07-22T12:17:41+00:00\",\"description\":\"UV Yap\u0131\u015ft\u0131r\u0131c\u0131lar, ultraviyole \u0131\u015f\u0131k kayna\u011f\u0131 ile h\u0131zl\u0131 donabilen yap\u0131\u015ft\u0131r\u0131c\u0131 grubudur. Pulsar Kimya olarak \u00fcr\u00fcn portf\u00f6y\u00fcm\u00fcz\u00fc inceleyebilir...\",\"breadcrumb\":{\"@id\":\"https:\/\/pulsar.com.tr\/kimya\/uv-yapistiricilar\/#breadcrumb\"},\"inLanguage\":\"tr\",\"potentialAction\":[{\"@type\":\"ReadAction\",\"target\":[\"https:\/\/pulsar.com.tr\/kimya\/uv-yapistiricilar\/\"]}]},{\"@type\":\"BreadcrumbList\",\"@id\":\"https:\/\/pulsar.com.tr\/kimya\/uv-yapistiricilar\/#breadcrumb\",\"itemListElement\":[{\"@type\":\"ListItem\",\"position\":1,\"name\":\"Ana sayfa\",\"item\":\"https:\/\/pulsar.com.tr\/kimya\/\"},{\"@type\":\"ListItem\",\"position\":2,\"name\":\"UV Yap\u0131\u015ft\u0131r\u0131c\u0131lar\"}]},{\"@type\":\"WebSite\",\"@id\":\"https:\/\/pulsar.com.tr\/kimya\/#website\",\"url\":\"https:\/\/pulsar.com.tr\/kimya\/\",\"name\":\"Pulsar Kimya\",\"description\":\"\",\"publisher\":{\"@id\":\"https:\/\/pulsar.com.tr\/kimya\/#organization\"},\"potentialAction\":[{\"@type\":\"SearchAction\",\"target\":{\"@type\":\"EntryPoint\",\"urlTemplate\":\"https:\/\/pulsar.com.tr\/kimya\/?s={search_term_string}\"},\"query-input\":{\"@type\":\"PropertyValueSpecification\",\"valueRequired\":true,\"valueName\":\"search_term_string\"}}],\"inLanguage\":\"tr\"},{\"@type\":\"Organization\",\"@id\":\"https:\/\/pulsar.com.tr\/kimya\/#organization\",\"name\":\"Pulsar Kimya Sanayi ve Ticaret A.\u015e.\",\"url\":\"https:\/\/pulsar.com.tr\/kimya\/\",\"logo\":{\"@type\":\"ImageObject\",\"inLanguage\":\"tr\",\"@id\":\"https:\/\/pulsar.com.tr\/kimya\/#\/schema\/logo\/image\/\",\"url\":\"https:\/\/pulsar.com.tr\/kimya\/wp-content\/uploads\/2020\/11\/kimya-logo.png\",\"contentUrl\":\"https:\/\/pulsar.com.tr\/kimya\/wp-content\/uploads\/2020\/11\/kimya-logo.png\",\"width\":153,\"height\":175,\"caption\":\"Pulsar Kimya Sanayi ve Ticaret A.\u015e.\"},\"image\":{\"@id\":\"https:\/\/pulsar.com.tr\/kimya\/#\/schema\/logo\/image\/\"},\"sameAs\":[\"https:\/\/www.facebook.com\/PulsarKimyaSanayi\",\"https:\/\/x.com\/PulsarKimya\",\"https:\/\/www.instagram.com\/pulsarkimya\/\",\"https:\/\/www.linkedin.com\/company\/pulsarkimya\/\",\"https:\/\/www.youtube.com\/channel\/UCSgxLg4VTIotm-9IafHYM5w\"]}]}<\/script>\n<!-- \/ Yoast SEO plugin. -->","yoast_head_json":{"title":"Ultraviyole (UV) Yap\u0131\u015ft\u0131r\u0131c\u0131 | Pulsar Kimya | Hemen \u0130ncele","description":"UV Yap\u0131\u015ft\u0131r\u0131c\u0131lar, ultraviyole \u0131\u015f\u0131k kayna\u011f\u0131 ile h\u0131zl\u0131 donabilen yap\u0131\u015ft\u0131r\u0131c\u0131 grubudur. Pulsar Kimya olarak \u00fcr\u00fcn portf\u00f6y\u00fcm\u00fcz\u00fc inceleyebilir...","robots":{"index":"index","follow":"follow","max-snippet":"max-snippet:-1","max-image-preview":"max-image-preview:large","max-video-preview":"max-video-preview:-1"},"canonical":"https:\/\/pulsar.com.tr\/kimya\/uv-yapistiricilar\/","og_locale":"tr_TR","og_type":"article","og_title":"Ultraviyole (UV) Yap\u0131\u015ft\u0131r\u0131c\u0131 | Pulsar Kimya | Hemen \u0130ncele","og_description":"UV Yap\u0131\u015ft\u0131r\u0131c\u0131lar, ultraviyole \u0131\u015f\u0131k kayna\u011f\u0131 ile h\u0131zl\u0131 donabilen yap\u0131\u015ft\u0131r\u0131c\u0131 grubudur. Pulsar Kimya olarak \u00fcr\u00fcn portf\u00f6y\u00fcm\u00fcz\u00fc inceleyebilir...","og_url":"https:\/\/pulsar.com.tr\/kimya\/uv-yapistiricilar\/","og_site_name":"Pulsar Kimya","article_publisher":"https:\/\/www.facebook.com\/PulsarKimyaSanayi","article_modified_time":"2022-07-22T12:17:41+00:00","twitter_card":"summary_large_image","twitter_site":"@PulsarKimya","schema":{"@context":"https:\/\/schema.org","@graph":[{"@type":"WebPage","@id":"https:\/\/pulsar.com.tr\/kimya\/uv-yapistiricilar\/","url":"https:\/\/pulsar.com.tr\/kimya\/uv-yapistiricilar\/","name":"Ultraviyole (UV) Yap\u0131\u015ft\u0131r\u0131c\u0131 | Pulsar Kimya | Hemen \u0130ncele","isPartOf":{"@id":"https:\/\/pulsar.com.tr\/kimya\/#website"},"datePublished":"2020-06-30T12:15:08+00:00","dateModified":"2022-07-22T12:17:41+00:00","description":"UV Yap\u0131\u015ft\u0131r\u0131c\u0131lar, ultraviyole \u0131\u015f\u0131k kayna\u011f\u0131 ile h\u0131zl\u0131 donabilen yap\u0131\u015ft\u0131r\u0131c\u0131 grubudur. Pulsar Kimya olarak \u00fcr\u00fcn portf\u00f6y\u00fcm\u00fcz\u00fc inceleyebilir...","breadcrumb":{"@id":"https:\/\/pulsar.com.tr\/kimya\/uv-yapistiricilar\/#breadcrumb"},"inLanguage":"tr","potentialAction":[{"@type":"ReadAction","target":["https:\/\/pulsar.com.tr\/kimya\/uv-yapistiricilar\/"]}]},{"@type":"BreadcrumbList","@id":"https:\/\/pulsar.com.tr\/kimya\/uv-yapistiricilar\/#breadcrumb","itemListElement":[{"@type":"ListItem","position":1,"name":"Ana sayfa","item":"https:\/\/pulsar.com.tr\/kimya\/"},{"@type":"ListItem","position":2,"name":"UV Yap\u0131\u015ft\u0131r\u0131c\u0131lar"}]},{"@type":"WebSite","@id":"https:\/\/pulsar.com.tr\/kimya\/#website","url":"https:\/\/pulsar.com.tr\/kimya\/","name":"Pulsar Kimya","description":"","publisher":{"@id":"https:\/\/pulsar.com.tr\/kimya\/#organization"},"potentialAction":[{"@type":"SearchAction","target":{"@type":"EntryPoint","urlTemplate":"https:\/\/pulsar.com.tr\/kimya\/?s={search_term_string}"},"query-input":{"@type":"PropertyValueSpecification","valueRequired":true,"valueName":"search_term_string"}}],"inLanguage":"tr"},{"@type":"Organization","@id":"https:\/\/pulsar.com.tr\/kimya\/#organization","name":"Pulsar Kimya Sanayi ve Ticaret A.\u015e.","url":"https:\/\/pulsar.com.tr\/kimya\/","logo":{"@type":"ImageObject","inLanguage":"tr","@id":"https:\/\/pulsar.com.tr\/kimya\/#\/schema\/logo\/image\/","url":"https:\/\/pulsar.com.tr\/kimya\/wp-content\/uploads\/2020\/11\/kimya-logo.png","contentUrl":"https:\/\/pulsar.com.tr\/kimya\/wp-content\/uploads\/2020\/11\/kimya-logo.png","width":153,"height":175,"caption":"Pulsar Kimya Sanayi ve Ticaret A.\u015e."},"image":{"@id":"https:\/\/pulsar.com.tr\/kimya\/#\/schema\/logo\/image\/"},"sameAs":["https:\/\/www.facebook.com\/PulsarKimyaSanayi","https:\/\/x.com\/PulsarKimya","https:\/\/www.instagram.com\/pulsarkimya\/","https:\/\/www.linkedin.com\/company\/pulsarkimya\/","https:\/\/www.youtube.com\/channel\/UCSgxLg4VTIotm-9IafHYM5w"]}]}},"_links":{"self":[{"href":"https:\/\/pulsar.com.tr\/kimya\/wp-json\/wp\/v2\/pages\/2252"}],"collection":[{"href":"https:\/\/pulsar.com.tr\/kimya\/wp-json\/wp\/v2\/pages"}],"about":[{"href":"https:\/\/pulsar.com.tr\/kimya\/wp-json\/wp\/v2\/types\/page"}],"author":[{"embeddable":true,"href":"https:\/\/pulsar.com.tr\/kimya\/wp-json\/wp\/v2\/users\/1"}],"replies":[{"embeddable":true,"href":"https:\/\/pulsar.com.tr\/kimya\/wp-json\/wp\/v2\/comments?post=2252"}],"version-history":[{"count":4,"href":"https:\/\/pulsar.com.tr\/kimya\/wp-json\/wp\/v2\/pages\/2252\/revisions"}],"predecessor-version":[{"id":5363,"href":"https:\/\/pulsar.com.tr\/kimya\/wp-json\/wp\/v2\/pages\/2252\/revisions\/5363"}],"wp:attachment":[{"href":"https:\/\/pulsar.com.tr\/kimya\/wp-json\/wp\/v2\/media?parent=2252"}],"curies":[{"name":"wp","href":"https:\/\/api.w.org\/{rel}","templated":true}]}}