{"id":862,"date":"2011-09-23T15:15:41","date_gmt":"2011-09-23T15:15:41","guid":{"rendered":"http:\/\/rttheme18.demo-rt.com\/?page_id=5"},"modified":"2025-07-29T11:33:53","modified_gmt":"2025-07-29T11:33:53","slug":"hakkimizda","status":"publish","type":"page","link":"https:\/\/pulsar.com.tr\/kimya\/ru\/about-ru\/","title":{"rendered":"\u043e \u043d\u0430\u0441"},"content":{"rendered":"<p>\u041a\u0430\u043a \u0447\u0430\u0441\u0442\u044c Pulsar Group (\u043a\u043e\u043c\u043f\u0430\u043d\u0438\u0439), \u043e\u0441\u043d\u043e\u0432\u0430\u043d\u043d\u043e\u0439 \u0432 1983 \u0433\u043e\u0434\u0443, Pulsar Kimya Sanayi ve Ticaret Anonim Sirketi (Pulsar Chemical Industry and Trade Incorporated Company) \u0431\u043e\u043b\u0435\u0435 40 \u043b\u0435\u0442 \u043e\u0431\u0441\u043b\u0443\u0436\u0438\u0432\u0430\u0435\u0442 \u0442\u0443\u0440\u0435\u0446\u043a\u0443\u044e \u043f\u0440\u043e\u043c\u044b\u0448\u043b\u0435\u043d\u043d\u043e\u0441\u0442\u044c, \u0432\u043d\u0435\u0434\u0440\u044f\u044f \u0432 \u043d\u0435\u0435 \u0432\u044b\u0441\u043e\u043a\u043e\u0442\u0435\u0445\u043d\u043e\u043b\u043e\u0433\u0438\u0447\u043d\u044b\u0435 \u043f\u0440\u043e\u043c\u044b\u0448\u043b\u0435\u043d\u043d\u044b\u0435 \u0445\u0438\u043c\u0438\u043a\u0430\u0442\u044b. .<\/p>\n<p>Pulsar Kimya AS \u0441\u043f\u0435\u0446\u0438\u0430\u043b\u0438\u0437\u0438\u0440\u0443\u0435\u0442\u0441\u044f \u043d\u0430 \u043f\u0440\u043e\u043c\u044b\u0448\u043b\u0435\u043d\u043d\u044b\u0445 \u043a\u043b\u0435\u044f\u0445, \u0440\u0435\u043c\u043e\u043d\u0442\u043d\u043e-\u044d\u043a\u0441\u043f\u043b\u0443\u0430\u0442\u0430\u0446\u0438\u043e\u043d\u043d\u044b\u0445 \u0438 \u0442\u0435\u0445\u043d\u043e\u043b\u043e\u0433\u0438\u0447\u0435\u0441\u043a\u0438\u0445 \u0445\u0438\u043c\u0438\u043a\u0430\u0442\u0430\u0445. \u041a\u043e\u043c\u043f\u0430\u043d\u0438\u044f Pulsar Kimya AS \u0434\u0435\u043b\u0438\u0442\u0441\u044f \u0441\u0432\u043e\u0438\u043c\u0438 \u043c\u043d\u043e\u0433\u043e\u043b\u0435\u0442\u043d\u0438\u043c\u0438 \u0437\u043d\u0430\u043d\u0438\u044f\u043c\u0438 \u0438 \u043e\u043f\u044b\u0442\u043e\u043c \u0441 \u043e\u0440\u0433\u0430\u043d\u0438\u0437\u0430\u0446\u0438\u044f\u043c\u0438 \u043f\u0440\u0430\u043a\u0442\u0438\u0447\u0435\u0441\u043a\u0438 \u0432\u043e \u0432\u0441\u0435\u0445 \u043e\u0442\u0440\u0430\u0441\u043b\u044f\u0445 \u043f\u0440\u043e\u043c\u044b\u0448\u043b\u0435\u043d\u043d\u043e\u0441\u0442\u0438, \u043f\u0440\u0435\u0434\u043e\u0441\u0442\u0430\u0432\u043b\u044f\u044f \u00ab\u0442\u0435\u0445\u043d\u0438\u0447\u0435\u0441\u043a\u0438\u0435 \u0440\u0435\u0448\u0435\u043d\u0438\u044f\u00bb \u0434\u043b\u044f \u0442\u0430\u043a\u0438\u0445 \u0441\u0435\u043a\u0442\u043e\u0440\u043e\u0432 (\u043e\u0442\u0440\u0430\u0441\u043b\u0435\u0439), \u043a\u0430\u043a \u043e\u0431\u043e\u0440\u043e\u043d\u043d\u0430\u044f \u043f\u0440\u043e\u043c\u044b\u0448\u043b\u0435\u043d\u043d\u043e\u0441\u0442\u044c. , \u043d\u0435\u0444\u0442\u0435\u0445\u0438\u043c\u0438\u044f, \u044d\u043b\u0435\u043a\u0442\u0440\u043e\u043d\u0438\u043a\u0430, \u043c\u0430\u0448\u0438\u043d\u043e\u0441\u0442\u0440\u043e\u0435\u043d\u0438\u0435, \u0430\u0432\u0438\u0430\u043a\u043e\u0441\u043c\u0438\u0447\u0435\u0441\u043a\u0430\u044f \u043f\u0440\u043e\u043c\u044b\u0448\u043b\u0435\u043d\u043d\u043e\u0441\u0442\u044c, \u0431\u044b\u0442\u043e\u0432\u0430\u044f \u0442\u0435\u0445\u043d\u0438\u043a\u0430, \u043c\u0435\u0434\u0438\u0446\u0438\u043d\u0430, \u043c\u0435\u0431\u0435\u043b\u044c, \u0441\u0442\u0435\u043a\u043b\u043e \u0438 \u0430\u0432\u0442\u043e\u043c\u043e\u0431\u0438\u043b\u0435\u0441\u0442\u0440\u043e\u0435\u043d\u0438\u0435<\/p>\n<p>Pulsar Kimya \u043f\u043e\u0441\u0442\u0430\u0432\u043b\u044f\u0435\u0442 \u0431\u043e\u043b\u0435\u0435 \u0442\u044b\u0441\u044f\u0447\u0438 \u043f\u0440\u043e\u0434\u0443\u043a\u0442\u043e\u0432 \u0432 \u0441\u0432\u043e\u0439 \u043f\u043e\u0440\u0442\u0444\u0435\u043b\u044c \u0441\u0432\u043e\u0438\u043c \u043a\u043b\u0438\u0435\u043d\u0442\u0430\u043c \u0447\u0435\u0440\u0435\u0437 \u0433\u043b\u0430\u0432\u043d\u044b\u0439 \u043e\u0444\u0438\u0441 \u0432 \u0410\u043d\u043a\u0430\u0440\u0435, \u0440\u0435\u0433\u0438\u043e\u043d\u0430\u043b\u044c\u043d\u044b\u0435 \u043e\u0444\u0438\u0441\u044b \u0432 \u0421\u0442\u0430\u043c\u0431\u0443\u043b\u0435, \u0411\u0443\u0440\u0441\u0435, \u0418\u0437\u043c\u0438\u0440\u0435 \u0438 \u0447\u0435\u0440\u0435\u0437 \u0434\u0438\u0441\u0442\u0440\u0438\u0431\u044c\u044e\u0442\u043e\u0440\u043e\u0432 \u043f\u043e \u0432\u0441\u0435\u0439 \u0422\u0443\u0440\u0446\u0438\u0438.<\/p>\n<p>Pulsar Kimya &#8212; \u043e\u0434\u043d\u0430 \u0438\u0437 \u043d\u0435\u043c\u043d\u043e\u0433\u0438\u0445 \u043a\u043e\u043c\u043f\u0430\u043d\u0438\u0439, \u043a\u043e\u0442\u043e\u0440\u0430\u044f \u0441\u043e\u0447\u0435\u0442\u0430\u0435\u0442 \u0438\u043d\u043d\u043e\u0432\u0430\u0446\u0438\u043e\u043d\u043d\u044b\u0435 \u0438 \u043a\u043e\u043d\u043a\u0443\u0440\u0435\u043d\u0442\u043e\u0441\u043f\u043e\u0441\u043e\u0431\u043d\u044b\u0435 \u0443\u0441\u043b\u0443\u0433\u0438 \/ \u0440\u0435\u0448\u0435\u043d\u0438\u044f \u0441 \u043f\u0440\u0438\u043d\u0446\u0438\u043f\u043e\u043c \u00ab\u0443\u0441\u0442\u043e\u0439\u0447\u0438\u0432\u043e\u0433\u043e \u043a\u0430\u0447\u0435\u0441\u0442\u0432\u0430\u00bb.<\/p>","protected":false},"excerpt":{"rendered":"<p>\u041a\u0430\u043a \u0447\u0430\u0441\u0442\u044c Pulsar Group (\u043a\u043e\u043c\u043f\u0430\u043d\u0438\u0439), \u043e\u0441\u043d\u043e\u0432\u0430\u043d\u043d\u043e\u0439 \u0432 1983 \u0433\u043e\u0434\u0443, Pulsar Kimya Sanayi ve Ticaret Anonim Sirketi (Pulsar Chemical Industry and Trade Incorporated Company) \u0431\u043e\u043b\u0435\u0435 40 \u043b\u0435\u0442 \u043e\u0431\u0441\u043b\u0443\u0436\u0438\u0432\u0430\u0435\u0442 \u0442\u0443\u0440\u0435\u0446\u043a\u0443\u044e \u043f\u0440\u043e\u043c\u044b\u0448\u043b\u0435\u043d\u043d\u043e\u0441\u0442\u044c, \u0432\u043d\u0435\u0434\u0440\u044f\u044f \u0432 \u043d\u0435\u0435 \u0432\u044b\u0441\u043e\u043a\u043e\u0442\u0435\u0445\u043d\u043e\u043b\u043e\u0433\u0438\u0447\u043d\u044b\u0435 \u043f\u0440\u043e\u043c\u044b\u0448\u043b\u0435\u043d\u043d\u044b\u0435 \u0445\u0438\u043c\u0438\u043a\u0430\u0442\u044b. . Pulsar Kimya AS \u0441\u043f\u0435\u0446\u0438\u0430\u043b\u0438\u0437\u0438\u0440\u0443\u0435\u0442\u0441\u044f \u043d\u0430 \u043f\u0440\u043e\u043c\u044b\u0448\u043b\u0435\u043d\u043d\u044b\u0445 \u043a\u043b\u0435\u044f\u0445, \u0440\u0435\u043c\u043e\u043d\u0442\u043d\u043e-\u044d\u043a\u0441\u043f\u043b\u0443\u0430\u0442\u0430\u0446\u0438\u043e\u043d\u043d\u044b\u0445 \u0438 \u0442\u0435\u0445\u043d\u043e\u043b\u043e\u0433\u0438\u0447\u0435\u0441\u043a\u0438\u0445 \u0445\u0438\u043c\u0438\u043a\u0430\u0442\u0430\u0445. \u041a\u043e\u043c\u043f\u0430\u043d\u0438\u044f Pulsar Kimya AS \u0434\u0435\u043b\u0438\u0442\u0441\u044f \u0441\u0432\u043e\u0438\u043c\u0438 \u043c\u043d\u043e\u0433\u043e\u043b\u0435\u0442\u043d\u0438\u043c\u0438 \u0437\u043d\u0430\u043d\u0438\u044f\u043c\u0438 [&hellip;]<\/p>\n","protected":false},"author":1,"featured_media":0,"parent":0,"menu_order":0,"comment_status":"open","ping_status":"open","template":"","meta":{"footnotes":""},"class_list":["post-862","page","type-page","status-publish","hentry"],"yoast_head":"<!-- This site is optimized with the Yoast SEO plugin v24.2 - https:\/\/yoast.com\/wordpress\/plugins\/seo\/ -->\n<title>\u043e \u043d\u0430\u0441 | Pulsar Kimya | End\u00fcstriyel Teknik \u00c7\u00f6z\u00fcmler<\/title>\n<meta name=\"description\" content=\"Ankara\u2019daki merkez ofisi ile \u0130stanbul, Bursa, \u0130zmir b\u00f6lge m\u00fcd\u00fcrl\u00fckleri ile bini a\u015fk\u0131n \u00fcr\u00fcn\u00fc \u201cdo\u011fru yerde do\u011fru \u00e7\u00f6z\u00fcm\u201d prensibi...\" \/>\n<meta name=\"robots\" content=\"index, follow, max-snippet:-1, max-image-preview:large, max-video-preview:-1\" \/>\n<link rel=\"canonical\" href=\"https:\/\/pulsar.com.tr\/kimya\/hakkimizda\/\" \/>\n<meta property=\"og:locale\" content=\"ru_RU\" \/>\n<meta property=\"og:type\" content=\"article\" \/>\n<meta property=\"og:title\" content=\"[:tr]Hakk\u0131m\u0131zda[:en]About Us[:ru]\u043e \u043d\u0430\u0441[:] | Pulsar Kimya | End\u00fcstriyel Teknik \u00c7\u00f6z\u00fcmler\" \/>\n<meta property=\"og:description\" content=\"Ankara\u2019daki merkez ofisi ile \u0130stanbul, Bursa, \u0130zmir b\u00f6lge m\u00fcd\u00fcrl\u00fckleri ile bini a\u015fk\u0131n \u00fcr\u00fcn\u00fc \u201cdo\u011fru yerde do\u011fru \u00e7\u00f6z\u00fcm\u201d prensibi...\" \/>\n<meta property=\"og:url\" content=\"https:\/\/pulsar.com.tr\/kimya\/hakkimizda\/\" \/>\n<meta property=\"og:site_name\" content=\"Pulsar Kimya\" \/>\n<meta property=\"article:publisher\" content=\"https:\/\/www.facebook.com\/PulsarKimyaSanayi\" \/>\n<meta property=\"article:modified_time\" content=\"2025-07-29T11:33:53+00:00\" \/>\n<meta name=\"twitter:card\" content=\"summary_large_image\" \/>\n<meta name=\"twitter:site\" content=\"@PulsarKimya\" \/>\n<meta name=\"twitter:label1\" content=\"\u041f\u0440\u0438\u043c\u0435\u0440\u043d\u043e\u0435 \u0432\u0440\u0435\u043c\u044f \u0434\u043b\u044f \u0447\u0442\u0435\u043d\u0438\u044f\" \/>\n\t<meta name=\"twitter:data1\" content=\"1 \u043c\u0438\u043d\u0443\u0442\u0430\" \/>\n<script type=\"application\/ld+json\" class=\"yoast-schema-graph\">{\"@context\":\"https:\/\/schema.org\",\"@graph\":[{\"@type\":\"WebPage\",\"@id\":\"https:\/\/pulsar.com.tr\/kimya\/hakkimizda\/\",\"url\":\"https:\/\/pulsar.com.tr\/kimya\/hakkimizda\/\",\"name\":\"[:tr]Hakk\u0131m\u0131zda[:en]About Us[:ru]\u043e \u043d\u0430\u0441[:] | Pulsar Kimya | End\u00fcstriyel Teknik \u00c7\u00f6z\u00fcmler\",\"isPartOf\":{\"@id\":\"https:\/\/pulsar.com.tr\/kimya\/#website\"},\"datePublished\":\"2011-09-23T15:15:41+00:00\",\"dateModified\":\"2025-07-29T11:33:53+00:00\",\"description\":\"Ankara\u2019daki merkez ofisi ile \u0130stanbul, Bursa, \u0130zmir b\u00f6lge m\u00fcd\u00fcrl\u00fckleri ile bini a\u015fk\u0131n \u00fcr\u00fcn\u00fc \u201cdo\u011fru yerde do\u011fru \u00e7\u00f6z\u00fcm\u201d prensibi...\",\"breadcrumb\":{\"@id\":\"https:\/\/pulsar.com.tr\/kimya\/hakkimizda\/#breadcrumb\"},\"inLanguage\":\"ru-RU\",\"potentialAction\":[{\"@type\":\"ReadAction\",\"target\":[\"https:\/\/pulsar.com.tr\/kimya\/hakkimizda\/\"]}]},{\"@type\":\"BreadcrumbList\",\"@id\":\"https:\/\/pulsar.com.tr\/kimya\/hakkimizda\/#breadcrumb\",\"itemListElement\":[{\"@type\":\"ListItem\",\"position\":1,\"name\":\"Ana sayfa\",\"item\":\"https:\/\/pulsar.com.tr\/kimya\/\"},{\"@type\":\"ListItem\",\"position\":2,\"name\":\"Hakk\u0131m\u0131zda\"}]},{\"@type\":\"WebSite\",\"@id\":\"https:\/\/pulsar.com.tr\/kimya\/#website\",\"url\":\"https:\/\/pulsar.com.tr\/kimya\/\",\"name\":\"Pulsar Kimya\",\"description\":\"\",\"publisher\":{\"@id\":\"https:\/\/pulsar.com.tr\/kimya\/#organization\"},\"potentialAction\":[{\"@type\":\"SearchAction\",\"target\":{\"@type\":\"EntryPoint\",\"urlTemplate\":\"https:\/\/pulsar.com.tr\/kimya\/?s={search_term_string}\"},\"query-input\":{\"@type\":\"PropertyValueSpecification\",\"valueRequired\":true,\"valueName\":\"search_term_string\"}}],\"inLanguage\":\"ru-RU\"},{\"@type\":\"Organization\",\"@id\":\"https:\/\/pulsar.com.tr\/kimya\/#organization\",\"name\":\"Pulsar Kimya Sanayi ve Ticaret A.\u015e.\",\"url\":\"https:\/\/pulsar.com.tr\/kimya\/\",\"logo\":{\"@type\":\"ImageObject\",\"inLanguage\":\"ru-RU\",\"@id\":\"https:\/\/pulsar.com.tr\/kimya\/#\/schema\/logo\/image\/\",\"url\":\"https:\/\/pulsar.com.tr\/kimya\/wp-content\/uploads\/2020\/11\/kimya-logo.png\",\"contentUrl\":\"https:\/\/pulsar.com.tr\/kimya\/wp-content\/uploads\/2020\/11\/kimya-logo.png\",\"width\":153,\"height\":175,\"caption\":\"Pulsar Kimya Sanayi ve Ticaret A.\u015e.\"},\"image\":{\"@id\":\"https:\/\/pulsar.com.tr\/kimya\/#\/schema\/logo\/image\/\"},\"sameAs\":[\"https:\/\/www.facebook.com\/PulsarKimyaSanayi\",\"https:\/\/x.com\/PulsarKimya\",\"https:\/\/www.instagram.com\/pulsarkimya\/\",\"https:\/\/www.linkedin.com\/company\/pulsarkimya\/\",\"https:\/\/www.youtube.com\/channel\/UCSgxLg4VTIotm-9IafHYM5w\"]}]}<\/script>\n<!-- \/ Yoast SEO plugin. -->","yoast_head_json":{"title":"[:tr]Hakk\u0131m\u0131zda[:en]About Us[:ru]\u043e \u043d\u0430\u0441[:] | Pulsar Kimya | End\u00fcstriyel Teknik \u00c7\u00f6z\u00fcmler","description":"Ankara\u2019daki merkez ofisi ile \u0130stanbul, Bursa, \u0130zmir b\u00f6lge m\u00fcd\u00fcrl\u00fckleri ile bini a\u015fk\u0131n \u00fcr\u00fcn\u00fc \u201cdo\u011fru yerde do\u011fru \u00e7\u00f6z\u00fcm\u201d prensibi...","robots":{"index":"index","follow":"follow","max-snippet":"max-snippet:-1","max-image-preview":"max-image-preview:large","max-video-preview":"max-video-preview:-1"},"canonical":"https:\/\/pulsar.com.tr\/kimya\/hakkimizda\/","og_locale":"ru_RU","og_type":"article","og_title":"[:tr]Hakk\u0131m\u0131zda[:en]About Us[:ru]\u043e \u043d\u0430\u0441[:] | Pulsar Kimya | End\u00fcstriyel Teknik \u00c7\u00f6z\u00fcmler","og_description":"Ankara\u2019daki merkez ofisi ile \u0130stanbul, Bursa, \u0130zmir b\u00f6lge m\u00fcd\u00fcrl\u00fckleri ile bini a\u015fk\u0131n \u00fcr\u00fcn\u00fc \u201cdo\u011fru yerde do\u011fru \u00e7\u00f6z\u00fcm\u201d prensibi...","og_url":"https:\/\/pulsar.com.tr\/kimya\/hakkimizda\/","og_site_name":"Pulsar Kimya","article_publisher":"https:\/\/www.facebook.com\/PulsarKimyaSanayi","article_modified_time":"2025-07-29T11:33:53+00:00","twitter_card":"summary_large_image","twitter_site":"@PulsarKimya","twitter_misc":{"\u041f\u0440\u0438\u043c\u0435\u0440\u043d\u043e\u0435 \u0432\u0440\u0435\u043c\u044f \u0434\u043b\u044f \u0447\u0442\u0435\u043d\u0438\u044f":"1 \u043c\u0438\u043d\u0443\u0442\u0430"},"schema":{"@context":"https:\/\/schema.org","@graph":[{"@type":"WebPage","@id":"https:\/\/pulsar.com.tr\/kimya\/hakkimizda\/","url":"https:\/\/pulsar.com.tr\/kimya\/hakkimizda\/","name":"[:tr]Hakk\u0131m\u0131zda[:en]About Us[:ru]\u043e \u043d\u0430\u0441[:] | Pulsar Kimya | End\u00fcstriyel Teknik \u00c7\u00f6z\u00fcmler","isPartOf":{"@id":"https:\/\/pulsar.com.tr\/kimya\/#website"},"datePublished":"2011-09-23T15:15:41+00:00","dateModified":"2025-07-29T11:33:53+00:00","description":"Ankara\u2019daki merkez ofisi ile \u0130stanbul, Bursa, \u0130zmir b\u00f6lge m\u00fcd\u00fcrl\u00fckleri ile bini a\u015fk\u0131n \u00fcr\u00fcn\u00fc \u201cdo\u011fru yerde do\u011fru \u00e7\u00f6z\u00fcm\u201d prensibi...","breadcrumb":{"@id":"https:\/\/pulsar.com.tr\/kimya\/hakkimizda\/#breadcrumb"},"inLanguage":"ru-RU","potentialAction":[{"@type":"ReadAction","target":["https:\/\/pulsar.com.tr\/kimya\/hakkimizda\/"]}]},{"@type":"BreadcrumbList","@id":"https:\/\/pulsar.com.tr\/kimya\/hakkimizda\/#breadcrumb","itemListElement":[{"@type":"ListItem","position":1,"name":"Ana sayfa","item":"https:\/\/pulsar.com.tr\/kimya\/"},{"@type":"ListItem","position":2,"name":"Hakk\u0131m\u0131zda"}]},{"@type":"WebSite","@id":"https:\/\/pulsar.com.tr\/kimya\/#website","url":"https:\/\/pulsar.com.tr\/kimya\/","name":"Pulsar Kimya","description":"","publisher":{"@id":"https:\/\/pulsar.com.tr\/kimya\/#organization"},"potentialAction":[{"@type":"SearchAction","target":{"@type":"EntryPoint","urlTemplate":"https:\/\/pulsar.com.tr\/kimya\/?s={search_term_string}"},"query-input":{"@type":"PropertyValueSpecification","valueRequired":true,"valueName":"search_term_string"}}],"inLanguage":"ru-RU"},{"@type":"Organization","@id":"https:\/\/pulsar.com.tr\/kimya\/#organization","name":"Pulsar Kimya Sanayi ve Ticaret A.\u015e.","url":"https:\/\/pulsar.com.tr\/kimya\/","logo":{"@type":"ImageObject","inLanguage":"ru-RU","@id":"https:\/\/pulsar.com.tr\/kimya\/#\/schema\/logo\/image\/","url":"https:\/\/pulsar.com.tr\/kimya\/wp-content\/uploads\/2020\/11\/kimya-logo.png","contentUrl":"https:\/\/pulsar.com.tr\/kimya\/wp-content\/uploads\/2020\/11\/kimya-logo.png","width":153,"height":175,"caption":"Pulsar Kimya Sanayi ve Ticaret A.\u015e."},"image":{"@id":"https:\/\/pulsar.com.tr\/kimya\/#\/schema\/logo\/image\/"},"sameAs":["https:\/\/www.facebook.com\/PulsarKimyaSanayi","https:\/\/x.com\/PulsarKimya","https:\/\/www.instagram.com\/pulsarkimya\/","https:\/\/www.linkedin.com\/company\/pulsarkimya\/","https:\/\/www.youtube.com\/channel\/UCSgxLg4VTIotm-9IafHYM5w"]}]}},"_links":{"self":[{"href":"https:\/\/pulsar.com.tr\/kimya\/ru\/wp-json\/wp\/v2\/pages\/862"}],"collection":[{"href":"https:\/\/pulsar.com.tr\/kimya\/ru\/wp-json\/wp\/v2\/pages"}],"about":[{"href":"https:\/\/pulsar.com.tr\/kimya\/ru\/wp-json\/wp\/v2\/types\/page"}],"author":[{"embeddable":true,"href":"https:\/\/pulsar.com.tr\/kimya\/ru\/wp-json\/wp\/v2\/users\/1"}],"replies":[{"embeddable":true,"href":"https:\/\/pulsar.com.tr\/kimya\/ru\/wp-json\/wp\/v2\/comments?post=862"}],"version-history":[{"count":10,"href":"https:\/\/pulsar.com.tr\/kimya\/ru\/wp-json\/wp\/v2\/pages\/862\/revisions"}],"predecessor-version":[{"id":6785,"href":"https:\/\/pulsar.com.tr\/kimya\/ru\/wp-json\/wp\/v2\/pages\/862\/revisions\/6785"}],"wp:attachment":[{"href":"https:\/\/pulsar.com.tr\/kimya\/ru\/wp-json\/wp\/v2\/media?parent=862"}],"curies":[{"name":"wp","href":"https:\/\/api.w.org\/{rel}","templated":true}]}}