{"id":6526,"date":"2023-09-04T12:26:56","date_gmt":"2023-09-04T12:26:56","guid":{"rendered":"https:\/\/pulsar.com.tr\/kimya\/?page_id=6526"},"modified":"2023-12-05T07:26:31","modified_gmt":"2023-12-05T07:26:31","slug":"termal-macun","status":"publish","type":"page","link":"https:\/\/pulsar.com.tr\/kimya\/ru\/thermal-paste\/","title":{"rendered":"\u0420\u0435\u043c\u043e\u043d\u0442\u043d\u044b\u0435 \u043f\u0430\u0441\u0442\u044b \u0438 \u0448\u043f\u0430\u0442\u043b\u0435\u0432\u043a\u0438"},"content":{"rendered":"","protected":false},"excerpt":{"rendered":"","protected":false},"author":5,"featured_media":0,"parent":0,"menu_order":0,"comment_status":"closed","ping_status":"closed","template":"","meta":{"footnotes":""},"class_list":["post-6526","page","type-page","status-publish","hentry"],"yoast_head":"<!-- This site is optimized with the Yoast SEO plugin v24.2 - https:\/\/yoast.com\/wordpress\/plugins\/seo\/ -->\n<title>\u0420\u0435\u043c\u043e\u043d\u0442\u043d\u044b\u0435 \u043f\u0430\u0441\u0442\u044b \u0438 \u0448\u043f\u0430\u0442\u043b\u0435\u0432\u043a\u0438 | Y\u00fcksek Performans | Pulsar Kimya<\/title>\n<meta name=\"description\" content=\"Y\u00fcksek performansl\u0131 termal macun elektronik cihazlar\u0131n\u0131z\u0131n \u0131s\u0131s\u0131n\u0131 etkili bir \u015fekilde da\u011f\u0131tarak daha iyi ve verimli \u00e7al\u0131\u015fmalar\u0131n\u0131 sa\u011flar\" \/>\n<meta name=\"robots\" content=\"index, follow, max-snippet:-1, max-image-preview:large, max-video-preview:-1\" \/>\n<link rel=\"canonical\" href=\"https:\/\/pulsar.com.tr\/kimya\/termal-macun\/\" \/>\n<meta property=\"og:locale\" content=\"ru_RU\" \/>\n<meta property=\"og:type\" content=\"article\" \/>\n<meta property=\"og:title\" content=\"[:tr]Termal Macun[:en]Repair Pastes and Putties[:ru]\u0420\u0435\u043c\u043e\u043d\u0442\u043d\u044b\u0435 \u043f\u0430\u0441\u0442\u044b \u0438 \u0448\u043f\u0430\u0442\u043b\u0435\u0432\u043a\u0438[:] | Y\u00fcksek Performans | Pulsar Kimya\" \/>\n<meta property=\"og:description\" content=\"Y\u00fcksek performansl\u0131 termal macun elektronik cihazlar\u0131n\u0131z\u0131n \u0131s\u0131s\u0131n\u0131 etkili bir \u015fekilde da\u011f\u0131tarak daha iyi ve verimli \u00e7al\u0131\u015fmalar\u0131n\u0131 sa\u011flar\" \/>\n<meta property=\"og:url\" content=\"https:\/\/pulsar.com.tr\/kimya\/termal-macun\/\" \/>\n<meta property=\"og:site_name\" content=\"Pulsar Kimya\" \/>\n<meta property=\"article:publisher\" content=\"https:\/\/www.facebook.com\/PulsarKimyaSanayi\" \/>\n<meta property=\"article:modified_time\" content=\"2023-12-05T07:26:31+00:00\" \/>\n<meta name=\"twitter:card\" content=\"summary_large_image\" \/>\n<meta name=\"twitter:site\" content=\"@PulsarKimya\" \/>\n<script type=\"application\/ld+json\" class=\"yoast-schema-graph\">{\"@context\":\"https:\/\/schema.org\",\"@graph\":[{\"@type\":\"WebPage\",\"@id\":\"https:\/\/pulsar.com.tr\/kimya\/termal-macun\/\",\"url\":\"https:\/\/pulsar.com.tr\/kimya\/termal-macun\/\",\"name\":\"[:tr]Termal Macun[:en]Repair Pastes and Putties[:ru]\u0420\u0435\u043c\u043e\u043d\u0442\u043d\u044b\u0435 \u043f\u0430\u0441\u0442\u044b \u0438 \u0448\u043f\u0430\u0442\u043b\u0435\u0432\u043a\u0438[:] | Y\u00fcksek Performans | Pulsar Kimya\",\"isPartOf\":{\"@id\":\"https:\/\/pulsar.com.tr\/kimya\/#website\"},\"datePublished\":\"2023-09-04T12:26:56+00:00\",\"dateModified\":\"2023-12-05T07:26:31+00:00\",\"description\":\"Y\u00fcksek performansl\u0131 termal macun elektronik cihazlar\u0131n\u0131z\u0131n \u0131s\u0131s\u0131n\u0131 etkili bir \u015fekilde da\u011f\u0131tarak daha iyi ve verimli \u00e7al\u0131\u015fmalar\u0131n\u0131 sa\u011flar\",\"breadcrumb\":{\"@id\":\"https:\/\/pulsar.com.tr\/kimya\/termal-macun\/#breadcrumb\"},\"inLanguage\":\"ru-RU\",\"potentialAction\":[{\"@type\":\"ReadAction\",\"target\":[\"https:\/\/pulsar.com.tr\/kimya\/termal-macun\/\"]}]},{\"@type\":\"BreadcrumbList\",\"@id\":\"https:\/\/pulsar.com.tr\/kimya\/termal-macun\/#breadcrumb\",\"itemListElement\":[{\"@type\":\"ListItem\",\"position\":1,\"name\":\"Ana sayfa\",\"item\":\"https:\/\/pulsar.com.tr\/kimya\/\"},{\"@type\":\"ListItem\",\"position\":2,\"name\":\"Termal Macun\"}]},{\"@type\":\"WebSite\",\"@id\":\"https:\/\/pulsar.com.tr\/kimya\/#website\",\"url\":\"https:\/\/pulsar.com.tr\/kimya\/\",\"name\":\"Pulsar Kimya\",\"description\":\"\",\"publisher\":{\"@id\":\"https:\/\/pulsar.com.tr\/kimya\/#organization\"},\"potentialAction\":[{\"@type\":\"SearchAction\",\"target\":{\"@type\":\"EntryPoint\",\"urlTemplate\":\"https:\/\/pulsar.com.tr\/kimya\/?s={search_term_string}\"},\"query-input\":{\"@type\":\"PropertyValueSpecification\",\"valueRequired\":true,\"valueName\":\"search_term_string\"}}],\"inLanguage\":\"ru-RU\"},{\"@type\":\"Organization\",\"@id\":\"https:\/\/pulsar.com.tr\/kimya\/#organization\",\"name\":\"Pulsar Kimya Sanayi ve Ticaret A.\u015e.\",\"url\":\"https:\/\/pulsar.com.tr\/kimya\/\",\"logo\":{\"@type\":\"ImageObject\",\"inLanguage\":\"ru-RU\",\"@id\":\"https:\/\/pulsar.com.tr\/kimya\/#\/schema\/logo\/image\/\",\"url\":\"https:\/\/pulsar.com.tr\/kimya\/wp-content\/uploads\/2020\/11\/kimya-logo.png\",\"contentUrl\":\"https:\/\/pulsar.com.tr\/kimya\/wp-content\/uploads\/2020\/11\/kimya-logo.png\",\"width\":153,\"height\":175,\"caption\":\"Pulsar Kimya Sanayi ve Ticaret A.\u015e.\"},\"image\":{\"@id\":\"https:\/\/pulsar.com.tr\/kimya\/#\/schema\/logo\/image\/\"},\"sameAs\":[\"https:\/\/www.facebook.com\/PulsarKimyaSanayi\",\"https:\/\/x.com\/PulsarKimya\",\"https:\/\/www.instagram.com\/pulsarkimya\/\",\"https:\/\/www.linkedin.com\/company\/pulsarkimya\/\",\"https:\/\/www.youtube.com\/channel\/UCSgxLg4VTIotm-9IafHYM5w\"]}]}<\/script>\n<!-- \/ Yoast SEO plugin. -->","yoast_head_json":{"title":"[:tr]Termal Macun[:en]Repair Pastes and Putties[:ru]\u0420\u0435\u043c\u043e\u043d\u0442\u043d\u044b\u0435 \u043f\u0430\u0441\u0442\u044b \u0438 \u0448\u043f\u0430\u0442\u043b\u0435\u0432\u043a\u0438[:] | Y\u00fcksek Performans | Pulsar Kimya","description":"Y\u00fcksek performansl\u0131 termal macun elektronik cihazlar\u0131n\u0131z\u0131n \u0131s\u0131s\u0131n\u0131 etkili bir \u015fekilde da\u011f\u0131tarak daha iyi ve verimli \u00e7al\u0131\u015fmalar\u0131n\u0131 sa\u011flar","robots":{"index":"index","follow":"follow","max-snippet":"max-snippet:-1","max-image-preview":"max-image-preview:large","max-video-preview":"max-video-preview:-1"},"canonical":"https:\/\/pulsar.com.tr\/kimya\/termal-macun\/","og_locale":"ru_RU","og_type":"article","og_title":"[:tr]Termal Macun[:en]Repair Pastes and Putties[:ru]\u0420\u0435\u043c\u043e\u043d\u0442\u043d\u044b\u0435 \u043f\u0430\u0441\u0442\u044b \u0438 \u0448\u043f\u0430\u0442\u043b\u0435\u0432\u043a\u0438[:] | Y\u00fcksek Performans | Pulsar Kimya","og_description":"Y\u00fcksek performansl\u0131 termal macun elektronik cihazlar\u0131n\u0131z\u0131n \u0131s\u0131s\u0131n\u0131 etkili bir \u015fekilde da\u011f\u0131tarak daha iyi ve verimli \u00e7al\u0131\u015fmalar\u0131n\u0131 sa\u011flar","og_url":"https:\/\/pulsar.com.tr\/kimya\/termal-macun\/","og_site_name":"Pulsar Kimya","article_publisher":"https:\/\/www.facebook.com\/PulsarKimyaSanayi","article_modified_time":"2023-12-05T07:26:31+00:00","twitter_card":"summary_large_image","twitter_site":"@PulsarKimya","schema":{"@context":"https:\/\/schema.org","@graph":[{"@type":"WebPage","@id":"https:\/\/pulsar.com.tr\/kimya\/termal-macun\/","url":"https:\/\/pulsar.com.tr\/kimya\/termal-macun\/","name":"[:tr]Termal Macun[:en]Repair Pastes and Putties[:ru]\u0420\u0435\u043c\u043e\u043d\u0442\u043d\u044b\u0435 \u043f\u0430\u0441\u0442\u044b \u0438 \u0448\u043f\u0430\u0442\u043b\u0435\u0432\u043a\u0438[:] | Y\u00fcksek Performans | Pulsar Kimya","isPartOf":{"@id":"https:\/\/pulsar.com.tr\/kimya\/#website"},"datePublished":"2023-09-04T12:26:56+00:00","dateModified":"2023-12-05T07:26:31+00:00","description":"Y\u00fcksek performansl\u0131 termal macun elektronik cihazlar\u0131n\u0131z\u0131n \u0131s\u0131s\u0131n\u0131 etkili bir \u015fekilde da\u011f\u0131tarak daha iyi ve verimli \u00e7al\u0131\u015fmalar\u0131n\u0131 sa\u011flar","breadcrumb":{"@id":"https:\/\/pulsar.com.tr\/kimya\/termal-macun\/#breadcrumb"},"inLanguage":"ru-RU","potentialAction":[{"@type":"ReadAction","target":["https:\/\/pulsar.com.tr\/kimya\/termal-macun\/"]}]},{"@type":"BreadcrumbList","@id":"https:\/\/pulsar.com.tr\/kimya\/termal-macun\/#breadcrumb","itemListElement":[{"@type":"ListItem","position":1,"name":"Ana sayfa","item":"https:\/\/pulsar.com.tr\/kimya\/"},{"@type":"ListItem","position":2,"name":"Termal Macun"}]},{"@type":"WebSite","@id":"https:\/\/pulsar.com.tr\/kimya\/#website","url":"https:\/\/pulsar.com.tr\/kimya\/","name":"Pulsar Kimya","description":"","publisher":{"@id":"https:\/\/pulsar.com.tr\/kimya\/#organization"},"potentialAction":[{"@type":"SearchAction","target":{"@type":"EntryPoint","urlTemplate":"https:\/\/pulsar.com.tr\/kimya\/?s={search_term_string}"},"query-input":{"@type":"PropertyValueSpecification","valueRequired":true,"valueName":"search_term_string"}}],"inLanguage":"ru-RU"},{"@type":"Organization","@id":"https:\/\/pulsar.com.tr\/kimya\/#organization","name":"Pulsar Kimya Sanayi ve Ticaret A.\u015e.","url":"https:\/\/pulsar.com.tr\/kimya\/","logo":{"@type":"ImageObject","inLanguage":"ru-RU","@id":"https:\/\/pulsar.com.tr\/kimya\/#\/schema\/logo\/image\/","url":"https:\/\/pulsar.com.tr\/kimya\/wp-content\/uploads\/2020\/11\/kimya-logo.png","contentUrl":"https:\/\/pulsar.com.tr\/kimya\/wp-content\/uploads\/2020\/11\/kimya-logo.png","width":153,"height":175,"caption":"Pulsar Kimya Sanayi ve Ticaret A.\u015e."},"image":{"@id":"https:\/\/pulsar.com.tr\/kimya\/#\/schema\/logo\/image\/"},"sameAs":["https:\/\/www.facebook.com\/PulsarKimyaSanayi","https:\/\/x.com\/PulsarKimya","https:\/\/www.instagram.com\/pulsarkimya\/","https:\/\/www.linkedin.com\/company\/pulsarkimya\/","https:\/\/www.youtube.com\/channel\/UCSgxLg4VTIotm-9IafHYM5w"]}]}},"_links":{"self":[{"href":"https:\/\/pulsar.com.tr\/kimya\/ru\/wp-json\/wp\/v2\/pages\/6526"}],"collection":[{"href":"https:\/\/pulsar.com.tr\/kimya\/ru\/wp-json\/wp\/v2\/pages"}],"about":[{"href":"https:\/\/pulsar.com.tr\/kimya\/ru\/wp-json\/wp\/v2\/types\/page"}],"author":[{"embeddable":true,"href":"https:\/\/pulsar.com.tr\/kimya\/ru\/wp-json\/wp\/v2\/users\/5"}],"replies":[{"embeddable":true,"href":"https:\/\/pulsar.com.tr\/kimya\/ru\/wp-json\/wp\/v2\/comments?post=6526"}],"version-history":[{"count":1,"href":"https:\/\/pulsar.com.tr\/kimya\/ru\/wp-json\/wp\/v2\/pages\/6526\/revisions"}],"predecessor-version":[{"id":6527,"href":"https:\/\/pulsar.com.tr\/kimya\/ru\/wp-json\/wp\/v2\/pages\/6526\/revisions\/6527"}],"wp:attachment":[{"href":"https:\/\/pulsar.com.tr\/kimya\/ru\/wp-json\/wp\/v2\/media?parent=6526"}],"curies":[{"name":"wp","href":"https:\/\/api.w.org\/{rel}","templated":true}]}}