{"id":6146,"date":"2022-07-29T08:09:45","date_gmt":"2022-07-29T08:09:45","guid":{"rendered":"https:\/\/pulsar.com.tr\/kimya\/?page_id=6146"},"modified":"2022-07-29T08:09:45","modified_gmt":"2022-07-29T08:09:45","slug":"otomotiv-sektoru-sizdirmazlik-contalama","status":"publish","type":"page","link":"https:\/\/pulsar.com.tr\/kimya\/ru\/turkish-otomotiv-sektoru-sizdirmazlik-contalama\/","title":{"rendered":"(Turkish) Otomotiv Sekt\u00f6r\u00fc S\u0131zd\u0131rmazl\u0131k Contalama"},"content":{"rendered":"<p class=\"qtranxs-available-languages-message qtranxs-available-languages-message-ru\">\u0418\u0437\u0432\u0438\u043d\u0438\u0442\u0435, \u044d\u0442\u043e\u0442 \u0442\u0435\u043a\u0441\u0442 \u0434\u043e\u0441\u0442\u0443\u043f\u0435\u043d \u0442\u043e\u043b\u044c\u043a\u043e \u043d\u0430 &ldquo;<a href=\"https:\/\/pulsar.com.tr\/kimya\/tr\/wp-json\/wp\/v2\/pages\/6146\" class=\"qtranxs-available-language-link qtranxs-available-language-link-tr\" title=\"Turkish\">Turkish<\/a>&rdquo;.<\/p>","protected":false},"excerpt":{"rendered":"<p>\u0418\u0437\u0432\u0438\u043d\u0438\u0442\u0435, \u044d\u0442\u043e\u0442 \u0442\u0435\u043a\u0441\u0442 \u0434\u043e\u0441\u0442\u0443\u043f\u0435\u043d \u0442\u043e\u043b\u044c\u043a\u043e \u043d\u0430 &ldquo;Turkish&rdquo;.<\/p>\n","protected":false},"author":4,"featured_media":0,"parent":0,"menu_order":0,"comment_status":"closed","ping_status":"closed","template":"","meta":{"footnotes":""},"class_list":["post-6146","page","type-page","status-publish","hentry"],"yoast_head":"<!-- This site is optimized with the Yoast SEO plugin v24.2 - https:\/\/yoast.com\/wordpress\/plugins\/seo\/ -->\n<title><\/title>\n<meta name=\"description\" content=\"Otomotiv Sekt\u00f6r\u00fc S\u0131zd\u0131rmazl\u0131k Contalama \u00fcr\u00fcnlerimiz ile Pulsar Kimya olarak ihtiya\u00e7lar\u0131n\u0131za teknik \u00e7\u00f6z\u00fcm sunmaya haz\u0131r\u0131z.\" \/>\n<meta name=\"robots\" content=\"index, follow, max-snippet:-1, max-image-preview:large, max-video-preview:-1\" \/>\n<link rel=\"canonical\" href=\"https:\/\/pulsar.com.tr\/kimya\/otomotiv-sektoru-sizdirmazlik-contalama\/\" \/>\n<meta property=\"og:locale\" content=\"ru_RU\" \/>\n<meta property=\"og:type\" content=\"article\" \/>\n<meta property=\"og:title\" content=\"[:tr]Otomotiv Sekt\u00f6r\u00fc S\u0131zd\u0131rmazl\u0131k Contalama[:] | Pulsar Kimya\" \/>\n<meta property=\"og:description\" content=\"Otomotiv Sekt\u00f6r\u00fc S\u0131zd\u0131rmazl\u0131k Contalama \u00fcr\u00fcnlerimiz ile Pulsar Kimya olarak ihtiya\u00e7lar\u0131n\u0131za teknik \u00e7\u00f6z\u00fcm sunmaya haz\u0131r\u0131z.\" \/>\n<meta property=\"og:url\" content=\"https:\/\/pulsar.com.tr\/kimya\/otomotiv-sektoru-sizdirmazlik-contalama\/\" \/>\n<meta property=\"og:site_name\" content=\"Pulsar Kimya\" \/>\n<meta property=\"article:publisher\" content=\"https:\/\/www.facebook.com\/PulsarKimyaSanayi\" \/>\n<meta property=\"og:image\" content=\"https:\/\/pulsar.com.tr\/kimya\/wp-content\/uploads\/2020\/08\/locktron-s1577-300x180.jpg\" \/>\n<meta name=\"twitter:card\" content=\"summary_large_image\" \/>\n<meta name=\"twitter:site\" content=\"@PulsarKimya\" \/>\n<script type=\"application\/ld+json\" class=\"yoast-schema-graph\">{\"@context\":\"https:\/\/schema.org\",\"@graph\":[{\"@type\":\"WebPage\",\"@id\":\"https:\/\/pulsar.com.tr\/kimya\/otomotiv-sektoru-sizdirmazlik-contalama\/\",\"url\":\"https:\/\/pulsar.com.tr\/kimya\/otomotiv-sektoru-sizdirmazlik-contalama\/\",\"name\":\"[:tr]Otomotiv Sekt\u00f6r\u00fc S\u0131zd\u0131rmazl\u0131k Contalama[:] | Pulsar Kimya\",\"isPartOf\":{\"@id\":\"https:\/\/pulsar.com.tr\/kimya\/#website\"},\"primaryImageOfPage\":{\"@id\":\"https:\/\/pulsar.com.tr\/kimya\/otomotiv-sektoru-sizdirmazlik-contalama\/#primaryimage\"},\"image\":{\"@id\":\"https:\/\/pulsar.com.tr\/kimya\/otomotiv-sektoru-sizdirmazlik-contalama\/#primaryimage\"},\"thumbnailUrl\":\"https:\/\/pulsar.com.tr\/kimya\/wp-content\/uploads\/2020\/08\/locktron-s1577-300x180.jpg\",\"datePublished\":\"2022-07-29T08:09:45+00:00\",\"dateModified\":\"2022-07-29T08:09:45+00:00\",\"description\":\"Otomotiv Sekt\u00f6r\u00fc S\u0131zd\u0131rmazl\u0131k Contalama \u00fcr\u00fcnlerimiz ile Pulsar Kimya olarak ihtiya\u00e7lar\u0131n\u0131za teknik \u00e7\u00f6z\u00fcm sunmaya haz\u0131r\u0131z.\",\"breadcrumb\":{\"@id\":\"https:\/\/pulsar.com.tr\/kimya\/otomotiv-sektoru-sizdirmazlik-contalama\/#breadcrumb\"},\"inLanguage\":\"ru-RU\",\"potentialAction\":[{\"@type\":\"ReadAction\",\"target\":[\"https:\/\/pulsar.com.tr\/kimya\/otomotiv-sektoru-sizdirmazlik-contalama\/\"]}]},{\"@type\":\"ImageObject\",\"inLanguage\":\"ru-RU\",\"@id\":\"https:\/\/pulsar.com.tr\/kimya\/otomotiv-sektoru-sizdirmazlik-contalama\/#primaryimage\",\"url\":\"https:\/\/pulsar.com.tr\/kimya\/wp-content\/uploads\/2020\/08\/locktron-s1577-300x180.jpg\",\"contentUrl\":\"https:\/\/pulsar.com.tr\/kimya\/wp-content\/uploads\/2020\/08\/locktron-s1577-300x180.jpg\"},{\"@type\":\"BreadcrumbList\",\"@id\":\"https:\/\/pulsar.com.tr\/kimya\/otomotiv-sektoru-sizdirmazlik-contalama\/#breadcrumb\",\"itemListElement\":[{\"@type\":\"ListItem\",\"position\":1,\"name\":\"Ana sayfa\",\"item\":\"https:\/\/pulsar.com.tr\/kimya\/\"},{\"@type\":\"ListItem\",\"position\":2,\"name\":\"Otomotiv Sekt\u00f6r\u00fc S\u0131zd\u0131rmazl\u0131k Contalama\"}]},{\"@type\":\"WebSite\",\"@id\":\"https:\/\/pulsar.com.tr\/kimya\/#website\",\"url\":\"https:\/\/pulsar.com.tr\/kimya\/\",\"name\":\"Pulsar Kimya\",\"description\":\"\",\"publisher\":{\"@id\":\"https:\/\/pulsar.com.tr\/kimya\/#organization\"},\"potentialAction\":[{\"@type\":\"SearchAction\",\"target\":{\"@type\":\"EntryPoint\",\"urlTemplate\":\"https:\/\/pulsar.com.tr\/kimya\/?s={search_term_string}\"},\"query-input\":{\"@type\":\"PropertyValueSpecification\",\"valueRequired\":true,\"valueName\":\"search_term_string\"}}],\"inLanguage\":\"ru-RU\"},{\"@type\":\"Organization\",\"@id\":\"https:\/\/pulsar.com.tr\/kimya\/#organization\",\"name\":\"Pulsar Kimya Sanayi ve Ticaret A.\u015e.\",\"url\":\"https:\/\/pulsar.com.tr\/kimya\/\",\"logo\":{\"@type\":\"ImageObject\",\"inLanguage\":\"ru-RU\",\"@id\":\"https:\/\/pulsar.com.tr\/kimya\/#\/schema\/logo\/image\/\",\"url\":\"https:\/\/pulsar.com.tr\/kimya\/wp-content\/uploads\/2020\/11\/kimya-logo.png\",\"contentUrl\":\"https:\/\/pulsar.com.tr\/kimya\/wp-content\/uploads\/2020\/11\/kimya-logo.png\",\"width\":153,\"height\":175,\"caption\":\"Pulsar Kimya Sanayi ve Ticaret A.\u015e.\"},\"image\":{\"@id\":\"https:\/\/pulsar.com.tr\/kimya\/#\/schema\/logo\/image\/\"},\"sameAs\":[\"https:\/\/www.facebook.com\/PulsarKimyaSanayi\",\"https:\/\/x.com\/PulsarKimya\",\"https:\/\/www.instagram.com\/pulsarkimya\/\",\"https:\/\/www.linkedin.com\/company\/pulsarkimya\/\",\"https:\/\/www.youtube.com\/channel\/UCSgxLg4VTIotm-9IafHYM5w\"]}]}<\/script>\n<!-- \/ Yoast SEO plugin. -->","yoast_head_json":{"title":"[:tr]Otomotiv Sekt\u00f6r\u00fc S\u0131zd\u0131rmazl\u0131k Contalama[:] | Pulsar Kimya","description":"Otomotiv Sekt\u00f6r\u00fc S\u0131zd\u0131rmazl\u0131k Contalama \u00fcr\u00fcnlerimiz ile Pulsar Kimya olarak ihtiya\u00e7lar\u0131n\u0131za teknik \u00e7\u00f6z\u00fcm sunmaya haz\u0131r\u0131z.","robots":{"index":"index","follow":"follow","max-snippet":"max-snippet:-1","max-image-preview":"max-image-preview:large","max-video-preview":"max-video-preview:-1"},"canonical":"https:\/\/pulsar.com.tr\/kimya\/otomotiv-sektoru-sizdirmazlik-contalama\/","og_locale":"ru_RU","og_type":"article","og_title":"[:tr]Otomotiv Sekt\u00f6r\u00fc S\u0131zd\u0131rmazl\u0131k Contalama[:] | Pulsar Kimya","og_description":"Otomotiv Sekt\u00f6r\u00fc S\u0131zd\u0131rmazl\u0131k Contalama \u00fcr\u00fcnlerimiz ile Pulsar Kimya olarak ihtiya\u00e7lar\u0131n\u0131za teknik \u00e7\u00f6z\u00fcm sunmaya haz\u0131r\u0131z.","og_url":"https:\/\/pulsar.com.tr\/kimya\/otomotiv-sektoru-sizdirmazlik-contalama\/","og_site_name":"Pulsar Kimya","article_publisher":"https:\/\/www.facebook.com\/PulsarKimyaSanayi","og_image":[{"url":"https:\/\/pulsar.com.tr\/kimya\/wp-content\/uploads\/2020\/08\/locktron-s1577-300x180.jpg","type":"","width":"","height":""}],"twitter_card":"summary_large_image","twitter_site":"@PulsarKimya","schema":{"@context":"https:\/\/schema.org","@graph":[{"@type":"WebPage","@id":"https:\/\/pulsar.com.tr\/kimya\/otomotiv-sektoru-sizdirmazlik-contalama\/","url":"https:\/\/pulsar.com.tr\/kimya\/otomotiv-sektoru-sizdirmazlik-contalama\/","name":"[:tr]Otomotiv Sekt\u00f6r\u00fc S\u0131zd\u0131rmazl\u0131k Contalama[:] | Pulsar Kimya","isPartOf":{"@id":"https:\/\/pulsar.com.tr\/kimya\/#website"},"primaryImageOfPage":{"@id":"https:\/\/pulsar.com.tr\/kimya\/otomotiv-sektoru-sizdirmazlik-contalama\/#primaryimage"},"image":{"@id":"https:\/\/pulsar.com.tr\/kimya\/otomotiv-sektoru-sizdirmazlik-contalama\/#primaryimage"},"thumbnailUrl":"https:\/\/pulsar.com.tr\/kimya\/wp-content\/uploads\/2020\/08\/locktron-s1577-300x180.jpg","datePublished":"2022-07-29T08:09:45+00:00","dateModified":"2022-07-29T08:09:45+00:00","description":"Otomotiv Sekt\u00f6r\u00fc S\u0131zd\u0131rmazl\u0131k Contalama \u00fcr\u00fcnlerimiz ile Pulsar Kimya olarak ihtiya\u00e7lar\u0131n\u0131za teknik \u00e7\u00f6z\u00fcm sunmaya haz\u0131r\u0131z.","breadcrumb":{"@id":"https:\/\/pulsar.com.tr\/kimya\/otomotiv-sektoru-sizdirmazlik-contalama\/#breadcrumb"},"inLanguage":"ru-RU","potentialAction":[{"@type":"ReadAction","target":["https:\/\/pulsar.com.tr\/kimya\/otomotiv-sektoru-sizdirmazlik-contalama\/"]}]},{"@type":"ImageObject","inLanguage":"ru-RU","@id":"https:\/\/pulsar.com.tr\/kimya\/otomotiv-sektoru-sizdirmazlik-contalama\/#primaryimage","url":"https:\/\/pulsar.com.tr\/kimya\/wp-content\/uploads\/2020\/08\/locktron-s1577-300x180.jpg","contentUrl":"https:\/\/pulsar.com.tr\/kimya\/wp-content\/uploads\/2020\/08\/locktron-s1577-300x180.jpg"},{"@type":"BreadcrumbList","@id":"https:\/\/pulsar.com.tr\/kimya\/otomotiv-sektoru-sizdirmazlik-contalama\/#breadcrumb","itemListElement":[{"@type":"ListItem","position":1,"name":"Ana sayfa","item":"https:\/\/pulsar.com.tr\/kimya\/"},{"@type":"ListItem","position":2,"name":"Otomotiv Sekt\u00f6r\u00fc S\u0131zd\u0131rmazl\u0131k Contalama"}]},{"@type":"WebSite","@id":"https:\/\/pulsar.com.tr\/kimya\/#website","url":"https:\/\/pulsar.com.tr\/kimya\/","name":"Pulsar Kimya","description":"","publisher":{"@id":"https:\/\/pulsar.com.tr\/kimya\/#organization"},"potentialAction":[{"@type":"SearchAction","target":{"@type":"EntryPoint","urlTemplate":"https:\/\/pulsar.com.tr\/kimya\/?s={search_term_string}"},"query-input":{"@type":"PropertyValueSpecification","valueRequired":true,"valueName":"search_term_string"}}],"inLanguage":"ru-RU"},{"@type":"Organization","@id":"https:\/\/pulsar.com.tr\/kimya\/#organization","name":"Pulsar Kimya Sanayi ve Ticaret A.\u015e.","url":"https:\/\/pulsar.com.tr\/kimya\/","logo":{"@type":"ImageObject","inLanguage":"ru-RU","@id":"https:\/\/pulsar.com.tr\/kimya\/#\/schema\/logo\/image\/","url":"https:\/\/pulsar.com.tr\/kimya\/wp-content\/uploads\/2020\/11\/kimya-logo.png","contentUrl":"https:\/\/pulsar.com.tr\/kimya\/wp-content\/uploads\/2020\/11\/kimya-logo.png","width":153,"height":175,"caption":"Pulsar Kimya Sanayi ve Ticaret A.\u015e."},"image":{"@id":"https:\/\/pulsar.com.tr\/kimya\/#\/schema\/logo\/image\/"},"sameAs":["https:\/\/www.facebook.com\/PulsarKimyaSanayi","https:\/\/x.com\/PulsarKimya","https:\/\/www.instagram.com\/pulsarkimya\/","https:\/\/www.linkedin.com\/company\/pulsarkimya\/","https:\/\/www.youtube.com\/channel\/UCSgxLg4VTIotm-9IafHYM5w"]}]}},"_links":{"self":[{"href":"https:\/\/pulsar.com.tr\/kimya\/ru\/wp-json\/wp\/v2\/pages\/6146"}],"collection":[{"href":"https:\/\/pulsar.com.tr\/kimya\/ru\/wp-json\/wp\/v2\/pages"}],"about":[{"href":"https:\/\/pulsar.com.tr\/kimya\/ru\/wp-json\/wp\/v2\/types\/page"}],"author":[{"embeddable":true,"href":"https:\/\/pulsar.com.tr\/kimya\/ru\/wp-json\/wp\/v2\/users\/4"}],"replies":[{"embeddable":true,"href":"https:\/\/pulsar.com.tr\/kimya\/ru\/wp-json\/wp\/v2\/comments?post=6146"}],"version-history":[{"count":5,"href":"https:\/\/pulsar.com.tr\/kimya\/ru\/wp-json\/wp\/v2\/pages\/6146\/revisions"}],"predecessor-version":[{"id":6151,"href":"https:\/\/pulsar.com.tr\/kimya\/ru\/wp-json\/wp\/v2\/pages\/6146\/revisions\/6151"}],"wp:attachment":[{"href":"https:\/\/pulsar.com.tr\/kimya\/ru\/wp-json\/wp\/v2\/media?parent=6146"}],"curies":[{"name":"wp","href":"https:\/\/api.w.org\/{rel}","templated":true}]}}