{"id":3338,"date":"2020-10-08T10:12:10","date_gmt":"2020-10-08T10:12:10","guid":{"rendered":"https:\/\/pulsar.com.tr\/kimya\/?page_id=3338"},"modified":"2022-07-22T09:56:55","modified_gmt":"2022-07-22T09:56:55","slug":"insan-kaynaklari","status":"publish","type":"page","link":"https:\/\/pulsar.com.tr\/kimya\/ru\/human-resources-ru\/","title":{"rendered":"\u0427\u0435\u043b\u043e\u0432\u0435\u0447\u0435\u0441\u043a\u0438\u0435 P\u0435\u0441\u0443\u0440\u0441\u044b"},"content":{"rendered":"","protected":false},"excerpt":{"rendered":"","protected":false},"author":1,"featured_media":0,"parent":0,"menu_order":0,"comment_status":"closed","ping_status":"closed","template":"","meta":{"footnotes":""},"class_list":["post-3338","page","type-page","status-publish","hentry"],"yoast_head":"<!-- This site is optimized with the Yoast SEO plugin v24.2 - https:\/\/yoast.com\/wordpress\/plugins\/seo\/ -->\n<title>\u0427\u0435\u043b\u043e\u0432\u0435\u0447\u0435\u0441\u043a\u0438\u0435 P\u0435\u0441\u0443\u0440\u0441\u044b Politikam\u0131z \u0130le G\u00fc\u00e7l\u00fc Ekip | Pulsar Kimya<\/title>\n<meta name=\"description\" content=\"Pulsar Kimya olarak, ba\u015far\u0131ya giden yolda en \u00f6nemli kayna\u011f\u0131m\u0131z\u0131n \u00e7al\u0131\u015fanlar\u0131m\u0131z oldu\u011funun fark\u0131nday\u0131z ve insan kaynaklar\u0131 politikam\u0131z\u0131...\" \/>\n<meta name=\"robots\" content=\"index, follow, max-snippet:-1, max-image-preview:large, max-video-preview:-1\" \/>\n<link rel=\"canonical\" href=\"https:\/\/pulsar.com.tr\/kimya\/insan-kaynaklari\/\" \/>\n<meta property=\"og:locale\" content=\"ru_RU\" \/>\n<meta property=\"og:type\" content=\"article\" \/>\n<meta property=\"og:title\" content=\"[:tr]\u0130nsan Kaynaklar\u0131[:en]Human Resources[:ru]\u0427\u0435\u043b\u043e\u0432\u0435\u0447\u0435\u0441\u043a\u0438\u0435 P\u0435\u0441\u0443\u0440\u0441\u044b[:] Politikam\u0131z \u0130le G\u00fc\u00e7l\u00fc Ekip | Pulsar Kimya\" \/>\n<meta property=\"og:description\" content=\"Pulsar Kimya olarak, ba\u015far\u0131ya giden yolda en \u00f6nemli kayna\u011f\u0131m\u0131z\u0131n \u00e7al\u0131\u015fanlar\u0131m\u0131z oldu\u011funun fark\u0131nday\u0131z ve insan kaynaklar\u0131 politikam\u0131z\u0131...\" \/>\n<meta property=\"og:url\" content=\"https:\/\/pulsar.com.tr\/kimya\/insan-kaynaklari\/\" \/>\n<meta property=\"og:site_name\" content=\"Pulsar Kimya\" \/>\n<meta property=\"article:publisher\" content=\"https:\/\/www.facebook.com\/PulsarKimyaSanayi\" \/>\n<meta property=\"article:modified_time\" content=\"2022-07-22T09:56:55+00:00\" \/>\n<meta name=\"twitter:card\" content=\"summary_large_image\" \/>\n<meta name=\"twitter:site\" content=\"@PulsarKimya\" \/>\n<script type=\"application\/ld+json\" class=\"yoast-schema-graph\">{\"@context\":\"https:\/\/schema.org\",\"@graph\":[{\"@type\":\"WebPage\",\"@id\":\"https:\/\/pulsar.com.tr\/kimya\/insan-kaynaklari\/\",\"url\":\"https:\/\/pulsar.com.tr\/kimya\/insan-kaynaklari\/\",\"name\":\"[:tr]\u0130nsan Kaynaklar\u0131[:en]Human Resources[:ru]\u0427\u0435\u043b\u043e\u0432\u0435\u0447\u0435\u0441\u043a\u0438\u0435 P\u0435\u0441\u0443\u0440\u0441\u044b[:] Politikam\u0131z \u0130le G\u00fc\u00e7l\u00fc Ekip | Pulsar Kimya\",\"isPartOf\":{\"@id\":\"https:\/\/pulsar.com.tr\/kimya\/#website\"},\"datePublished\":\"2020-10-08T10:12:10+00:00\",\"dateModified\":\"2022-07-22T09:56:55+00:00\",\"description\":\"Pulsar Kimya olarak, ba\u015far\u0131ya giden yolda en \u00f6nemli kayna\u011f\u0131m\u0131z\u0131n \u00e7al\u0131\u015fanlar\u0131m\u0131z oldu\u011funun fark\u0131nday\u0131z ve insan kaynaklar\u0131 politikam\u0131z\u0131...\",\"breadcrumb\":{\"@id\":\"https:\/\/pulsar.com.tr\/kimya\/insan-kaynaklari\/#breadcrumb\"},\"inLanguage\":\"ru-RU\",\"potentialAction\":[{\"@type\":\"ReadAction\",\"target\":[\"https:\/\/pulsar.com.tr\/kimya\/insan-kaynaklari\/\"]}]},{\"@type\":\"BreadcrumbList\",\"@id\":\"https:\/\/pulsar.com.tr\/kimya\/insan-kaynaklari\/#breadcrumb\",\"itemListElement\":[{\"@type\":\"ListItem\",\"position\":1,\"name\":\"Ana sayfa\",\"item\":\"https:\/\/pulsar.com.tr\/kimya\/\"},{\"@type\":\"ListItem\",\"position\":2,\"name\":\"\u0130nsan Kaynaklar\u0131\"}]},{\"@type\":\"WebSite\",\"@id\":\"https:\/\/pulsar.com.tr\/kimya\/#website\",\"url\":\"https:\/\/pulsar.com.tr\/kimya\/\",\"name\":\"Pulsar Kimya\",\"description\":\"\",\"publisher\":{\"@id\":\"https:\/\/pulsar.com.tr\/kimya\/#organization\"},\"potentialAction\":[{\"@type\":\"SearchAction\",\"target\":{\"@type\":\"EntryPoint\",\"urlTemplate\":\"https:\/\/pulsar.com.tr\/kimya\/?s={search_term_string}\"},\"query-input\":{\"@type\":\"PropertyValueSpecification\",\"valueRequired\":true,\"valueName\":\"search_term_string\"}}],\"inLanguage\":\"ru-RU\"},{\"@type\":\"Organization\",\"@id\":\"https:\/\/pulsar.com.tr\/kimya\/#organization\",\"name\":\"Pulsar Kimya Sanayi ve Ticaret A.\u015e.\",\"url\":\"https:\/\/pulsar.com.tr\/kimya\/\",\"logo\":{\"@type\":\"ImageObject\",\"inLanguage\":\"ru-RU\",\"@id\":\"https:\/\/pulsar.com.tr\/kimya\/#\/schema\/logo\/image\/\",\"url\":\"https:\/\/pulsar.com.tr\/kimya\/wp-content\/uploads\/2020\/11\/kimya-logo.png\",\"contentUrl\":\"https:\/\/pulsar.com.tr\/kimya\/wp-content\/uploads\/2020\/11\/kimya-logo.png\",\"width\":153,\"height\":175,\"caption\":\"Pulsar Kimya Sanayi ve Ticaret A.\u015e.\"},\"image\":{\"@id\":\"https:\/\/pulsar.com.tr\/kimya\/#\/schema\/logo\/image\/\"},\"sameAs\":[\"https:\/\/www.facebook.com\/PulsarKimyaSanayi\",\"https:\/\/x.com\/PulsarKimya\",\"https:\/\/www.instagram.com\/pulsarkimya\/\",\"https:\/\/www.linkedin.com\/company\/pulsarkimya\/\",\"https:\/\/www.youtube.com\/channel\/UCSgxLg4VTIotm-9IafHYM5w\"]}]}<\/script>\n<!-- \/ Yoast SEO plugin. -->","yoast_head_json":{"title":"[:tr]\u0130nsan Kaynaklar\u0131[:en]Human Resources[:ru]\u0427\u0435\u043b\u043e\u0432\u0435\u0447\u0435\u0441\u043a\u0438\u0435 P\u0435\u0441\u0443\u0440\u0441\u044b[:] Politikam\u0131z \u0130le G\u00fc\u00e7l\u00fc Ekip | Pulsar Kimya","description":"Pulsar Kimya olarak, ba\u015far\u0131ya giden yolda en \u00f6nemli kayna\u011f\u0131m\u0131z\u0131n \u00e7al\u0131\u015fanlar\u0131m\u0131z oldu\u011funun fark\u0131nday\u0131z ve insan kaynaklar\u0131 politikam\u0131z\u0131...","robots":{"index":"index","follow":"follow","max-snippet":"max-snippet:-1","max-image-preview":"max-image-preview:large","max-video-preview":"max-video-preview:-1"},"canonical":"https:\/\/pulsar.com.tr\/kimya\/insan-kaynaklari\/","og_locale":"ru_RU","og_type":"article","og_title":"[:tr]\u0130nsan Kaynaklar\u0131[:en]Human Resources[:ru]\u0427\u0435\u043b\u043e\u0432\u0435\u0447\u0435\u0441\u043a\u0438\u0435 P\u0435\u0441\u0443\u0440\u0441\u044b[:] Politikam\u0131z \u0130le G\u00fc\u00e7l\u00fc Ekip | Pulsar Kimya","og_description":"Pulsar Kimya olarak, ba\u015far\u0131ya giden yolda en \u00f6nemli kayna\u011f\u0131m\u0131z\u0131n \u00e7al\u0131\u015fanlar\u0131m\u0131z oldu\u011funun fark\u0131nday\u0131z ve insan kaynaklar\u0131 politikam\u0131z\u0131...","og_url":"https:\/\/pulsar.com.tr\/kimya\/insan-kaynaklari\/","og_site_name":"Pulsar Kimya","article_publisher":"https:\/\/www.facebook.com\/PulsarKimyaSanayi","article_modified_time":"2022-07-22T09:56:55+00:00","twitter_card":"summary_large_image","twitter_site":"@PulsarKimya","schema":{"@context":"https:\/\/schema.org","@graph":[{"@type":"WebPage","@id":"https:\/\/pulsar.com.tr\/kimya\/insan-kaynaklari\/","url":"https:\/\/pulsar.com.tr\/kimya\/insan-kaynaklari\/","name":"[:tr]\u0130nsan Kaynaklar\u0131[:en]Human Resources[:ru]\u0427\u0435\u043b\u043e\u0432\u0435\u0447\u0435\u0441\u043a\u0438\u0435 P\u0435\u0441\u0443\u0440\u0441\u044b[:] Politikam\u0131z \u0130le G\u00fc\u00e7l\u00fc Ekip | Pulsar Kimya","isPartOf":{"@id":"https:\/\/pulsar.com.tr\/kimya\/#website"},"datePublished":"2020-10-08T10:12:10+00:00","dateModified":"2022-07-22T09:56:55+00:00","description":"Pulsar Kimya olarak, ba\u015far\u0131ya giden yolda en \u00f6nemli kayna\u011f\u0131m\u0131z\u0131n \u00e7al\u0131\u015fanlar\u0131m\u0131z oldu\u011funun fark\u0131nday\u0131z ve insan kaynaklar\u0131 politikam\u0131z\u0131...","breadcrumb":{"@id":"https:\/\/pulsar.com.tr\/kimya\/insan-kaynaklari\/#breadcrumb"},"inLanguage":"ru-RU","potentialAction":[{"@type":"ReadAction","target":["https:\/\/pulsar.com.tr\/kimya\/insan-kaynaklari\/"]}]},{"@type":"BreadcrumbList","@id":"https:\/\/pulsar.com.tr\/kimya\/insan-kaynaklari\/#breadcrumb","itemListElement":[{"@type":"ListItem","position":1,"name":"Ana sayfa","item":"https:\/\/pulsar.com.tr\/kimya\/"},{"@type":"ListItem","position":2,"name":"\u0130nsan Kaynaklar\u0131"}]},{"@type":"WebSite","@id":"https:\/\/pulsar.com.tr\/kimya\/#website","url":"https:\/\/pulsar.com.tr\/kimya\/","name":"Pulsar Kimya","description":"","publisher":{"@id":"https:\/\/pulsar.com.tr\/kimya\/#organization"},"potentialAction":[{"@type":"SearchAction","target":{"@type":"EntryPoint","urlTemplate":"https:\/\/pulsar.com.tr\/kimya\/?s={search_term_string}"},"query-input":{"@type":"PropertyValueSpecification","valueRequired":true,"valueName":"search_term_string"}}],"inLanguage":"ru-RU"},{"@type":"Organization","@id":"https:\/\/pulsar.com.tr\/kimya\/#organization","name":"Pulsar Kimya Sanayi ve Ticaret A.\u015e.","url":"https:\/\/pulsar.com.tr\/kimya\/","logo":{"@type":"ImageObject","inLanguage":"ru-RU","@id":"https:\/\/pulsar.com.tr\/kimya\/#\/schema\/logo\/image\/","url":"https:\/\/pulsar.com.tr\/kimya\/wp-content\/uploads\/2020\/11\/kimya-logo.png","contentUrl":"https:\/\/pulsar.com.tr\/kimya\/wp-content\/uploads\/2020\/11\/kimya-logo.png","width":153,"height":175,"caption":"Pulsar Kimya Sanayi ve Ticaret A.\u015e."},"image":{"@id":"https:\/\/pulsar.com.tr\/kimya\/#\/schema\/logo\/image\/"},"sameAs":["https:\/\/www.facebook.com\/PulsarKimyaSanayi","https:\/\/x.com\/PulsarKimya","https:\/\/www.instagram.com\/pulsarkimya\/","https:\/\/www.linkedin.com\/company\/pulsarkimya\/","https:\/\/www.youtube.com\/channel\/UCSgxLg4VTIotm-9IafHYM5w"]}]}},"_links":{"self":[{"href":"https:\/\/pulsar.com.tr\/kimya\/ru\/wp-json\/wp\/v2\/pages\/3338"}],"collection":[{"href":"https:\/\/pulsar.com.tr\/kimya\/ru\/wp-json\/wp\/v2\/pages"}],"about":[{"href":"https:\/\/pulsar.com.tr\/kimya\/ru\/wp-json\/wp\/v2\/types\/page"}],"author":[{"embeddable":true,"href":"https:\/\/pulsar.com.tr\/kimya\/ru\/wp-json\/wp\/v2\/users\/1"}],"replies":[{"embeddable":true,"href":"https:\/\/pulsar.com.tr\/kimya\/ru\/wp-json\/wp\/v2\/comments?post=3338"}],"version-history":[{"count":4,"href":"https:\/\/pulsar.com.tr\/kimya\/ru\/wp-json\/wp\/v2\/pages\/3338\/revisions"}],"predecessor-version":[{"id":5621,"href":"https:\/\/pulsar.com.tr\/kimya\/ru\/wp-json\/wp\/v2\/pages\/3338\/revisions\/5621"}],"wp:attachment":[{"href":"https:\/\/pulsar.com.tr\/kimya\/ru\/wp-json\/wp\/v2\/media?parent=3338"}],"curies":[{"name":"wp","href":"https:\/\/api.w.org\/{rel}","templated":true}]}}