{"id":2286,"date":"2020-06-30T12:19:52","date_gmt":"2020-06-30T12:19:52","guid":{"rendered":"https:\/\/pulsar.com.tr\/kimya\/?page_id=2286"},"modified":"2022-07-29T06:07:12","modified_gmt":"2022-07-29T06:07:12","slug":"sizdirmazlik-ve-contalama","status":"publish","type":"page","link":"https:\/\/pulsar.com.tr\/kimya\/ru\/sealing-and-gasketing-ru\/","title":{"rendered":"\u0423\u043f\u043b\u043e\u0442\u043d\u0435\u043d\u0438\u0435 \u0438 \u043f\u0440\u043e\u043a\u043b\u0430\u0434\u043a\u0438"},"content":{"rendered":"","protected":false},"excerpt":{"rendered":"","protected":false},"author":1,"featured_media":0,"parent":0,"menu_order":0,"comment_status":"closed","ping_status":"closed","template":"","meta":{"footnotes":""},"class_list":["post-2286","page","type-page","status-publish","hentry"],"yoast_head":"<!-- This site is optimized with the Yoast SEO plugin v24.2 - https:\/\/yoast.com\/wordpress\/plugins\/seo\/ -->\n<title>\u0423\u043f\u043b\u043e\u0442\u043d\u0435\u043d\u0438\u0435 \u0438 \u043f\u0440\u043e\u043a\u043b\u0430\u0434\u043a\u0438 | Teknik \u00c7\u00f6z\u00fcmler | Pulsar Kimya<\/title>\n<meta name=\"description\" content=\"S\u0131zd\u0131rmazl\u0131k ve contalama kategorimiz ile farkl\u0131 kullan\u0131m amac\u0131na y\u00f6nelik \u00fcr\u00fcnlerimizi inceleyebilir ve detayl\u0131 bilgi i\u00e7in ileti\u015fime..\" \/>\n<meta name=\"robots\" content=\"index, follow, max-snippet:-1, max-image-preview:large, max-video-preview:-1\" \/>\n<link rel=\"canonical\" href=\"https:\/\/pulsar.com.tr\/kimya\/sizdirmazlik-ve-contalama\/\" \/>\n<meta property=\"og:locale\" content=\"ru_RU\" \/>\n<meta property=\"og:type\" content=\"article\" \/>\n<meta property=\"og:title\" content=\"[:tr]S\u0131zd\u0131rmazl\u0131k ve Contalama[:en]Sealing and Gasketing[:ru]\u0423\u043f\u043b\u043e\u0442\u043d\u0435\u043d\u0438\u0435 \u0438 \u043f\u0440\u043e\u043a\u043b\u0430\u0434\u043a\u0438[:] | Teknik \u00c7\u00f6z\u00fcmler | Pulsar Kimya\" \/>\n<meta property=\"og:description\" content=\"S\u0131zd\u0131rmazl\u0131k ve contalama kategorimiz ile farkl\u0131 kullan\u0131m amac\u0131na y\u00f6nelik \u00fcr\u00fcnlerimizi inceleyebilir ve detayl\u0131 bilgi i\u00e7in ileti\u015fime..\" \/>\n<meta property=\"og:url\" content=\"https:\/\/pulsar.com.tr\/kimya\/sizdirmazlik-ve-contalama\/\" \/>\n<meta property=\"og:site_name\" content=\"Pulsar Kimya\" \/>\n<meta property=\"article:publisher\" content=\"https:\/\/www.facebook.com\/PulsarKimyaSanayi\" \/>\n<meta property=\"article:modified_time\" content=\"2022-07-29T06:07:12+00:00\" \/>\n<meta name=\"twitter:card\" content=\"summary_large_image\" \/>\n<meta name=\"twitter:site\" content=\"@PulsarKimya\" \/>\n<script type=\"application\/ld+json\" class=\"yoast-schema-graph\">{\"@context\":\"https:\/\/schema.org\",\"@graph\":[{\"@type\":\"WebPage\",\"@id\":\"https:\/\/pulsar.com.tr\/kimya\/sizdirmazlik-ve-contalama\/\",\"url\":\"https:\/\/pulsar.com.tr\/kimya\/sizdirmazlik-ve-contalama\/\",\"name\":\"[:tr]S\u0131zd\u0131rmazl\u0131k ve Contalama[:en]Sealing and Gasketing[:ru]\u0423\u043f\u043b\u043e\u0442\u043d\u0435\u043d\u0438\u0435 \u0438 \u043f\u0440\u043e\u043a\u043b\u0430\u0434\u043a\u0438[:] | Teknik \u00c7\u00f6z\u00fcmler | Pulsar Kimya\",\"isPartOf\":{\"@id\":\"https:\/\/pulsar.com.tr\/kimya\/#website\"},\"datePublished\":\"2020-06-30T12:19:52+00:00\",\"dateModified\":\"2022-07-29T06:07:12+00:00\",\"description\":\"S\u0131zd\u0131rmazl\u0131k ve contalama kategorimiz ile farkl\u0131 kullan\u0131m amac\u0131na y\u00f6nelik \u00fcr\u00fcnlerimizi inceleyebilir ve detayl\u0131 bilgi i\u00e7in ileti\u015fime..\",\"breadcrumb\":{\"@id\":\"https:\/\/pulsar.com.tr\/kimya\/sizdirmazlik-ve-contalama\/#breadcrumb\"},\"inLanguage\":\"ru-RU\",\"potentialAction\":[{\"@type\":\"ReadAction\",\"target\":[\"https:\/\/pulsar.com.tr\/kimya\/sizdirmazlik-ve-contalama\/\"]}]},{\"@type\":\"BreadcrumbList\",\"@id\":\"https:\/\/pulsar.com.tr\/kimya\/sizdirmazlik-ve-contalama\/#breadcrumb\",\"itemListElement\":[{\"@type\":\"ListItem\",\"position\":1,\"name\":\"Ana sayfa\",\"item\":\"https:\/\/pulsar.com.tr\/kimya\/\"},{\"@type\":\"ListItem\",\"position\":2,\"name\":\"S\u0131zd\u0131rmazl\u0131k ve Contalama\"}]},{\"@type\":\"WebSite\",\"@id\":\"https:\/\/pulsar.com.tr\/kimya\/#website\",\"url\":\"https:\/\/pulsar.com.tr\/kimya\/\",\"name\":\"Pulsar Kimya\",\"description\":\"\",\"publisher\":{\"@id\":\"https:\/\/pulsar.com.tr\/kimya\/#organization\"},\"potentialAction\":[{\"@type\":\"SearchAction\",\"target\":{\"@type\":\"EntryPoint\",\"urlTemplate\":\"https:\/\/pulsar.com.tr\/kimya\/?s={search_term_string}\"},\"query-input\":{\"@type\":\"PropertyValueSpecification\",\"valueRequired\":true,\"valueName\":\"search_term_string\"}}],\"inLanguage\":\"ru-RU\"},{\"@type\":\"Organization\",\"@id\":\"https:\/\/pulsar.com.tr\/kimya\/#organization\",\"name\":\"Pulsar Kimya Sanayi ve Ticaret A.\u015e.\",\"url\":\"https:\/\/pulsar.com.tr\/kimya\/\",\"logo\":{\"@type\":\"ImageObject\",\"inLanguage\":\"ru-RU\",\"@id\":\"https:\/\/pulsar.com.tr\/kimya\/#\/schema\/logo\/image\/\",\"url\":\"https:\/\/pulsar.com.tr\/kimya\/wp-content\/uploads\/2020\/11\/kimya-logo.png\",\"contentUrl\":\"https:\/\/pulsar.com.tr\/kimya\/wp-content\/uploads\/2020\/11\/kimya-logo.png\",\"width\":153,\"height\":175,\"caption\":\"Pulsar Kimya Sanayi ve Ticaret A.\u015e.\"},\"image\":{\"@id\":\"https:\/\/pulsar.com.tr\/kimya\/#\/schema\/logo\/image\/\"},\"sameAs\":[\"https:\/\/www.facebook.com\/PulsarKimyaSanayi\",\"https:\/\/x.com\/PulsarKimya\",\"https:\/\/www.instagram.com\/pulsarkimya\/\",\"https:\/\/www.linkedin.com\/company\/pulsarkimya\/\",\"https:\/\/www.youtube.com\/channel\/UCSgxLg4VTIotm-9IafHYM5w\"]}]}<\/script>\n<!-- \/ Yoast SEO plugin. -->","yoast_head_json":{"title":"[:tr]S\u0131zd\u0131rmazl\u0131k ve Contalama[:en]Sealing and Gasketing[:ru]\u0423\u043f\u043b\u043e\u0442\u043d\u0435\u043d\u0438\u0435 \u0438 \u043f\u0440\u043e\u043a\u043b\u0430\u0434\u043a\u0438[:] | Teknik \u00c7\u00f6z\u00fcmler | Pulsar Kimya","description":"S\u0131zd\u0131rmazl\u0131k ve contalama kategorimiz ile farkl\u0131 kullan\u0131m amac\u0131na y\u00f6nelik \u00fcr\u00fcnlerimizi inceleyebilir ve detayl\u0131 bilgi i\u00e7in ileti\u015fime..","robots":{"index":"index","follow":"follow","max-snippet":"max-snippet:-1","max-image-preview":"max-image-preview:large","max-video-preview":"max-video-preview:-1"},"canonical":"https:\/\/pulsar.com.tr\/kimya\/sizdirmazlik-ve-contalama\/","og_locale":"ru_RU","og_type":"article","og_title":"[:tr]S\u0131zd\u0131rmazl\u0131k ve Contalama[:en]Sealing and Gasketing[:ru]\u0423\u043f\u043b\u043e\u0442\u043d\u0435\u043d\u0438\u0435 \u0438 \u043f\u0440\u043e\u043a\u043b\u0430\u0434\u043a\u0438[:] | Teknik \u00c7\u00f6z\u00fcmler | Pulsar Kimya","og_description":"S\u0131zd\u0131rmazl\u0131k ve contalama kategorimiz ile farkl\u0131 kullan\u0131m amac\u0131na y\u00f6nelik \u00fcr\u00fcnlerimizi inceleyebilir ve detayl\u0131 bilgi i\u00e7in ileti\u015fime..","og_url":"https:\/\/pulsar.com.tr\/kimya\/sizdirmazlik-ve-contalama\/","og_site_name":"Pulsar Kimya","article_publisher":"https:\/\/www.facebook.com\/PulsarKimyaSanayi","article_modified_time":"2022-07-29T06:07:12+00:00","twitter_card":"summary_large_image","twitter_site":"@PulsarKimya","schema":{"@context":"https:\/\/schema.org","@graph":[{"@type":"WebPage","@id":"https:\/\/pulsar.com.tr\/kimya\/sizdirmazlik-ve-contalama\/","url":"https:\/\/pulsar.com.tr\/kimya\/sizdirmazlik-ve-contalama\/","name":"[:tr]S\u0131zd\u0131rmazl\u0131k ve Contalama[:en]Sealing and Gasketing[:ru]\u0423\u043f\u043b\u043e\u0442\u043d\u0435\u043d\u0438\u0435 \u0438 \u043f\u0440\u043e\u043a\u043b\u0430\u0434\u043a\u0438[:] | Teknik \u00c7\u00f6z\u00fcmler | Pulsar Kimya","isPartOf":{"@id":"https:\/\/pulsar.com.tr\/kimya\/#website"},"datePublished":"2020-06-30T12:19:52+00:00","dateModified":"2022-07-29T06:07:12+00:00","description":"S\u0131zd\u0131rmazl\u0131k ve contalama kategorimiz ile farkl\u0131 kullan\u0131m amac\u0131na y\u00f6nelik \u00fcr\u00fcnlerimizi inceleyebilir ve detayl\u0131 bilgi i\u00e7in ileti\u015fime..","breadcrumb":{"@id":"https:\/\/pulsar.com.tr\/kimya\/sizdirmazlik-ve-contalama\/#breadcrumb"},"inLanguage":"ru-RU","potentialAction":[{"@type":"ReadAction","target":["https:\/\/pulsar.com.tr\/kimya\/sizdirmazlik-ve-contalama\/"]}]},{"@type":"BreadcrumbList","@id":"https:\/\/pulsar.com.tr\/kimya\/sizdirmazlik-ve-contalama\/#breadcrumb","itemListElement":[{"@type":"ListItem","position":1,"name":"Ana sayfa","item":"https:\/\/pulsar.com.tr\/kimya\/"},{"@type":"ListItem","position":2,"name":"S\u0131zd\u0131rmazl\u0131k ve Contalama"}]},{"@type":"WebSite","@id":"https:\/\/pulsar.com.tr\/kimya\/#website","url":"https:\/\/pulsar.com.tr\/kimya\/","name":"Pulsar Kimya","description":"","publisher":{"@id":"https:\/\/pulsar.com.tr\/kimya\/#organization"},"potentialAction":[{"@type":"SearchAction","target":{"@type":"EntryPoint","urlTemplate":"https:\/\/pulsar.com.tr\/kimya\/?s={search_term_string}"},"query-input":{"@type":"PropertyValueSpecification","valueRequired":true,"valueName":"search_term_string"}}],"inLanguage":"ru-RU"},{"@type":"Organization","@id":"https:\/\/pulsar.com.tr\/kimya\/#organization","name":"Pulsar Kimya Sanayi ve Ticaret A.\u015e.","url":"https:\/\/pulsar.com.tr\/kimya\/","logo":{"@type":"ImageObject","inLanguage":"ru-RU","@id":"https:\/\/pulsar.com.tr\/kimya\/#\/schema\/logo\/image\/","url":"https:\/\/pulsar.com.tr\/kimya\/wp-content\/uploads\/2020\/11\/kimya-logo.png","contentUrl":"https:\/\/pulsar.com.tr\/kimya\/wp-content\/uploads\/2020\/11\/kimya-logo.png","width":153,"height":175,"caption":"Pulsar Kimya Sanayi ve Ticaret A.\u015e."},"image":{"@id":"https:\/\/pulsar.com.tr\/kimya\/#\/schema\/logo\/image\/"},"sameAs":["https:\/\/www.facebook.com\/PulsarKimyaSanayi","https:\/\/x.com\/PulsarKimya","https:\/\/www.instagram.com\/pulsarkimya\/","https:\/\/www.linkedin.com\/company\/pulsarkimya\/","https:\/\/www.youtube.com\/channel\/UCSgxLg4VTIotm-9IafHYM5w"]}]}},"_links":{"self":[{"href":"https:\/\/pulsar.com.tr\/kimya\/ru\/wp-json\/wp\/v2\/pages\/2286"}],"collection":[{"href":"https:\/\/pulsar.com.tr\/kimya\/ru\/wp-json\/wp\/v2\/pages"}],"about":[{"href":"https:\/\/pulsar.com.tr\/kimya\/ru\/wp-json\/wp\/v2\/types\/page"}],"author":[{"embeddable":true,"href":"https:\/\/pulsar.com.tr\/kimya\/ru\/wp-json\/wp\/v2\/users\/1"}],"replies":[{"embeddable":true,"href":"https:\/\/pulsar.com.tr\/kimya\/ru\/wp-json\/wp\/v2\/comments?post=2286"}],"version-history":[{"count":3,"href":"https:\/\/pulsar.com.tr\/kimya\/ru\/wp-json\/wp\/v2\/pages\/2286\/revisions"}],"predecessor-version":[{"id":5454,"href":"https:\/\/pulsar.com.tr\/kimya\/ru\/wp-json\/wp\/v2\/pages\/2286\/revisions\/5454"}],"wp:attachment":[{"href":"https:\/\/pulsar.com.tr\/kimya\/ru\/wp-json\/wp\/v2\/media?parent=2286"}],"curies":[{"name":"wp","href":"https:\/\/api.w.org\/{rel}","templated":true}]}}