{"id":2280,"date":"2020-06-30T12:19:04","date_gmt":"2020-06-30T12:19:04","guid":{"rendered":"https:\/\/pulsar.com.tr\/kimya\/?page_id=2280"},"modified":"2022-07-28T14:27:46","modified_gmt":"2022-07-28T14:27:46","slug":"kacak-ve-catlak-tespiti","status":"publish","type":"page","link":"https:\/\/pulsar.com.tr\/kimya\/ru\/leak-and-crack-detection-ru\/","title":{"rendered":"\u041e\u0431\u043d\u0430\u0440\u0443\u0436\u0435\u043d\u0438\u0435 \u0443\u0442\u0435\u0447\u043a\u0438 \u0438 \u0442\u0440\u0435\u0449\u0438\u043d"},"content":{"rendered":"","protected":false},"excerpt":{"rendered":"","protected":false},"author":1,"featured_media":0,"parent":0,"menu_order":0,"comment_status":"closed","ping_status":"closed","template":"","meta":{"footnotes":""},"class_list":["post-2280","page","type-page","status-publish","hentry"],"yoast_head":"<!-- This site is optimized with the Yoast SEO plugin v24.2 - https:\/\/yoast.com\/wordpress\/plugins\/seo\/ -->\n<title>\u041e\u0431\u043d\u0430\u0440\u0443\u0436\u0435\u043d\u0438\u0435 \u0443\u0442\u0435\u0447\u043a\u0438 \u0438 \u0442\u0440\u0435\u0449\u0438\u043d | Pulsar Kimya | Kimyasal \u00c7\u00f6z\u00fcmler<\/title>\n<meta name=\"description\" content=\"Kaynak Ka\u00e7ak ve \u00c7atlak Tespiti Kimyasal \u00fcr\u00fcnlerimizi inceleyebilirsiniz ve detayl\u0131 bilgi almak i\u00e7in ileti\u015fime ge\u00e7ebilirsiniz.\" \/>\n<meta name=\"robots\" content=\"index, follow, max-snippet:-1, max-image-preview:large, max-video-preview:-1\" \/>\n<link rel=\"canonical\" href=\"https:\/\/pulsar.com.tr\/kimya\/kacak-ve-catlak-tespiti\/\" \/>\n<meta property=\"og:locale\" content=\"ru_RU\" \/>\n<meta property=\"og:type\" content=\"article\" \/>\n<meta property=\"og:title\" content=\"[:tr]Ka\u00e7ak ve \u00c7atlak Tespiti[:en]Leak and Crack Detection[:ru]\u041e\u0431\u043d\u0430\u0440\u0443\u0436\u0435\u043d\u0438\u0435 \u0443\u0442\u0435\u0447\u043a\u0438 \u0438 \u0442\u0440\u0435\u0449\u0438\u043d[:] | Pulsar Kimya | Kimyasal \u00c7\u00f6z\u00fcmler\" \/>\n<meta property=\"og:description\" content=\"Kaynak Ka\u00e7ak ve \u00c7atlak Tespiti Kimyasal \u00fcr\u00fcnlerimizi inceleyebilirsiniz ve detayl\u0131 bilgi almak i\u00e7in ileti\u015fime ge\u00e7ebilirsiniz.\" \/>\n<meta property=\"og:url\" content=\"https:\/\/pulsar.com.tr\/kimya\/kacak-ve-catlak-tespiti\/\" \/>\n<meta property=\"og:site_name\" content=\"Pulsar Kimya\" \/>\n<meta property=\"article:publisher\" content=\"https:\/\/www.facebook.com\/PulsarKimyaSanayi\" \/>\n<meta property=\"article:modified_time\" content=\"2022-07-28T14:27:46+00:00\" \/>\n<meta name=\"twitter:card\" content=\"summary_large_image\" \/>\n<meta name=\"twitter:site\" content=\"@PulsarKimya\" \/>\n<script type=\"application\/ld+json\" class=\"yoast-schema-graph\">{\"@context\":\"https:\/\/schema.org\",\"@graph\":[{\"@type\":\"WebPage\",\"@id\":\"https:\/\/pulsar.com.tr\/kimya\/kacak-ve-catlak-tespiti\/\",\"url\":\"https:\/\/pulsar.com.tr\/kimya\/kacak-ve-catlak-tespiti\/\",\"name\":\"[:tr]Ka\u00e7ak ve \u00c7atlak Tespiti[:en]Leak and Crack Detection[:ru]\u041e\u0431\u043d\u0430\u0440\u0443\u0436\u0435\u043d\u0438\u0435 \u0443\u0442\u0435\u0447\u043a\u0438 \u0438 \u0442\u0440\u0435\u0449\u0438\u043d[:] | Pulsar Kimya | Kimyasal \u00c7\u00f6z\u00fcmler\",\"isPartOf\":{\"@id\":\"https:\/\/pulsar.com.tr\/kimya\/#website\"},\"datePublished\":\"2020-06-30T12:19:04+00:00\",\"dateModified\":\"2022-07-28T14:27:46+00:00\",\"description\":\"Kaynak Ka\u00e7ak ve \u00c7atlak Tespiti Kimyasal \u00fcr\u00fcnlerimizi inceleyebilirsiniz ve detayl\u0131 bilgi almak i\u00e7in ileti\u015fime ge\u00e7ebilirsiniz.\",\"breadcrumb\":{\"@id\":\"https:\/\/pulsar.com.tr\/kimya\/kacak-ve-catlak-tespiti\/#breadcrumb\"},\"inLanguage\":\"ru-RU\",\"potentialAction\":[{\"@type\":\"ReadAction\",\"target\":[\"https:\/\/pulsar.com.tr\/kimya\/kacak-ve-catlak-tespiti\/\"]}]},{\"@type\":\"BreadcrumbList\",\"@id\":\"https:\/\/pulsar.com.tr\/kimya\/kacak-ve-catlak-tespiti\/#breadcrumb\",\"itemListElement\":[{\"@type\":\"ListItem\",\"position\":1,\"name\":\"Ana sayfa\",\"item\":\"https:\/\/pulsar.com.tr\/kimya\/\"},{\"@type\":\"ListItem\",\"position\":2,\"name\":\"Ka\u00e7ak ve \u00c7atlak Tespiti\"}]},{\"@type\":\"WebSite\",\"@id\":\"https:\/\/pulsar.com.tr\/kimya\/#website\",\"url\":\"https:\/\/pulsar.com.tr\/kimya\/\",\"name\":\"Pulsar Kimya\",\"description\":\"\",\"publisher\":{\"@id\":\"https:\/\/pulsar.com.tr\/kimya\/#organization\"},\"potentialAction\":[{\"@type\":\"SearchAction\",\"target\":{\"@type\":\"EntryPoint\",\"urlTemplate\":\"https:\/\/pulsar.com.tr\/kimya\/?s={search_term_string}\"},\"query-input\":{\"@type\":\"PropertyValueSpecification\",\"valueRequired\":true,\"valueName\":\"search_term_string\"}}],\"inLanguage\":\"ru-RU\"},{\"@type\":\"Organization\",\"@id\":\"https:\/\/pulsar.com.tr\/kimya\/#organization\",\"name\":\"Pulsar Kimya Sanayi ve Ticaret A.\u015e.\",\"url\":\"https:\/\/pulsar.com.tr\/kimya\/\",\"logo\":{\"@type\":\"ImageObject\",\"inLanguage\":\"ru-RU\",\"@id\":\"https:\/\/pulsar.com.tr\/kimya\/#\/schema\/logo\/image\/\",\"url\":\"https:\/\/pulsar.com.tr\/kimya\/wp-content\/uploads\/2020\/11\/kimya-logo.png\",\"contentUrl\":\"https:\/\/pulsar.com.tr\/kimya\/wp-content\/uploads\/2020\/11\/kimya-logo.png\",\"width\":153,\"height\":175,\"caption\":\"Pulsar Kimya Sanayi ve Ticaret A.\u015e.\"},\"image\":{\"@id\":\"https:\/\/pulsar.com.tr\/kimya\/#\/schema\/logo\/image\/\"},\"sameAs\":[\"https:\/\/www.facebook.com\/PulsarKimyaSanayi\",\"https:\/\/x.com\/PulsarKimya\",\"https:\/\/www.instagram.com\/pulsarkimya\/\",\"https:\/\/www.linkedin.com\/company\/pulsarkimya\/\",\"https:\/\/www.youtube.com\/channel\/UCSgxLg4VTIotm-9IafHYM5w\"]}]}<\/script>\n<!-- \/ Yoast SEO plugin. -->","yoast_head_json":{"title":"[:tr]Ka\u00e7ak ve \u00c7atlak Tespiti[:en]Leak and Crack Detection[:ru]\u041e\u0431\u043d\u0430\u0440\u0443\u0436\u0435\u043d\u0438\u0435 \u0443\u0442\u0435\u0447\u043a\u0438 \u0438 \u0442\u0440\u0435\u0449\u0438\u043d[:] | Pulsar Kimya | Kimyasal \u00c7\u00f6z\u00fcmler","description":"Kaynak Ka\u00e7ak ve \u00c7atlak Tespiti Kimyasal \u00fcr\u00fcnlerimizi inceleyebilirsiniz ve detayl\u0131 bilgi almak i\u00e7in ileti\u015fime ge\u00e7ebilirsiniz.","robots":{"index":"index","follow":"follow","max-snippet":"max-snippet:-1","max-image-preview":"max-image-preview:large","max-video-preview":"max-video-preview:-1"},"canonical":"https:\/\/pulsar.com.tr\/kimya\/kacak-ve-catlak-tespiti\/","og_locale":"ru_RU","og_type":"article","og_title":"[:tr]Ka\u00e7ak ve \u00c7atlak Tespiti[:en]Leak and Crack Detection[:ru]\u041e\u0431\u043d\u0430\u0440\u0443\u0436\u0435\u043d\u0438\u0435 \u0443\u0442\u0435\u0447\u043a\u0438 \u0438 \u0442\u0440\u0435\u0449\u0438\u043d[:] | Pulsar Kimya | Kimyasal \u00c7\u00f6z\u00fcmler","og_description":"Kaynak Ka\u00e7ak ve \u00c7atlak Tespiti Kimyasal \u00fcr\u00fcnlerimizi inceleyebilirsiniz ve detayl\u0131 bilgi almak i\u00e7in ileti\u015fime ge\u00e7ebilirsiniz.","og_url":"https:\/\/pulsar.com.tr\/kimya\/kacak-ve-catlak-tespiti\/","og_site_name":"Pulsar Kimya","article_publisher":"https:\/\/www.facebook.com\/PulsarKimyaSanayi","article_modified_time":"2022-07-28T14:27:46+00:00","twitter_card":"summary_large_image","twitter_site":"@PulsarKimya","schema":{"@context":"https:\/\/schema.org","@graph":[{"@type":"WebPage","@id":"https:\/\/pulsar.com.tr\/kimya\/kacak-ve-catlak-tespiti\/","url":"https:\/\/pulsar.com.tr\/kimya\/kacak-ve-catlak-tespiti\/","name":"[:tr]Ka\u00e7ak ve \u00c7atlak Tespiti[:en]Leak and Crack Detection[:ru]\u041e\u0431\u043d\u0430\u0440\u0443\u0436\u0435\u043d\u0438\u0435 \u0443\u0442\u0435\u0447\u043a\u0438 \u0438 \u0442\u0440\u0435\u0449\u0438\u043d[:] | Pulsar Kimya | Kimyasal \u00c7\u00f6z\u00fcmler","isPartOf":{"@id":"https:\/\/pulsar.com.tr\/kimya\/#website"},"datePublished":"2020-06-30T12:19:04+00:00","dateModified":"2022-07-28T14:27:46+00:00","description":"Kaynak Ka\u00e7ak ve \u00c7atlak Tespiti Kimyasal \u00fcr\u00fcnlerimizi inceleyebilirsiniz ve detayl\u0131 bilgi almak i\u00e7in ileti\u015fime ge\u00e7ebilirsiniz.","breadcrumb":{"@id":"https:\/\/pulsar.com.tr\/kimya\/kacak-ve-catlak-tespiti\/#breadcrumb"},"inLanguage":"ru-RU","potentialAction":[{"@type":"ReadAction","target":["https:\/\/pulsar.com.tr\/kimya\/kacak-ve-catlak-tespiti\/"]}]},{"@type":"BreadcrumbList","@id":"https:\/\/pulsar.com.tr\/kimya\/kacak-ve-catlak-tespiti\/#breadcrumb","itemListElement":[{"@type":"ListItem","position":1,"name":"Ana sayfa","item":"https:\/\/pulsar.com.tr\/kimya\/"},{"@type":"ListItem","position":2,"name":"Ka\u00e7ak ve \u00c7atlak Tespiti"}]},{"@type":"WebSite","@id":"https:\/\/pulsar.com.tr\/kimya\/#website","url":"https:\/\/pulsar.com.tr\/kimya\/","name":"Pulsar Kimya","description":"","publisher":{"@id":"https:\/\/pulsar.com.tr\/kimya\/#organization"},"potentialAction":[{"@type":"SearchAction","target":{"@type":"EntryPoint","urlTemplate":"https:\/\/pulsar.com.tr\/kimya\/?s={search_term_string}"},"query-input":{"@type":"PropertyValueSpecification","valueRequired":true,"valueName":"search_term_string"}}],"inLanguage":"ru-RU"},{"@type":"Organization","@id":"https:\/\/pulsar.com.tr\/kimya\/#organization","name":"Pulsar Kimya Sanayi ve Ticaret A.\u015e.","url":"https:\/\/pulsar.com.tr\/kimya\/","logo":{"@type":"ImageObject","inLanguage":"ru-RU","@id":"https:\/\/pulsar.com.tr\/kimya\/#\/schema\/logo\/image\/","url":"https:\/\/pulsar.com.tr\/kimya\/wp-content\/uploads\/2020\/11\/kimya-logo.png","contentUrl":"https:\/\/pulsar.com.tr\/kimya\/wp-content\/uploads\/2020\/11\/kimya-logo.png","width":153,"height":175,"caption":"Pulsar Kimya Sanayi ve Ticaret A.\u015e."},"image":{"@id":"https:\/\/pulsar.com.tr\/kimya\/#\/schema\/logo\/image\/"},"sameAs":["https:\/\/www.facebook.com\/PulsarKimyaSanayi","https:\/\/x.com\/PulsarKimya","https:\/\/www.instagram.com\/pulsarkimya\/","https:\/\/www.linkedin.com\/company\/pulsarkimya\/","https:\/\/www.youtube.com\/channel\/UCSgxLg4VTIotm-9IafHYM5w"]}]}},"_links":{"self":[{"href":"https:\/\/pulsar.com.tr\/kimya\/ru\/wp-json\/wp\/v2\/pages\/2280"}],"collection":[{"href":"https:\/\/pulsar.com.tr\/kimya\/ru\/wp-json\/wp\/v2\/pages"}],"about":[{"href":"https:\/\/pulsar.com.tr\/kimya\/ru\/wp-json\/wp\/v2\/types\/page"}],"author":[{"embeddable":true,"href":"https:\/\/pulsar.com.tr\/kimya\/ru\/wp-json\/wp\/v2\/users\/1"}],"replies":[{"embeddable":true,"href":"https:\/\/pulsar.com.tr\/kimya\/ru\/wp-json\/wp\/v2\/comments?post=2280"}],"version-history":[{"count":3,"href":"https:\/\/pulsar.com.tr\/kimya\/ru\/wp-json\/wp\/v2\/pages\/2280\/revisions"}],"predecessor-version":[{"id":5399,"href":"https:\/\/pulsar.com.tr\/kimya\/ru\/wp-json\/wp\/v2\/pages\/2280\/revisions\/5399"}],"wp:attachment":[{"href":"https:\/\/pulsar.com.tr\/kimya\/ru\/wp-json\/wp\/v2\/media?parent=2280"}],"curies":[{"name":"wp","href":"https:\/\/api.w.org\/{rel}","templated":true}]}}