{"id":2272,"date":"2020-06-30T12:17:53","date_gmt":"2020-06-30T12:17:53","guid":{"rendered":"https:\/\/pulsar.com.tr\/kimya\/?page_id=2272"},"modified":"2022-07-27T07:51:09","modified_gmt":"2022-07-27T07:51:09","slug":"anti-seize-ve-montaj-pastalar","status":"publish","type":"page","link":"https:\/\/pulsar.com.tr\/kimya\/ru\/anti-seize-and-assembly-pastes-ru\/","title":{"rendered":"\u041f\u0440\u043e\u0442\u0438\u0432\u043e\u0437\u0430\u0434\u0438\u0440\u043d\u044b\u0435 \u0438 \u041c\u043e\u043d\u0442\u0430\u0436\u043d\u044b\u0435 \u043f\u0430\u0441\u0442\u044b"},"content":{"rendered":"","protected":false},"excerpt":{"rendered":"","protected":false},"author":1,"featured_media":0,"parent":0,"menu_order":0,"comment_status":"closed","ping_status":"closed","template":"","meta":{"footnotes":""},"class_list":["post-2272","page","type-page","status-publish","hentry"],"yoast_head":"<!-- This site is optimized with the Yoast SEO plugin v24.2 - https:\/\/yoast.com\/wordpress\/plugins\/seo\/ -->\n<title>\u041f\u0440\u043e\u0442\u0438\u0432\u043e\u0437\u0430\u0434\u0438\u0440\u043d\u044b\u0435 \u0438 \u041c\u043e\u043d\u0442\u0430\u0436\u043d\u044b\u0435 \u043f\u0430\u0441\u0442\u044b Serisi | Pulsar Kimya<\/title>\n<meta name=\"description\" content=\"Anti-Seize ve Montaj Pastalar serimiz ile y\u00fcksek s\u0131cakl\u0131k dayan\u0131ml\u0131 koruyucu ve montaj pastalar portf\u00f6y\u00fcm\u00fcz\u00fc inceleyebilirsiniz...\" \/>\n<meta name=\"robots\" content=\"index, follow, max-snippet:-1, max-image-preview:large, max-video-preview:-1\" \/>\n<link rel=\"canonical\" href=\"https:\/\/pulsar.com.tr\/kimya\/anti-seize-ve-montaj-pastalar\/\" \/>\n<meta property=\"og:locale\" content=\"ru_RU\" \/>\n<meta property=\"og:type\" content=\"article\" \/>\n<meta property=\"og:title\" content=\"[:tr]Anti-Seize ve Montaj Pastalar[:en]Anti-Seize and Assembly Pastes[:ru]\u041f\u0440\u043e\u0442\u0438\u0432\u043e\u0437\u0430\u0434\u0438\u0440\u043d\u044b\u0435 \u0438 \u041c\u043e\u043d\u0442\u0430\u0436\u043d\u044b\u0435 \u043f\u0430\u0441\u0442\u044b[:] Serisi | Pulsar Kimya\" \/>\n<meta property=\"og:description\" content=\"Anti-Seize ve Montaj Pastalar serimiz ile y\u00fcksek s\u0131cakl\u0131k dayan\u0131ml\u0131 koruyucu ve montaj pastalar portf\u00f6y\u00fcm\u00fcz\u00fc inceleyebilirsiniz...\" \/>\n<meta property=\"og:url\" content=\"https:\/\/pulsar.com.tr\/kimya\/anti-seize-ve-montaj-pastalar\/\" \/>\n<meta property=\"og:site_name\" content=\"Pulsar Kimya\" \/>\n<meta property=\"article:publisher\" content=\"https:\/\/www.facebook.com\/PulsarKimyaSanayi\" \/>\n<meta property=\"article:modified_time\" content=\"2022-07-27T07:51:09+00:00\" \/>\n<meta name=\"twitter:card\" content=\"summary_large_image\" \/>\n<meta name=\"twitter:site\" content=\"@PulsarKimya\" \/>\n<script type=\"application\/ld+json\" class=\"yoast-schema-graph\">{\"@context\":\"https:\/\/schema.org\",\"@graph\":[{\"@type\":\"WebPage\",\"@id\":\"https:\/\/pulsar.com.tr\/kimya\/anti-seize-ve-montaj-pastalar\/\",\"url\":\"https:\/\/pulsar.com.tr\/kimya\/anti-seize-ve-montaj-pastalar\/\",\"name\":\"[:tr]Anti-Seize ve Montaj Pastalar[:en]Anti-Seize and Assembly Pastes[:ru]\u041f\u0440\u043e\u0442\u0438\u0432\u043e\u0437\u0430\u0434\u0438\u0440\u043d\u044b\u0435 \u0438 \u041c\u043e\u043d\u0442\u0430\u0436\u043d\u044b\u0435 \u043f\u0430\u0441\u0442\u044b[:] Serisi | Pulsar Kimya\",\"isPartOf\":{\"@id\":\"https:\/\/pulsar.com.tr\/kimya\/#website\"},\"datePublished\":\"2020-06-30T12:17:53+00:00\",\"dateModified\":\"2022-07-27T07:51:09+00:00\",\"description\":\"Anti-Seize ve Montaj Pastalar serimiz ile y\u00fcksek s\u0131cakl\u0131k dayan\u0131ml\u0131 koruyucu ve montaj pastalar portf\u00f6y\u00fcm\u00fcz\u00fc inceleyebilirsiniz...\",\"breadcrumb\":{\"@id\":\"https:\/\/pulsar.com.tr\/kimya\/anti-seize-ve-montaj-pastalar\/#breadcrumb\"},\"inLanguage\":\"ru-RU\",\"potentialAction\":[{\"@type\":\"ReadAction\",\"target\":[\"https:\/\/pulsar.com.tr\/kimya\/anti-seize-ve-montaj-pastalar\/\"]}]},{\"@type\":\"BreadcrumbList\",\"@id\":\"https:\/\/pulsar.com.tr\/kimya\/anti-seize-ve-montaj-pastalar\/#breadcrumb\",\"itemListElement\":[{\"@type\":\"ListItem\",\"position\":1,\"name\":\"Ana sayfa\",\"item\":\"https:\/\/pulsar.com.tr\/kimya\/\"},{\"@type\":\"ListItem\",\"position\":2,\"name\":\"Anti-Seize ve Montaj Pastalar\"}]},{\"@type\":\"WebSite\",\"@id\":\"https:\/\/pulsar.com.tr\/kimya\/#website\",\"url\":\"https:\/\/pulsar.com.tr\/kimya\/\",\"name\":\"Pulsar Kimya\",\"description\":\"\",\"publisher\":{\"@id\":\"https:\/\/pulsar.com.tr\/kimya\/#organization\"},\"potentialAction\":[{\"@type\":\"SearchAction\",\"target\":{\"@type\":\"EntryPoint\",\"urlTemplate\":\"https:\/\/pulsar.com.tr\/kimya\/?s={search_term_string}\"},\"query-input\":{\"@type\":\"PropertyValueSpecification\",\"valueRequired\":true,\"valueName\":\"search_term_string\"}}],\"inLanguage\":\"ru-RU\"},{\"@type\":\"Organization\",\"@id\":\"https:\/\/pulsar.com.tr\/kimya\/#organization\",\"name\":\"Pulsar Kimya Sanayi ve Ticaret A.\u015e.\",\"url\":\"https:\/\/pulsar.com.tr\/kimya\/\",\"logo\":{\"@type\":\"ImageObject\",\"inLanguage\":\"ru-RU\",\"@id\":\"https:\/\/pulsar.com.tr\/kimya\/#\/schema\/logo\/image\/\",\"url\":\"https:\/\/pulsar.com.tr\/kimya\/wp-content\/uploads\/2020\/11\/kimya-logo.png\",\"contentUrl\":\"https:\/\/pulsar.com.tr\/kimya\/wp-content\/uploads\/2020\/11\/kimya-logo.png\",\"width\":153,\"height\":175,\"caption\":\"Pulsar Kimya Sanayi ve Ticaret A.\u015e.\"},\"image\":{\"@id\":\"https:\/\/pulsar.com.tr\/kimya\/#\/schema\/logo\/image\/\"},\"sameAs\":[\"https:\/\/www.facebook.com\/PulsarKimyaSanayi\",\"https:\/\/x.com\/PulsarKimya\",\"https:\/\/www.instagram.com\/pulsarkimya\/\",\"https:\/\/www.linkedin.com\/company\/pulsarkimya\/\",\"https:\/\/www.youtube.com\/channel\/UCSgxLg4VTIotm-9IafHYM5w\"]}]}<\/script>\n<!-- \/ Yoast SEO plugin. -->","yoast_head_json":{"title":"[:tr]Anti-Seize ve Montaj Pastalar[:en]Anti-Seize and Assembly Pastes[:ru]\u041f\u0440\u043e\u0442\u0438\u0432\u043e\u0437\u0430\u0434\u0438\u0440\u043d\u044b\u0435 \u0438 \u041c\u043e\u043d\u0442\u0430\u0436\u043d\u044b\u0435 \u043f\u0430\u0441\u0442\u044b[:] Serisi | Pulsar Kimya","description":"Anti-Seize ve Montaj Pastalar serimiz ile y\u00fcksek s\u0131cakl\u0131k dayan\u0131ml\u0131 koruyucu ve montaj pastalar portf\u00f6y\u00fcm\u00fcz\u00fc inceleyebilirsiniz...","robots":{"index":"index","follow":"follow","max-snippet":"max-snippet:-1","max-image-preview":"max-image-preview:large","max-video-preview":"max-video-preview:-1"},"canonical":"https:\/\/pulsar.com.tr\/kimya\/anti-seize-ve-montaj-pastalar\/","og_locale":"ru_RU","og_type":"article","og_title":"[:tr]Anti-Seize ve Montaj Pastalar[:en]Anti-Seize and Assembly Pastes[:ru]\u041f\u0440\u043e\u0442\u0438\u0432\u043e\u0437\u0430\u0434\u0438\u0440\u043d\u044b\u0435 \u0438 \u041c\u043e\u043d\u0442\u0430\u0436\u043d\u044b\u0435 \u043f\u0430\u0441\u0442\u044b[:] Serisi | Pulsar Kimya","og_description":"Anti-Seize ve Montaj Pastalar serimiz ile y\u00fcksek s\u0131cakl\u0131k dayan\u0131ml\u0131 koruyucu ve montaj pastalar portf\u00f6y\u00fcm\u00fcz\u00fc inceleyebilirsiniz...","og_url":"https:\/\/pulsar.com.tr\/kimya\/anti-seize-ve-montaj-pastalar\/","og_site_name":"Pulsar Kimya","article_publisher":"https:\/\/www.facebook.com\/PulsarKimyaSanayi","article_modified_time":"2022-07-27T07:51:09+00:00","twitter_card":"summary_large_image","twitter_site":"@PulsarKimya","schema":{"@context":"https:\/\/schema.org","@graph":[{"@type":"WebPage","@id":"https:\/\/pulsar.com.tr\/kimya\/anti-seize-ve-montaj-pastalar\/","url":"https:\/\/pulsar.com.tr\/kimya\/anti-seize-ve-montaj-pastalar\/","name":"[:tr]Anti-Seize ve Montaj Pastalar[:en]Anti-Seize and Assembly Pastes[:ru]\u041f\u0440\u043e\u0442\u0438\u0432\u043e\u0437\u0430\u0434\u0438\u0440\u043d\u044b\u0435 \u0438 \u041c\u043e\u043d\u0442\u0430\u0436\u043d\u044b\u0435 \u043f\u0430\u0441\u0442\u044b[:] Serisi | Pulsar Kimya","isPartOf":{"@id":"https:\/\/pulsar.com.tr\/kimya\/#website"},"datePublished":"2020-06-30T12:17:53+00:00","dateModified":"2022-07-27T07:51:09+00:00","description":"Anti-Seize ve Montaj Pastalar serimiz ile y\u00fcksek s\u0131cakl\u0131k dayan\u0131ml\u0131 koruyucu ve montaj pastalar portf\u00f6y\u00fcm\u00fcz\u00fc inceleyebilirsiniz...","breadcrumb":{"@id":"https:\/\/pulsar.com.tr\/kimya\/anti-seize-ve-montaj-pastalar\/#breadcrumb"},"inLanguage":"ru-RU","potentialAction":[{"@type":"ReadAction","target":["https:\/\/pulsar.com.tr\/kimya\/anti-seize-ve-montaj-pastalar\/"]}]},{"@type":"BreadcrumbList","@id":"https:\/\/pulsar.com.tr\/kimya\/anti-seize-ve-montaj-pastalar\/#breadcrumb","itemListElement":[{"@type":"ListItem","position":1,"name":"Ana sayfa","item":"https:\/\/pulsar.com.tr\/kimya\/"},{"@type":"ListItem","position":2,"name":"Anti-Seize ve Montaj Pastalar"}]},{"@type":"WebSite","@id":"https:\/\/pulsar.com.tr\/kimya\/#website","url":"https:\/\/pulsar.com.tr\/kimya\/","name":"Pulsar Kimya","description":"","publisher":{"@id":"https:\/\/pulsar.com.tr\/kimya\/#organization"},"potentialAction":[{"@type":"SearchAction","target":{"@type":"EntryPoint","urlTemplate":"https:\/\/pulsar.com.tr\/kimya\/?s={search_term_string}"},"query-input":{"@type":"PropertyValueSpecification","valueRequired":true,"valueName":"search_term_string"}}],"inLanguage":"ru-RU"},{"@type":"Organization","@id":"https:\/\/pulsar.com.tr\/kimya\/#organization","name":"Pulsar Kimya Sanayi ve Ticaret A.\u015e.","url":"https:\/\/pulsar.com.tr\/kimya\/","logo":{"@type":"ImageObject","inLanguage":"ru-RU","@id":"https:\/\/pulsar.com.tr\/kimya\/#\/schema\/logo\/image\/","url":"https:\/\/pulsar.com.tr\/kimya\/wp-content\/uploads\/2020\/11\/kimya-logo.png","contentUrl":"https:\/\/pulsar.com.tr\/kimya\/wp-content\/uploads\/2020\/11\/kimya-logo.png","width":153,"height":175,"caption":"Pulsar Kimya Sanayi ve Ticaret A.\u015e."},"image":{"@id":"https:\/\/pulsar.com.tr\/kimya\/#\/schema\/logo\/image\/"},"sameAs":["https:\/\/www.facebook.com\/PulsarKimyaSanayi","https:\/\/x.com\/PulsarKimya","https:\/\/www.instagram.com\/pulsarkimya\/","https:\/\/www.linkedin.com\/company\/pulsarkimya\/","https:\/\/www.youtube.com\/channel\/UCSgxLg4VTIotm-9IafHYM5w"]}]}},"_links":{"self":[{"href":"https:\/\/pulsar.com.tr\/kimya\/ru\/wp-json\/wp\/v2\/pages\/2272"}],"collection":[{"href":"https:\/\/pulsar.com.tr\/kimya\/ru\/wp-json\/wp\/v2\/pages"}],"about":[{"href":"https:\/\/pulsar.com.tr\/kimya\/ru\/wp-json\/wp\/v2\/types\/page"}],"author":[{"embeddable":true,"href":"https:\/\/pulsar.com.tr\/kimya\/ru\/wp-json\/wp\/v2\/users\/1"}],"replies":[{"embeddable":true,"href":"https:\/\/pulsar.com.tr\/kimya\/ru\/wp-json\/wp\/v2\/comments?post=2272"}],"version-history":[{"count":3,"href":"https:\/\/pulsar.com.tr\/kimya\/ru\/wp-json\/wp\/v2\/pages\/2272\/revisions"}],"predecessor-version":[{"id":5395,"href":"https:\/\/pulsar.com.tr\/kimya\/ru\/wp-json\/wp\/v2\/pages\/2272\/revisions\/5395"}],"wp:attachment":[{"href":"https:\/\/pulsar.com.tr\/kimya\/ru\/wp-json\/wp\/v2\/media?parent=2272"}],"curies":[{"name":"wp","href":"https:\/\/api.w.org\/{rel}","templated":true}]}}