{"id":862,"date":"2011-09-23T15:15:41","date_gmt":"2011-09-23T15:15:41","guid":{"rendered":"http:\/\/rttheme18.demo-rt.com\/?page_id=5"},"modified":"2025-07-29T11:33:53","modified_gmt":"2025-07-29T11:33:53","slug":"hakkimizda","status":"publish","type":"page","link":"https:\/\/pulsar.com.tr\/kimya\/en\/about\/","title":{"rendered":"About Us"},"content":{"rendered":"<p>As a part of Pulsar Group (of Companies), founded in 1983, Pulsar Kimya Sanayi ve Ticaret Anonim Sirketi (Pulsar Chemical Industry and Trade Incorporated Company) has been serving Turkish Industry more than 40 years by bringing high-tech industrial chemicals into the industry.<\/p>\n<p>Specialised in industrial adhesives, repair-maintenance and process chemicals, Pulsar Kimya AS has been sharing its knowledge and experience of many years with organisations in almost all branches of the industry by providing \u201ctechnical solutions\u201d to the sectors (industries) such as defence industry, petrochemistry, electronic, machinery, aerospace, white goods, medical, furniture, glass and automotive<\/p>\n<p>Pulsar Kimya has been bringing more than a thousand products in its portfolio with its customer through its main office in Ankara, regional offices in Istanbul, Bursa, Izmir and the distributors spread across Turkey.<\/p>\n<p>Pulsar Kimya is one of the few companies that combines innovative and competitive service\/solution insight with the principle of \u201csustainable quality\u201d.<\/p>","protected":false},"excerpt":{"rendered":"<p>As a part of Pulsar Group (of Companies), founded in 1983, Pulsar Kimya Sanayi ve Ticaret Anonim Sirketi (Pulsar Chemical Industry and Trade Incorporated Company) has been serving Turkish Industry more than 40 years by bringing high-tech industrial chemicals into the industry. Specialised in industrial adhesives, repair-maintenance and process chemicals, Pulsar Kimya AS has been [&hellip;]<\/p>\n","protected":false},"author":1,"featured_media":0,"parent":0,"menu_order":0,"comment_status":"open","ping_status":"open","template":"","meta":{"footnotes":""},"class_list":["post-862","page","type-page","status-publish","hentry"],"yoast_head":"<!-- This site is optimized with the Yoast SEO plugin v24.2 - https:\/\/yoast.com\/wordpress\/plugins\/seo\/ -->\n<title>About Us | Pulsar Kimya | End\u00fcstriyel Teknik \u00c7\u00f6z\u00fcmler<\/title>\n<meta name=\"description\" content=\"Ankara\u2019daki merkez ofisi ile \u0130stanbul, Bursa, \u0130zmir b\u00f6lge m\u00fcd\u00fcrl\u00fckleri ile bini a\u015fk\u0131n \u00fcr\u00fcn\u00fc \u201cdo\u011fru yerde do\u011fru \u00e7\u00f6z\u00fcm\u201d prensibi...\" \/>\n<meta name=\"robots\" content=\"index, follow, max-snippet:-1, max-image-preview:large, max-video-preview:-1\" \/>\n<link rel=\"canonical\" href=\"https:\/\/pulsar.com.tr\/kimya\/hakkimizda\/\" \/>\n<meta property=\"og:locale\" content=\"en_US\" \/>\n<meta property=\"og:type\" content=\"article\" \/>\n<meta property=\"og:title\" content=\"[:tr]Hakk\u0131m\u0131zda[:en]About Us[:ru]\u043e \u043d\u0430\u0441[:] | Pulsar Kimya | End\u00fcstriyel Teknik \u00c7\u00f6z\u00fcmler\" \/>\n<meta property=\"og:description\" content=\"Ankara\u2019daki merkez ofisi ile \u0130stanbul, Bursa, \u0130zmir b\u00f6lge m\u00fcd\u00fcrl\u00fckleri ile bini a\u015fk\u0131n \u00fcr\u00fcn\u00fc \u201cdo\u011fru yerde do\u011fru \u00e7\u00f6z\u00fcm\u201d prensibi...\" \/>\n<meta property=\"og:url\" content=\"https:\/\/pulsar.com.tr\/kimya\/hakkimizda\/\" \/>\n<meta property=\"og:site_name\" content=\"Pulsar Kimya\" \/>\n<meta property=\"article:publisher\" content=\"https:\/\/www.facebook.com\/PulsarKimyaSanayi\" \/>\n<meta property=\"article:modified_time\" content=\"2025-07-29T11:33:53+00:00\" \/>\n<meta name=\"twitter:card\" content=\"summary_large_image\" \/>\n<meta name=\"twitter:site\" content=\"@PulsarKimya\" \/>\n<meta name=\"twitter:label1\" content=\"Est. reading time\" \/>\n\t<meta name=\"twitter:data1\" content=\"1 minute\" \/>\n<script type=\"application\/ld+json\" class=\"yoast-schema-graph\">{\"@context\":\"https:\/\/schema.org\",\"@graph\":[{\"@type\":\"WebPage\",\"@id\":\"https:\/\/pulsar.com.tr\/kimya\/hakkimizda\/\",\"url\":\"https:\/\/pulsar.com.tr\/kimya\/hakkimizda\/\",\"name\":\"[:tr]Hakk\u0131m\u0131zda[:en]About Us[:ru]\u043e \u043d\u0430\u0441[:] | Pulsar Kimya | End\u00fcstriyel Teknik \u00c7\u00f6z\u00fcmler\",\"isPartOf\":{\"@id\":\"https:\/\/pulsar.com.tr\/kimya\/#website\"},\"datePublished\":\"2011-09-23T15:15:41+00:00\",\"dateModified\":\"2025-07-29T11:33:53+00:00\",\"description\":\"Ankara\u2019daki merkez ofisi ile \u0130stanbul, Bursa, \u0130zmir b\u00f6lge m\u00fcd\u00fcrl\u00fckleri ile bini a\u015fk\u0131n \u00fcr\u00fcn\u00fc \u201cdo\u011fru yerde do\u011fru \u00e7\u00f6z\u00fcm\u201d prensibi...\",\"breadcrumb\":{\"@id\":\"https:\/\/pulsar.com.tr\/kimya\/hakkimizda\/#breadcrumb\"},\"inLanguage\":\"en-US\",\"potentialAction\":[{\"@type\":\"ReadAction\",\"target\":[\"https:\/\/pulsar.com.tr\/kimya\/hakkimizda\/\"]}]},{\"@type\":\"BreadcrumbList\",\"@id\":\"https:\/\/pulsar.com.tr\/kimya\/hakkimizda\/#breadcrumb\",\"itemListElement\":[{\"@type\":\"ListItem\",\"position\":1,\"name\":\"Ana sayfa\",\"item\":\"https:\/\/pulsar.com.tr\/kimya\/\"},{\"@type\":\"ListItem\",\"position\":2,\"name\":\"Hakk\u0131m\u0131zda\"}]},{\"@type\":\"WebSite\",\"@id\":\"https:\/\/pulsar.com.tr\/kimya\/#website\",\"url\":\"https:\/\/pulsar.com.tr\/kimya\/\",\"name\":\"Pulsar Kimya\",\"description\":\"\",\"publisher\":{\"@id\":\"https:\/\/pulsar.com.tr\/kimya\/#organization\"},\"potentialAction\":[{\"@type\":\"SearchAction\",\"target\":{\"@type\":\"EntryPoint\",\"urlTemplate\":\"https:\/\/pulsar.com.tr\/kimya\/?s={search_term_string}\"},\"query-input\":{\"@type\":\"PropertyValueSpecification\",\"valueRequired\":true,\"valueName\":\"search_term_string\"}}],\"inLanguage\":\"en-US\"},{\"@type\":\"Organization\",\"@id\":\"https:\/\/pulsar.com.tr\/kimya\/#organization\",\"name\":\"Pulsar Kimya Sanayi ve Ticaret A.\u015e.\",\"url\":\"https:\/\/pulsar.com.tr\/kimya\/\",\"logo\":{\"@type\":\"ImageObject\",\"inLanguage\":\"en-US\",\"@id\":\"https:\/\/pulsar.com.tr\/kimya\/#\/schema\/logo\/image\/\",\"url\":\"https:\/\/pulsar.com.tr\/kimya\/wp-content\/uploads\/2020\/11\/kimya-logo.png\",\"contentUrl\":\"https:\/\/pulsar.com.tr\/kimya\/wp-content\/uploads\/2020\/11\/kimya-logo.png\",\"width\":153,\"height\":175,\"caption\":\"Pulsar Kimya Sanayi ve Ticaret A.\u015e.\"},\"image\":{\"@id\":\"https:\/\/pulsar.com.tr\/kimya\/#\/schema\/logo\/image\/\"},\"sameAs\":[\"https:\/\/www.facebook.com\/PulsarKimyaSanayi\",\"https:\/\/x.com\/PulsarKimya\",\"https:\/\/www.instagram.com\/pulsarkimya\/\",\"https:\/\/www.linkedin.com\/company\/pulsarkimya\/\",\"https:\/\/www.youtube.com\/channel\/UCSgxLg4VTIotm-9IafHYM5w\"]}]}<\/script>\n<!-- \/ Yoast SEO plugin. -->","yoast_head_json":{"title":"[:tr]Hakk\u0131m\u0131zda[:en]About Us[:ru]\u043e \u043d\u0430\u0441[:] | Pulsar Kimya | End\u00fcstriyel Teknik \u00c7\u00f6z\u00fcmler","description":"Ankara\u2019daki merkez ofisi ile \u0130stanbul, Bursa, \u0130zmir b\u00f6lge m\u00fcd\u00fcrl\u00fckleri ile bini a\u015fk\u0131n \u00fcr\u00fcn\u00fc \u201cdo\u011fru yerde do\u011fru \u00e7\u00f6z\u00fcm\u201d prensibi...","robots":{"index":"index","follow":"follow","max-snippet":"max-snippet:-1","max-image-preview":"max-image-preview:large","max-video-preview":"max-video-preview:-1"},"canonical":"https:\/\/pulsar.com.tr\/kimya\/hakkimizda\/","og_locale":"en_US","og_type":"article","og_title":"[:tr]Hakk\u0131m\u0131zda[:en]About Us[:ru]\u043e \u043d\u0430\u0441[:] | Pulsar Kimya | End\u00fcstriyel Teknik \u00c7\u00f6z\u00fcmler","og_description":"Ankara\u2019daki merkez ofisi ile \u0130stanbul, Bursa, \u0130zmir b\u00f6lge m\u00fcd\u00fcrl\u00fckleri ile bini a\u015fk\u0131n \u00fcr\u00fcn\u00fc \u201cdo\u011fru yerde do\u011fru \u00e7\u00f6z\u00fcm\u201d prensibi...","og_url":"https:\/\/pulsar.com.tr\/kimya\/hakkimizda\/","og_site_name":"Pulsar Kimya","article_publisher":"https:\/\/www.facebook.com\/PulsarKimyaSanayi","article_modified_time":"2025-07-29T11:33:53+00:00","twitter_card":"summary_large_image","twitter_site":"@PulsarKimya","twitter_misc":{"Est. reading time":"1 minute"},"schema":{"@context":"https:\/\/schema.org","@graph":[{"@type":"WebPage","@id":"https:\/\/pulsar.com.tr\/kimya\/hakkimizda\/","url":"https:\/\/pulsar.com.tr\/kimya\/hakkimizda\/","name":"[:tr]Hakk\u0131m\u0131zda[:en]About Us[:ru]\u043e \u043d\u0430\u0441[:] | Pulsar Kimya | End\u00fcstriyel Teknik \u00c7\u00f6z\u00fcmler","isPartOf":{"@id":"https:\/\/pulsar.com.tr\/kimya\/#website"},"datePublished":"2011-09-23T15:15:41+00:00","dateModified":"2025-07-29T11:33:53+00:00","description":"Ankara\u2019daki merkez ofisi ile \u0130stanbul, Bursa, \u0130zmir b\u00f6lge m\u00fcd\u00fcrl\u00fckleri ile bini a\u015fk\u0131n \u00fcr\u00fcn\u00fc \u201cdo\u011fru yerde do\u011fru \u00e7\u00f6z\u00fcm\u201d prensibi...","breadcrumb":{"@id":"https:\/\/pulsar.com.tr\/kimya\/hakkimizda\/#breadcrumb"},"inLanguage":"en-US","potentialAction":[{"@type":"ReadAction","target":["https:\/\/pulsar.com.tr\/kimya\/hakkimizda\/"]}]},{"@type":"BreadcrumbList","@id":"https:\/\/pulsar.com.tr\/kimya\/hakkimizda\/#breadcrumb","itemListElement":[{"@type":"ListItem","position":1,"name":"Ana sayfa","item":"https:\/\/pulsar.com.tr\/kimya\/"},{"@type":"ListItem","position":2,"name":"Hakk\u0131m\u0131zda"}]},{"@type":"WebSite","@id":"https:\/\/pulsar.com.tr\/kimya\/#website","url":"https:\/\/pulsar.com.tr\/kimya\/","name":"Pulsar Kimya","description":"","publisher":{"@id":"https:\/\/pulsar.com.tr\/kimya\/#organization"},"potentialAction":[{"@type":"SearchAction","target":{"@type":"EntryPoint","urlTemplate":"https:\/\/pulsar.com.tr\/kimya\/?s={search_term_string}"},"query-input":{"@type":"PropertyValueSpecification","valueRequired":true,"valueName":"search_term_string"}}],"inLanguage":"en-US"},{"@type":"Organization","@id":"https:\/\/pulsar.com.tr\/kimya\/#organization","name":"Pulsar Kimya Sanayi ve Ticaret A.\u015e.","url":"https:\/\/pulsar.com.tr\/kimya\/","logo":{"@type":"ImageObject","inLanguage":"en-US","@id":"https:\/\/pulsar.com.tr\/kimya\/#\/schema\/logo\/image\/","url":"https:\/\/pulsar.com.tr\/kimya\/wp-content\/uploads\/2020\/11\/kimya-logo.png","contentUrl":"https:\/\/pulsar.com.tr\/kimya\/wp-content\/uploads\/2020\/11\/kimya-logo.png","width":153,"height":175,"caption":"Pulsar Kimya Sanayi ve Ticaret A.\u015e."},"image":{"@id":"https:\/\/pulsar.com.tr\/kimya\/#\/schema\/logo\/image\/"},"sameAs":["https:\/\/www.facebook.com\/PulsarKimyaSanayi","https:\/\/x.com\/PulsarKimya","https:\/\/www.instagram.com\/pulsarkimya\/","https:\/\/www.linkedin.com\/company\/pulsarkimya\/","https:\/\/www.youtube.com\/channel\/UCSgxLg4VTIotm-9IafHYM5w"]}]}},"_links":{"self":[{"href":"https:\/\/pulsar.com.tr\/kimya\/en\/wp-json\/wp\/v2\/pages\/862"}],"collection":[{"href":"https:\/\/pulsar.com.tr\/kimya\/en\/wp-json\/wp\/v2\/pages"}],"about":[{"href":"https:\/\/pulsar.com.tr\/kimya\/en\/wp-json\/wp\/v2\/types\/page"}],"author":[{"embeddable":true,"href":"https:\/\/pulsar.com.tr\/kimya\/en\/wp-json\/wp\/v2\/users\/1"}],"replies":[{"embeddable":true,"href":"https:\/\/pulsar.com.tr\/kimya\/en\/wp-json\/wp\/v2\/comments?post=862"}],"version-history":[{"count":10,"href":"https:\/\/pulsar.com.tr\/kimya\/en\/wp-json\/wp\/v2\/pages\/862\/revisions"}],"predecessor-version":[{"id":6785,"href":"https:\/\/pulsar.com.tr\/kimya\/en\/wp-json\/wp\/v2\/pages\/862\/revisions\/6785"}],"wp:attachment":[{"href":"https:\/\/pulsar.com.tr\/kimya\/en\/wp-json\/wp\/v2\/media?parent=862"}],"curies":[{"name":"wp","href":"https:\/\/api.w.org\/{rel}","templated":true}]}}