{"id":6718,"date":"2025-01-17T11:27:04","date_gmt":"2025-01-17T11:27:04","guid":{"rendered":"https:\/\/pulsar.com.tr\/kimya\/?page_id=6718"},"modified":"2025-01-17T12:16:24","modified_gmt":"2025-01-17T12:16:24","slug":"yapistirici-sizdirmazlik-2","status":"publish","type":"page","link":"https:\/\/pulsar.com.tr\/kimya\/en\/adhesive-sealant\/","title":{"rendered":"Products"},"content":{"rendered":"<p class=\"qtranxs-available-languages-message qtranxs-available-languages-message-en\">Sorry, this entry is only available in <a href=\"https:\/\/pulsar.com.tr\/kimya\/tr\/wp-json\/wp\/v2\/pages\/6718\" class=\"qtranxs-available-language-link qtranxs-available-language-link-tr\" title=\"Turkish\">Turkish<\/a>.<\/p>","protected":false},"excerpt":{"rendered":"<p>Sorry, this entry is only available in Turkish.<\/p>\n","protected":false},"author":5,"featured_media":0,"parent":0,"menu_order":0,"comment_status":"open","ping_status":"open","template":"","meta":{"footnotes":""},"class_list":["post-6718","page","type-page","status-publish","hentry"],"yoast_head":"<!-- This site is optimized with the Yoast SEO plugin v24.2 - https:\/\/yoast.com\/wordpress\/plugins\/seo\/ -->\n<title>Products | Pulsar Kimya<\/title>\n<meta name=\"description\" content=\"End\u00fcstriyel ve bireysel kullan\u0131mda, yap\u0131\u015ft\u0131r\u0131c\u0131 ve s\u0131zd\u0131rmazl\u0131k \u00fcr\u00fcnleri, dayan\u0131kl\u0131l\u0131k ve g\u00fcvenilirlik sa\u011flamak i\u00e7in vazge\u00e7ilmezdir. Bu yaz\u0131da,\u00a0yap\u0131\u015ft\u0131r\u0131c\u0131 ve s\u0131zd\u0131rmazl\u0131k \u00fcr\u00fcnlerinin\u00a0\u00e7e\u015fitleri, kullan\u0131m alanlar\u0131 ve avantajlar\u0131n\u0131 detayl\u0131 bir \u015fekilde ele alaca\u011f\u0131z. \u0130ster \u00fcretim hatt\u0131nda, ister g\u00fcnl\u00fck tamiratlarda ihtiya\u00e7 duyulan bu \u00fcr\u00fcnler hakk\u0131nda bilmeniz gereken her \u015feyi bulabilirsiniz.\" \/>\n<meta name=\"robots\" content=\"index, follow, max-snippet:-1, max-image-preview:large, max-video-preview:-1\" \/>\n<link rel=\"canonical\" href=\"https:\/\/pulsar.com.tr\/kimya\/yapistirici-sizdirmazlik\/\" \/>\n<meta property=\"og:locale\" content=\"en_US\" \/>\n<meta property=\"og:type\" content=\"article\" \/>\n<meta property=\"og:title\" content=\"[:tr]Yap\u0131\u015ft\u0131r\u0131c\u0131 ve S\u0131zd\u0131rmazl\u0131k \u00dcr\u00fcnleri[:en]Products[:] | Pulsar Kimya\" \/>\n<meta property=\"og:description\" content=\"End\u00fcstriyel ve bireysel kullan\u0131mda, yap\u0131\u015ft\u0131r\u0131c\u0131 ve s\u0131zd\u0131rmazl\u0131k \u00fcr\u00fcnleri, dayan\u0131kl\u0131l\u0131k ve g\u00fcvenilirlik sa\u011flamak i\u00e7in vazge\u00e7ilmezdir. Bu yaz\u0131da,\u00a0yap\u0131\u015ft\u0131r\u0131c\u0131 ve s\u0131zd\u0131rmazl\u0131k \u00fcr\u00fcnlerinin\u00a0\u00e7e\u015fitleri, kullan\u0131m alanlar\u0131 ve avantajlar\u0131n\u0131 detayl\u0131 bir \u015fekilde ele alaca\u011f\u0131z. \u0130ster \u00fcretim hatt\u0131nda, ister g\u00fcnl\u00fck tamiratlarda ihtiya\u00e7 duyulan bu \u00fcr\u00fcnler hakk\u0131nda bilmeniz gereken her \u015feyi bulabilirsiniz.\" \/>\n<meta property=\"og:url\" content=\"https:\/\/pulsar.com.tr\/kimya\/yapistirici-sizdirmazlik\/\" \/>\n<meta property=\"og:site_name\" content=\"Pulsar Kimya\" \/>\n<meta property=\"article:publisher\" content=\"https:\/\/www.facebook.com\/PulsarKimyaSanayi\" \/>\n<meta property=\"article:modified_time\" content=\"2025-01-17T12:16:24+00:00\" \/>\n<meta name=\"twitter:card\" content=\"summary_large_image\" \/>\n<meta name=\"twitter:site\" content=\"@PulsarKimya\" \/>\n<meta name=\"twitter:label1\" content=\"Est. reading time\" \/>\n\t<meta name=\"twitter:data1\" content=\"3 minutes\" \/>\n<script type=\"application\/ld+json\" class=\"yoast-schema-graph\">{\"@context\":\"https:\/\/schema.org\",\"@graph\":[{\"@type\":\"WebPage\",\"@id\":\"https:\/\/pulsar.com.tr\/kimya\/yapistirici-sizdirmazlik\/\",\"url\":\"https:\/\/pulsar.com.tr\/kimya\/yapistirici-sizdirmazlik\/\",\"name\":\"[:tr]Yap\u0131\u015ft\u0131r\u0131c\u0131 ve S\u0131zd\u0131rmazl\u0131k \u00dcr\u00fcnleri[:en]Products[:] | Pulsar Kimya\",\"isPartOf\":{\"@id\":\"https:\/\/pulsar.com.tr\/kimya\/#website\"},\"datePublished\":\"2025-01-17T11:27:04+00:00\",\"dateModified\":\"2025-01-17T12:16:24+00:00\",\"description\":\"End\u00fcstriyel ve bireysel kullan\u0131mda, yap\u0131\u015ft\u0131r\u0131c\u0131 ve s\u0131zd\u0131rmazl\u0131k \u00fcr\u00fcnleri, dayan\u0131kl\u0131l\u0131k ve g\u00fcvenilirlik sa\u011flamak i\u00e7in vazge\u00e7ilmezdir. Bu yaz\u0131da,\u00a0yap\u0131\u015ft\u0131r\u0131c\u0131 ve s\u0131zd\u0131rmazl\u0131k \u00fcr\u00fcnlerinin\u00a0\u00e7e\u015fitleri, kullan\u0131m alanlar\u0131 ve avantajlar\u0131n\u0131 detayl\u0131 bir \u015fekilde ele alaca\u011f\u0131z. \u0130ster \u00fcretim hatt\u0131nda, ister g\u00fcnl\u00fck tamiratlarda ihtiya\u00e7 duyulan bu \u00fcr\u00fcnler hakk\u0131nda bilmeniz gereken her \u015feyi bulabilirsiniz.\",\"breadcrumb\":{\"@id\":\"https:\/\/pulsar.com.tr\/kimya\/yapistirici-sizdirmazlik\/#breadcrumb\"},\"inLanguage\":\"en-US\",\"potentialAction\":[{\"@type\":\"ReadAction\",\"target\":[\"https:\/\/pulsar.com.tr\/kimya\/yapistirici-sizdirmazlik\/\"]}]},{\"@type\":\"BreadcrumbList\",\"@id\":\"https:\/\/pulsar.com.tr\/kimya\/yapistirici-sizdirmazlik\/#breadcrumb\",\"itemListElement\":[{\"@type\":\"ListItem\",\"position\":1,\"name\":\"Ana sayfa\",\"item\":\"https:\/\/pulsar.com.tr\/kimya\/\"},{\"@type\":\"ListItem\",\"position\":2,\"name\":\"Yap\u0131\u015ft\u0131r\u0131c\u0131 ve S\u0131zd\u0131rmazl\u0131k \u00dcr\u00fcnleri\"}]},{\"@type\":\"WebSite\",\"@id\":\"https:\/\/pulsar.com.tr\/kimya\/#website\",\"url\":\"https:\/\/pulsar.com.tr\/kimya\/\",\"name\":\"Pulsar Kimya\",\"description\":\"\",\"publisher\":{\"@id\":\"https:\/\/pulsar.com.tr\/kimya\/#organization\"},\"potentialAction\":[{\"@type\":\"SearchAction\",\"target\":{\"@type\":\"EntryPoint\",\"urlTemplate\":\"https:\/\/pulsar.com.tr\/kimya\/?s={search_term_string}\"},\"query-input\":{\"@type\":\"PropertyValueSpecification\",\"valueRequired\":true,\"valueName\":\"search_term_string\"}}],\"inLanguage\":\"en-US\"},{\"@type\":\"Organization\",\"@id\":\"https:\/\/pulsar.com.tr\/kimya\/#organization\",\"name\":\"Pulsar Kimya Sanayi ve Ticaret A.\u015e.\",\"url\":\"https:\/\/pulsar.com.tr\/kimya\/\",\"logo\":{\"@type\":\"ImageObject\",\"inLanguage\":\"en-US\",\"@id\":\"https:\/\/pulsar.com.tr\/kimya\/#\/schema\/logo\/image\/\",\"url\":\"https:\/\/pulsar.com.tr\/kimya\/wp-content\/uploads\/2020\/11\/kimya-logo.png\",\"contentUrl\":\"https:\/\/pulsar.com.tr\/kimya\/wp-content\/uploads\/2020\/11\/kimya-logo.png\",\"width\":153,\"height\":175,\"caption\":\"Pulsar Kimya Sanayi ve Ticaret A.\u015e.\"},\"image\":{\"@id\":\"https:\/\/pulsar.com.tr\/kimya\/#\/schema\/logo\/image\/\"},\"sameAs\":[\"https:\/\/www.facebook.com\/PulsarKimyaSanayi\",\"https:\/\/x.com\/PulsarKimya\",\"https:\/\/www.instagram.com\/pulsarkimya\/\",\"https:\/\/www.linkedin.com\/company\/pulsarkimya\/\",\"https:\/\/www.youtube.com\/channel\/UCSgxLg4VTIotm-9IafHYM5w\"]}]}<\/script>\n<!-- \/ Yoast SEO plugin. -->","yoast_head_json":{"title":"[:tr]Yap\u0131\u015ft\u0131r\u0131c\u0131 ve S\u0131zd\u0131rmazl\u0131k \u00dcr\u00fcnleri[:en]Products[:] | Pulsar Kimya","description":"End\u00fcstriyel ve bireysel kullan\u0131mda, yap\u0131\u015ft\u0131r\u0131c\u0131 ve s\u0131zd\u0131rmazl\u0131k \u00fcr\u00fcnleri, dayan\u0131kl\u0131l\u0131k ve g\u00fcvenilirlik sa\u011flamak i\u00e7in vazge\u00e7ilmezdir. Bu yaz\u0131da,\u00a0yap\u0131\u015ft\u0131r\u0131c\u0131 ve s\u0131zd\u0131rmazl\u0131k \u00fcr\u00fcnlerinin\u00a0\u00e7e\u015fitleri, kullan\u0131m alanlar\u0131 ve avantajlar\u0131n\u0131 detayl\u0131 bir \u015fekilde ele alaca\u011f\u0131z. \u0130ster \u00fcretim hatt\u0131nda, ister g\u00fcnl\u00fck tamiratlarda ihtiya\u00e7 duyulan bu \u00fcr\u00fcnler hakk\u0131nda bilmeniz gereken her \u015feyi bulabilirsiniz.","robots":{"index":"index","follow":"follow","max-snippet":"max-snippet:-1","max-image-preview":"max-image-preview:large","max-video-preview":"max-video-preview:-1"},"canonical":"https:\/\/pulsar.com.tr\/kimya\/yapistirici-sizdirmazlik\/","og_locale":"en_US","og_type":"article","og_title":"[:tr]Yap\u0131\u015ft\u0131r\u0131c\u0131 ve S\u0131zd\u0131rmazl\u0131k \u00dcr\u00fcnleri[:en]Products[:] | Pulsar Kimya","og_description":"End\u00fcstriyel ve bireysel kullan\u0131mda, yap\u0131\u015ft\u0131r\u0131c\u0131 ve s\u0131zd\u0131rmazl\u0131k \u00fcr\u00fcnleri, dayan\u0131kl\u0131l\u0131k ve g\u00fcvenilirlik sa\u011flamak i\u00e7in vazge\u00e7ilmezdir. Bu yaz\u0131da,\u00a0yap\u0131\u015ft\u0131r\u0131c\u0131 ve s\u0131zd\u0131rmazl\u0131k \u00fcr\u00fcnlerinin\u00a0\u00e7e\u015fitleri, kullan\u0131m alanlar\u0131 ve avantajlar\u0131n\u0131 detayl\u0131 bir \u015fekilde ele alaca\u011f\u0131z. \u0130ster \u00fcretim hatt\u0131nda, ister g\u00fcnl\u00fck tamiratlarda ihtiya\u00e7 duyulan bu \u00fcr\u00fcnler hakk\u0131nda bilmeniz gereken her \u015feyi bulabilirsiniz.","og_url":"https:\/\/pulsar.com.tr\/kimya\/yapistirici-sizdirmazlik\/","og_site_name":"Pulsar Kimya","article_publisher":"https:\/\/www.facebook.com\/PulsarKimyaSanayi","article_modified_time":"2025-01-17T12:16:24+00:00","twitter_card":"summary_large_image","twitter_site":"@PulsarKimya","twitter_misc":{"Est. reading time":"3 minutes"},"schema":{"@context":"https:\/\/schema.org","@graph":[{"@type":"WebPage","@id":"https:\/\/pulsar.com.tr\/kimya\/yapistirici-sizdirmazlik\/","url":"https:\/\/pulsar.com.tr\/kimya\/yapistirici-sizdirmazlik\/","name":"[:tr]Yap\u0131\u015ft\u0131r\u0131c\u0131 ve S\u0131zd\u0131rmazl\u0131k \u00dcr\u00fcnleri[:en]Products[:] | Pulsar Kimya","isPartOf":{"@id":"https:\/\/pulsar.com.tr\/kimya\/#website"},"datePublished":"2025-01-17T11:27:04+00:00","dateModified":"2025-01-17T12:16:24+00:00","description":"End\u00fcstriyel ve bireysel kullan\u0131mda, yap\u0131\u015ft\u0131r\u0131c\u0131 ve s\u0131zd\u0131rmazl\u0131k \u00fcr\u00fcnleri, dayan\u0131kl\u0131l\u0131k ve g\u00fcvenilirlik sa\u011flamak i\u00e7in vazge\u00e7ilmezdir. Bu yaz\u0131da,\u00a0yap\u0131\u015ft\u0131r\u0131c\u0131 ve s\u0131zd\u0131rmazl\u0131k \u00fcr\u00fcnlerinin\u00a0\u00e7e\u015fitleri, kullan\u0131m alanlar\u0131 ve avantajlar\u0131n\u0131 detayl\u0131 bir \u015fekilde ele alaca\u011f\u0131z. \u0130ster \u00fcretim hatt\u0131nda, ister g\u00fcnl\u00fck tamiratlarda ihtiya\u00e7 duyulan bu \u00fcr\u00fcnler hakk\u0131nda bilmeniz gereken her \u015feyi bulabilirsiniz.","breadcrumb":{"@id":"https:\/\/pulsar.com.tr\/kimya\/yapistirici-sizdirmazlik\/#breadcrumb"},"inLanguage":"en-US","potentialAction":[{"@type":"ReadAction","target":["https:\/\/pulsar.com.tr\/kimya\/yapistirici-sizdirmazlik\/"]}]},{"@type":"BreadcrumbList","@id":"https:\/\/pulsar.com.tr\/kimya\/yapistirici-sizdirmazlik\/#breadcrumb","itemListElement":[{"@type":"ListItem","position":1,"name":"Ana sayfa","item":"https:\/\/pulsar.com.tr\/kimya\/"},{"@type":"ListItem","position":2,"name":"Yap\u0131\u015ft\u0131r\u0131c\u0131 ve S\u0131zd\u0131rmazl\u0131k \u00dcr\u00fcnleri"}]},{"@type":"WebSite","@id":"https:\/\/pulsar.com.tr\/kimya\/#website","url":"https:\/\/pulsar.com.tr\/kimya\/","name":"Pulsar Kimya","description":"","publisher":{"@id":"https:\/\/pulsar.com.tr\/kimya\/#organization"},"potentialAction":[{"@type":"SearchAction","target":{"@type":"EntryPoint","urlTemplate":"https:\/\/pulsar.com.tr\/kimya\/?s={search_term_string}"},"query-input":{"@type":"PropertyValueSpecification","valueRequired":true,"valueName":"search_term_string"}}],"inLanguage":"en-US"},{"@type":"Organization","@id":"https:\/\/pulsar.com.tr\/kimya\/#organization","name":"Pulsar Kimya Sanayi ve Ticaret A.\u015e.","url":"https:\/\/pulsar.com.tr\/kimya\/","logo":{"@type":"ImageObject","inLanguage":"en-US","@id":"https:\/\/pulsar.com.tr\/kimya\/#\/schema\/logo\/image\/","url":"https:\/\/pulsar.com.tr\/kimya\/wp-content\/uploads\/2020\/11\/kimya-logo.png","contentUrl":"https:\/\/pulsar.com.tr\/kimya\/wp-content\/uploads\/2020\/11\/kimya-logo.png","width":153,"height":175,"caption":"Pulsar Kimya Sanayi ve Ticaret A.\u015e."},"image":{"@id":"https:\/\/pulsar.com.tr\/kimya\/#\/schema\/logo\/image\/"},"sameAs":["https:\/\/www.facebook.com\/PulsarKimyaSanayi","https:\/\/x.com\/PulsarKimya","https:\/\/www.instagram.com\/pulsarkimya\/","https:\/\/www.linkedin.com\/company\/pulsarkimya\/","https:\/\/www.youtube.com\/channel\/UCSgxLg4VTIotm-9IafHYM5w"]}]}},"_links":{"self":[{"href":"https:\/\/pulsar.com.tr\/kimya\/en\/wp-json\/wp\/v2\/pages\/6718"}],"collection":[{"href":"https:\/\/pulsar.com.tr\/kimya\/en\/wp-json\/wp\/v2\/pages"}],"about":[{"href":"https:\/\/pulsar.com.tr\/kimya\/en\/wp-json\/wp\/v2\/types\/page"}],"author":[{"embeddable":true,"href":"https:\/\/pulsar.com.tr\/kimya\/en\/wp-json\/wp\/v2\/users\/5"}],"replies":[{"embeddable":true,"href":"https:\/\/pulsar.com.tr\/kimya\/en\/wp-json\/wp\/v2\/comments?post=6718"}],"version-history":[{"count":3,"href":"https:\/\/pulsar.com.tr\/kimya\/en\/wp-json\/wp\/v2\/pages\/6718\/revisions"}],"predecessor-version":[{"id":6722,"href":"https:\/\/pulsar.com.tr\/kimya\/en\/wp-json\/wp\/v2\/pages\/6718\/revisions\/6722"}],"wp:attachment":[{"href":"https:\/\/pulsar.com.tr\/kimya\/en\/wp-json\/wp\/v2\/media?parent=6718"}],"curies":[{"name":"wp","href":"https:\/\/api.w.org\/{rel}","templated":true}]}}