{"id":6302,"date":"2022-11-18T07:42:10","date_gmt":"2022-11-18T07:42:10","guid":{"rendered":"https:\/\/pulsar.com.tr\/kimya\/?page_id=6302"},"modified":"2022-11-18T07:43:49","modified_gmt":"2022-11-18T07:43:49","slug":"genel-basvuru","status":"publish","type":"page","link":"https:\/\/pulsar.com.tr\/kimya\/en\/genel-basvuru\/","title":{"rendered":"Teknik Sat\u0131\u015f Sorumlusu"},"content":{"rendered":"<p><\/p>\n<h3>Genel Nitelikler ve \u0130\u015f Tan\u0131m\u0131<\/h3>\n<ul>\n<li>\u00a0\u00a0Tercihen m\u00fchendislik formasyonuna sahip,<\/li>\n<li>\u00a0\u00a0Yap\u0131\u015ft\u0131r\u0131c\u0131, bak\u0131m-onar\u0131m, proses kimyasallar\u0131 sat\u0131\u015f\u0131nda deneyim sahibi,<\/li>\n<li>\u00a0\u00a0B s\u0131n\u0131f\u0131 ehliyet sahibi ve aktif olarak ara\u00e7 kullanabilen,<\/li>\n<li>\u00a0\u00a0\u0130kna kabiliyeti ve \u00f6zg\u00fcveni y\u00fcksek,<\/li>\n<li>\u00a0\u00a0Erkek adaylar i\u00e7in askerli\u011fini tamamlam\u0131\u015f,<\/li>\n<li>\u00a0\u00a0Seyahat engeli olmayan<\/li>\n<\/ul>\n<blockquote><p><b>Ankara, \u0130stanbul ve \u0130zmir\u00a0<\/b>B\u00f6lge M\u00fcd\u00fcrl\u00fcklerimiz i\u00e7in\u00a0<b>Sat\u0131\u015f Temsilcileri<\/b>\u00a0ar\u0131yoruz.<\/p><\/blockquote>\n<h3>\u0130\u015f Tan\u0131m\u0131<\/h3>\n<p>PULSAR \u015eirketler Grubu, 1983 y\u0131l\u0131ndan beri Ankara, \u0130stanbul, Bursa ve \u0130zmir illerindeki b\u00f6lge m\u00fcd\u00fcrl\u00fckleri ve deneyimli kadrosu ile end\u00fcstrinin farkl\u0131 dallar\u0131ndaki se\u00e7kin m\u00fc\u015fterilerinin problemlerine \u00e7\u00f6z\u00fcm \u00fcretir.<br \/>\nPULSAR K\u0130MYA;\u00a0d\u00fcnyan\u0131n tan\u0131nm\u0131\u015f end\u00fcstriyel kimyasallar, yap\u0131\u015ft\u0131r\u0131c\u0131lar, proses &#8211; bak\u0131m onar\u0131m kimyasallar\u0131 ve s\u0131zd\u0131rmazl\u0131k \u00fcr\u00fcn \u00fcreticilerinin T\u00fcrkiye distrib\u00fct\u00f6rl\u00fc\u011f\u00fcn\u00fc ve servisini y\u00fcr\u00fcterek, m\u00fc\u015fterilerine \u00e7\u00f6z\u00fcm ortakl\u0131\u011f\u0131 yapar.<\/p>\n<p>Portf\u00f6y\u00fcm\u00fczde bulunan \u00fcr\u00fcnlerin, mevcut\/potansiyel m\u00fc\u015fterilerimize tan\u0131t\u0131m ve sat\u0131\u015f\u0131n\u0131 yapacak, yenilik\u00e7i \u00e7\u00f6z\u00fcmler \u00fcretecek tak\u0131m arkada\u015flar\u0131 ar\u0131yoruz.<\/p>","protected":false},"excerpt":{"rendered":"<p>Genel Nitelikler ve \u0130\u015f Tan\u0131m\u0131 \u00a0\u00a0Tercihen m\u00fchendislik formasyonuna sahip, \u00a0\u00a0Yap\u0131\u015ft\u0131r\u0131c\u0131, bak\u0131m-onar\u0131m, proses kimyasallar\u0131 sat\u0131\u015f\u0131nda deneyim sahibi, \u00a0\u00a0B s\u0131n\u0131f\u0131 ehliyet sahibi ve aktif olarak ara\u00e7 kullanabilen, \u00a0\u00a0\u0130kna kabiliyeti ve \u00f6zg\u00fcveni y\u00fcksek, \u00a0\u00a0Erkek adaylar i\u00e7in askerli\u011fini tamamlam\u0131\u015f, \u00a0\u00a0Seyahat engeli olmayan Ankara, \u0130stanbul ve \u0130zmir\u00a0B\u00f6lge M\u00fcd\u00fcrl\u00fcklerimiz i\u00e7in\u00a0Sat\u0131\u015f Temsilcileri\u00a0ar\u0131yoruz. \u0130\u015f Tan\u0131m\u0131 PULSAR \u015eirketler Grubu, 1983 y\u0131l\u0131ndan beri Ankara, \u0130stanbul, [&hellip;]<\/p>\n","protected":false},"author":5,"featured_media":0,"parent":0,"menu_order":0,"comment_status":"open","ping_status":"open","template":"","meta":{"footnotes":""},"class_list":["post-6302","page","type-page","status-publish","hentry"],"yoast_head":"<!-- This site is optimized with the Yoast SEO plugin v24.2 - https:\/\/yoast.com\/wordpress\/plugins\/seo\/ -->\n<title>Teknik Sat\u0131\u015f Sorumlusu | Pulsar Kimya | \u0130nsan Kaynaklar\u0131<\/title>\n<meta name=\"description\" content=\"Portf\u00f6y\u00fcm\u00fczde bulunan \u00fcr\u00fcnlerin, m\u00fc\u015fterilerimize tan\u0131t\u0131m ve sat\u0131\u015f\u0131n\u0131 yapacak, yenilik\u00e7i \u00e7\u00f6z\u00fcmler \u00fcretecek tak\u0131m arkada\u015flar\u0131 ar\u0131yoruz...\" \/>\n<meta name=\"robots\" content=\"index, follow, max-snippet:-1, max-image-preview:large, max-video-preview:-1\" \/>\n<link rel=\"canonical\" href=\"https:\/\/pulsar.com.tr\/kimya\/genel-basvuru\/\" \/>\n<meta property=\"og:locale\" content=\"en_US\" \/>\n<meta property=\"og:type\" content=\"article\" \/>\n<meta property=\"og:title\" content=\"[:tr]Genel Ba\u015fvuru[:en]Teknik Sat\u0131\u015f Sorumlusu[:ru]Teknik Sat\u0131\u015f Sorumlusu[:] | Pulsar Kimya | \u0130nsan Kaynaklar\u0131\" \/>\n<meta property=\"og:description\" content=\"Portf\u00f6y\u00fcm\u00fczde bulunan \u00fcr\u00fcnlerin, m\u00fc\u015fterilerimize tan\u0131t\u0131m ve sat\u0131\u015f\u0131n\u0131 yapacak, yenilik\u00e7i \u00e7\u00f6z\u00fcmler \u00fcretecek tak\u0131m arkada\u015flar\u0131 ar\u0131yoruz...\" \/>\n<meta property=\"og:url\" content=\"https:\/\/pulsar.com.tr\/kimya\/genel-basvuru\/\" \/>\n<meta property=\"og:site_name\" content=\"Pulsar Kimya\" \/>\n<meta property=\"article:publisher\" content=\"https:\/\/www.facebook.com\/PulsarKimyaSanayi\" \/>\n<meta property=\"article:modified_time\" content=\"2022-11-18T07:43:49+00:00\" \/>\n<meta name=\"twitter:card\" content=\"summary_large_image\" \/>\n<meta name=\"twitter:site\" content=\"@PulsarKimya\" \/>\n<meta name=\"twitter:label1\" content=\"Est. reading time\" \/>\n\t<meta name=\"twitter:data1\" content=\"2 minutes\" \/>\n<script type=\"application\/ld+json\" class=\"yoast-schema-graph\">{\"@context\":\"https:\/\/schema.org\",\"@graph\":[{\"@type\":\"WebPage\",\"@id\":\"https:\/\/pulsar.com.tr\/kimya\/genel-basvuru\/\",\"url\":\"https:\/\/pulsar.com.tr\/kimya\/genel-basvuru\/\",\"name\":\"[:tr]Genel Ba\u015fvuru[:en]Teknik Sat\u0131\u015f Sorumlusu[:ru]Teknik Sat\u0131\u015f Sorumlusu[:] | Pulsar Kimya | \u0130nsan Kaynaklar\u0131\",\"isPartOf\":{\"@id\":\"https:\/\/pulsar.com.tr\/kimya\/#website\"},\"datePublished\":\"2022-11-18T07:42:10+00:00\",\"dateModified\":\"2022-11-18T07:43:49+00:00\",\"description\":\"Portf\u00f6y\u00fcm\u00fczde bulunan \u00fcr\u00fcnlerin, m\u00fc\u015fterilerimize tan\u0131t\u0131m ve sat\u0131\u015f\u0131n\u0131 yapacak, yenilik\u00e7i \u00e7\u00f6z\u00fcmler \u00fcretecek tak\u0131m arkada\u015flar\u0131 ar\u0131yoruz...\",\"breadcrumb\":{\"@id\":\"https:\/\/pulsar.com.tr\/kimya\/genel-basvuru\/#breadcrumb\"},\"inLanguage\":\"en-US\",\"potentialAction\":[{\"@type\":\"ReadAction\",\"target\":[\"https:\/\/pulsar.com.tr\/kimya\/genel-basvuru\/\"]}]},{\"@type\":\"BreadcrumbList\",\"@id\":\"https:\/\/pulsar.com.tr\/kimya\/genel-basvuru\/#breadcrumb\",\"itemListElement\":[{\"@type\":\"ListItem\",\"position\":1,\"name\":\"Ana sayfa\",\"item\":\"https:\/\/pulsar.com.tr\/kimya\/\"},{\"@type\":\"ListItem\",\"position\":2,\"name\":\"Genel Ba\u015fvuru\"}]},{\"@type\":\"WebSite\",\"@id\":\"https:\/\/pulsar.com.tr\/kimya\/#website\",\"url\":\"https:\/\/pulsar.com.tr\/kimya\/\",\"name\":\"Pulsar Kimya\",\"description\":\"\",\"publisher\":{\"@id\":\"https:\/\/pulsar.com.tr\/kimya\/#organization\"},\"potentialAction\":[{\"@type\":\"SearchAction\",\"target\":{\"@type\":\"EntryPoint\",\"urlTemplate\":\"https:\/\/pulsar.com.tr\/kimya\/?s={search_term_string}\"},\"query-input\":{\"@type\":\"PropertyValueSpecification\",\"valueRequired\":true,\"valueName\":\"search_term_string\"}}],\"inLanguage\":\"en-US\"},{\"@type\":\"Organization\",\"@id\":\"https:\/\/pulsar.com.tr\/kimya\/#organization\",\"name\":\"Pulsar Kimya Sanayi ve Ticaret A.\u015e.\",\"url\":\"https:\/\/pulsar.com.tr\/kimya\/\",\"logo\":{\"@type\":\"ImageObject\",\"inLanguage\":\"en-US\",\"@id\":\"https:\/\/pulsar.com.tr\/kimya\/#\/schema\/logo\/image\/\",\"url\":\"https:\/\/pulsar.com.tr\/kimya\/wp-content\/uploads\/2020\/11\/kimya-logo.png\",\"contentUrl\":\"https:\/\/pulsar.com.tr\/kimya\/wp-content\/uploads\/2020\/11\/kimya-logo.png\",\"width\":153,\"height\":175,\"caption\":\"Pulsar Kimya Sanayi ve Ticaret A.\u015e.\"},\"image\":{\"@id\":\"https:\/\/pulsar.com.tr\/kimya\/#\/schema\/logo\/image\/\"},\"sameAs\":[\"https:\/\/www.facebook.com\/PulsarKimyaSanayi\",\"https:\/\/x.com\/PulsarKimya\",\"https:\/\/www.instagram.com\/pulsarkimya\/\",\"https:\/\/www.linkedin.com\/company\/pulsarkimya\/\",\"https:\/\/www.youtube.com\/channel\/UCSgxLg4VTIotm-9IafHYM5w\"]}]}<\/script>\n<!-- \/ Yoast SEO plugin. -->","yoast_head_json":{"title":"[:tr]Genel Ba\u015fvuru[:en]Teknik Sat\u0131\u015f Sorumlusu[:ru]Teknik Sat\u0131\u015f Sorumlusu[:] | Pulsar Kimya | \u0130nsan Kaynaklar\u0131","description":"Portf\u00f6y\u00fcm\u00fczde bulunan \u00fcr\u00fcnlerin, m\u00fc\u015fterilerimize tan\u0131t\u0131m ve sat\u0131\u015f\u0131n\u0131 yapacak, yenilik\u00e7i \u00e7\u00f6z\u00fcmler \u00fcretecek tak\u0131m arkada\u015flar\u0131 ar\u0131yoruz...","robots":{"index":"index","follow":"follow","max-snippet":"max-snippet:-1","max-image-preview":"max-image-preview:large","max-video-preview":"max-video-preview:-1"},"canonical":"https:\/\/pulsar.com.tr\/kimya\/genel-basvuru\/","og_locale":"en_US","og_type":"article","og_title":"[:tr]Genel Ba\u015fvuru[:en]Teknik Sat\u0131\u015f Sorumlusu[:ru]Teknik Sat\u0131\u015f Sorumlusu[:] | Pulsar Kimya | \u0130nsan Kaynaklar\u0131","og_description":"Portf\u00f6y\u00fcm\u00fczde bulunan \u00fcr\u00fcnlerin, m\u00fc\u015fterilerimize tan\u0131t\u0131m ve sat\u0131\u015f\u0131n\u0131 yapacak, yenilik\u00e7i \u00e7\u00f6z\u00fcmler \u00fcretecek tak\u0131m arkada\u015flar\u0131 ar\u0131yoruz...","og_url":"https:\/\/pulsar.com.tr\/kimya\/genel-basvuru\/","og_site_name":"Pulsar Kimya","article_publisher":"https:\/\/www.facebook.com\/PulsarKimyaSanayi","article_modified_time":"2022-11-18T07:43:49+00:00","twitter_card":"summary_large_image","twitter_site":"@PulsarKimya","twitter_misc":{"Est. reading time":"2 minutes"},"schema":{"@context":"https:\/\/schema.org","@graph":[{"@type":"WebPage","@id":"https:\/\/pulsar.com.tr\/kimya\/genel-basvuru\/","url":"https:\/\/pulsar.com.tr\/kimya\/genel-basvuru\/","name":"[:tr]Genel Ba\u015fvuru[:en]Teknik Sat\u0131\u015f Sorumlusu[:ru]Teknik Sat\u0131\u015f Sorumlusu[:] | Pulsar Kimya | \u0130nsan Kaynaklar\u0131","isPartOf":{"@id":"https:\/\/pulsar.com.tr\/kimya\/#website"},"datePublished":"2022-11-18T07:42:10+00:00","dateModified":"2022-11-18T07:43:49+00:00","description":"Portf\u00f6y\u00fcm\u00fczde bulunan \u00fcr\u00fcnlerin, m\u00fc\u015fterilerimize tan\u0131t\u0131m ve sat\u0131\u015f\u0131n\u0131 yapacak, yenilik\u00e7i \u00e7\u00f6z\u00fcmler \u00fcretecek tak\u0131m arkada\u015flar\u0131 ar\u0131yoruz...","breadcrumb":{"@id":"https:\/\/pulsar.com.tr\/kimya\/genel-basvuru\/#breadcrumb"},"inLanguage":"en-US","potentialAction":[{"@type":"ReadAction","target":["https:\/\/pulsar.com.tr\/kimya\/genel-basvuru\/"]}]},{"@type":"BreadcrumbList","@id":"https:\/\/pulsar.com.tr\/kimya\/genel-basvuru\/#breadcrumb","itemListElement":[{"@type":"ListItem","position":1,"name":"Ana sayfa","item":"https:\/\/pulsar.com.tr\/kimya\/"},{"@type":"ListItem","position":2,"name":"Genel Ba\u015fvuru"}]},{"@type":"WebSite","@id":"https:\/\/pulsar.com.tr\/kimya\/#website","url":"https:\/\/pulsar.com.tr\/kimya\/","name":"Pulsar Kimya","description":"","publisher":{"@id":"https:\/\/pulsar.com.tr\/kimya\/#organization"},"potentialAction":[{"@type":"SearchAction","target":{"@type":"EntryPoint","urlTemplate":"https:\/\/pulsar.com.tr\/kimya\/?s={search_term_string}"},"query-input":{"@type":"PropertyValueSpecification","valueRequired":true,"valueName":"search_term_string"}}],"inLanguage":"en-US"},{"@type":"Organization","@id":"https:\/\/pulsar.com.tr\/kimya\/#organization","name":"Pulsar Kimya Sanayi ve Ticaret A.\u015e.","url":"https:\/\/pulsar.com.tr\/kimya\/","logo":{"@type":"ImageObject","inLanguage":"en-US","@id":"https:\/\/pulsar.com.tr\/kimya\/#\/schema\/logo\/image\/","url":"https:\/\/pulsar.com.tr\/kimya\/wp-content\/uploads\/2020\/11\/kimya-logo.png","contentUrl":"https:\/\/pulsar.com.tr\/kimya\/wp-content\/uploads\/2020\/11\/kimya-logo.png","width":153,"height":175,"caption":"Pulsar Kimya Sanayi ve Ticaret A.\u015e."},"image":{"@id":"https:\/\/pulsar.com.tr\/kimya\/#\/schema\/logo\/image\/"},"sameAs":["https:\/\/www.facebook.com\/PulsarKimyaSanayi","https:\/\/x.com\/PulsarKimya","https:\/\/www.instagram.com\/pulsarkimya\/","https:\/\/www.linkedin.com\/company\/pulsarkimya\/","https:\/\/www.youtube.com\/channel\/UCSgxLg4VTIotm-9IafHYM5w"]}]}},"_links":{"self":[{"href":"https:\/\/pulsar.com.tr\/kimya\/en\/wp-json\/wp\/v2\/pages\/6302"}],"collection":[{"href":"https:\/\/pulsar.com.tr\/kimya\/en\/wp-json\/wp\/v2\/pages"}],"about":[{"href":"https:\/\/pulsar.com.tr\/kimya\/en\/wp-json\/wp\/v2\/types\/page"}],"author":[{"embeddable":true,"href":"https:\/\/pulsar.com.tr\/kimya\/en\/wp-json\/wp\/v2\/users\/5"}],"replies":[{"embeddable":true,"href":"https:\/\/pulsar.com.tr\/kimya\/en\/wp-json\/wp\/v2\/comments?post=6302"}],"version-history":[{"count":1,"href":"https:\/\/pulsar.com.tr\/kimya\/en\/wp-json\/wp\/v2\/pages\/6302\/revisions"}],"predecessor-version":[{"id":6303,"href":"https:\/\/pulsar.com.tr\/kimya\/en\/wp-json\/wp\/v2\/pages\/6302\/revisions\/6303"}],"wp:attachment":[{"href":"https:\/\/pulsar.com.tr\/kimya\/en\/wp-json\/wp\/v2\/media?parent=6302"}],"curies":[{"name":"wp","href":"https:\/\/api.w.org\/{rel}","templated":true}]}}