{"id":2248,"date":"2020-06-30T12:13:45","date_gmt":"2020-06-30T12:13:45","guid":{"rendered":"https:\/\/pulsar.com.tr\/kimya\/?page_id=2248"},"modified":"2022-07-22T10:45:25","modified_gmt":"2022-07-22T10:45:25","slug":"siyanoakrilat-yapistiricilar","status":"publish","type":"page","link":"https:\/\/pulsar.com.tr\/kimya\/en\/cyanoacrylate-adhesives\/","title":{"rendered":"Cyanoacrylate Adhesives"},"content":{"rendered":"","protected":false},"excerpt":{"rendered":"","protected":false},"author":1,"featured_media":0,"parent":0,"menu_order":0,"comment_status":"closed","ping_status":"closed","template":"","meta":{"footnotes":""},"class_list":["post-2248","page","type-page","status-publish","hentry"],"yoast_head":"<!-- This site is optimized with the Yoast SEO plugin v24.2 - https:\/\/yoast.com\/wordpress\/plugins\/seo\/ -->\n<title>Cyanoacrylate Adhesives | Pulsar Kimya | Yap\u0131\u015ft\u0131r\u0131c\u0131lar<\/title>\n<meta name=\"description\" content=\"Siyanoakrilat Yap\u0131\u015ft\u0131r\u0131c\u0131lar ayn\u0131 zamanda h\u0131zl\u0131 donabilen yap\u0131\u015ft\u0131r\u0131c\u0131lard\u0131r. Oksijen ile iki malzeme aras\u0131nda k\u00fcrlenen yap\u0131\u015ft\u0131r\u0131c\u0131lard\u0131r.\" \/>\n<meta name=\"robots\" content=\"index, follow, max-snippet:-1, max-image-preview:large, max-video-preview:-1\" \/>\n<link rel=\"canonical\" href=\"https:\/\/pulsar.com.tr\/kimya\/siyanoakrilat-yapistiricilar\/\" \/>\n<meta property=\"og:locale\" content=\"en_US\" \/>\n<meta property=\"og:type\" content=\"article\" \/>\n<meta property=\"og:title\" content=\"[:tr]Siyanoakrilat Yap\u0131\u015ft\u0131r\u0131c\u0131lar[:en]Cyanoacrylate Adhesives[:ru]Cyanoacrylate Adhesives[:] | Pulsar Kimya | Yap\u0131\u015ft\u0131r\u0131c\u0131lar\" \/>\n<meta property=\"og:description\" content=\"Siyanoakrilat Yap\u0131\u015ft\u0131r\u0131c\u0131lar ayn\u0131 zamanda h\u0131zl\u0131 donabilen yap\u0131\u015ft\u0131r\u0131c\u0131lard\u0131r. Oksijen ile iki malzeme aras\u0131nda k\u00fcrlenen yap\u0131\u015ft\u0131r\u0131c\u0131lard\u0131r.\" \/>\n<meta property=\"og:url\" content=\"https:\/\/pulsar.com.tr\/kimya\/siyanoakrilat-yapistiricilar\/\" \/>\n<meta property=\"og:site_name\" content=\"Pulsar Kimya\" \/>\n<meta property=\"article:publisher\" content=\"https:\/\/www.facebook.com\/PulsarKimyaSanayi\" \/>\n<meta property=\"article:modified_time\" content=\"2022-07-22T10:45:25+00:00\" \/>\n<meta name=\"twitter:card\" content=\"summary_large_image\" \/>\n<meta name=\"twitter:site\" content=\"@PulsarKimya\" \/>\n<script type=\"application\/ld+json\" class=\"yoast-schema-graph\">{\"@context\":\"https:\/\/schema.org\",\"@graph\":[{\"@type\":\"WebPage\",\"@id\":\"https:\/\/pulsar.com.tr\/kimya\/siyanoakrilat-yapistiricilar\/\",\"url\":\"https:\/\/pulsar.com.tr\/kimya\/siyanoakrilat-yapistiricilar\/\",\"name\":\"[:tr]Siyanoakrilat Yap\u0131\u015ft\u0131r\u0131c\u0131lar[:en]Cyanoacrylate Adhesives[:ru]Cyanoacrylate Adhesives[:] | Pulsar Kimya | Yap\u0131\u015ft\u0131r\u0131c\u0131lar\",\"isPartOf\":{\"@id\":\"https:\/\/pulsar.com.tr\/kimya\/#website\"},\"datePublished\":\"2020-06-30T12:13:45+00:00\",\"dateModified\":\"2022-07-22T10:45:25+00:00\",\"description\":\"Siyanoakrilat Yap\u0131\u015ft\u0131r\u0131c\u0131lar ayn\u0131 zamanda h\u0131zl\u0131 donabilen yap\u0131\u015ft\u0131r\u0131c\u0131lard\u0131r. Oksijen ile iki malzeme aras\u0131nda k\u00fcrlenen yap\u0131\u015ft\u0131r\u0131c\u0131lard\u0131r.\",\"breadcrumb\":{\"@id\":\"https:\/\/pulsar.com.tr\/kimya\/siyanoakrilat-yapistiricilar\/#breadcrumb\"},\"inLanguage\":\"en-US\",\"potentialAction\":[{\"@type\":\"ReadAction\",\"target\":[\"https:\/\/pulsar.com.tr\/kimya\/siyanoakrilat-yapistiricilar\/\"]}]},{\"@type\":\"BreadcrumbList\",\"@id\":\"https:\/\/pulsar.com.tr\/kimya\/siyanoakrilat-yapistiricilar\/#breadcrumb\",\"itemListElement\":[{\"@type\":\"ListItem\",\"position\":1,\"name\":\"Ana sayfa\",\"item\":\"https:\/\/pulsar.com.tr\/kimya\/\"},{\"@type\":\"ListItem\",\"position\":2,\"name\":\"Siyanoakrilat Yap\u0131\u015ft\u0131r\u0131c\u0131lar\"}]},{\"@type\":\"WebSite\",\"@id\":\"https:\/\/pulsar.com.tr\/kimya\/#website\",\"url\":\"https:\/\/pulsar.com.tr\/kimya\/\",\"name\":\"Pulsar Kimya\",\"description\":\"\",\"publisher\":{\"@id\":\"https:\/\/pulsar.com.tr\/kimya\/#organization\"},\"potentialAction\":[{\"@type\":\"SearchAction\",\"target\":{\"@type\":\"EntryPoint\",\"urlTemplate\":\"https:\/\/pulsar.com.tr\/kimya\/?s={search_term_string}\"},\"query-input\":{\"@type\":\"PropertyValueSpecification\",\"valueRequired\":true,\"valueName\":\"search_term_string\"}}],\"inLanguage\":\"en-US\"},{\"@type\":\"Organization\",\"@id\":\"https:\/\/pulsar.com.tr\/kimya\/#organization\",\"name\":\"Pulsar Kimya Sanayi ve Ticaret A.\u015e.\",\"url\":\"https:\/\/pulsar.com.tr\/kimya\/\",\"logo\":{\"@type\":\"ImageObject\",\"inLanguage\":\"en-US\",\"@id\":\"https:\/\/pulsar.com.tr\/kimya\/#\/schema\/logo\/image\/\",\"url\":\"https:\/\/pulsar.com.tr\/kimya\/wp-content\/uploads\/2020\/11\/kimya-logo.png\",\"contentUrl\":\"https:\/\/pulsar.com.tr\/kimya\/wp-content\/uploads\/2020\/11\/kimya-logo.png\",\"width\":153,\"height\":175,\"caption\":\"Pulsar Kimya Sanayi ve Ticaret A.\u015e.\"},\"image\":{\"@id\":\"https:\/\/pulsar.com.tr\/kimya\/#\/schema\/logo\/image\/\"},\"sameAs\":[\"https:\/\/www.facebook.com\/PulsarKimyaSanayi\",\"https:\/\/x.com\/PulsarKimya\",\"https:\/\/www.instagram.com\/pulsarkimya\/\",\"https:\/\/www.linkedin.com\/company\/pulsarkimya\/\",\"https:\/\/www.youtube.com\/channel\/UCSgxLg4VTIotm-9IafHYM5w\"]}]}<\/script>\n<!-- \/ Yoast SEO plugin. -->","yoast_head_json":{"title":"[:tr]Siyanoakrilat Yap\u0131\u015ft\u0131r\u0131c\u0131lar[:en]Cyanoacrylate Adhesives[:ru]Cyanoacrylate Adhesives[:] | Pulsar Kimya | Yap\u0131\u015ft\u0131r\u0131c\u0131lar","description":"Siyanoakrilat Yap\u0131\u015ft\u0131r\u0131c\u0131lar ayn\u0131 zamanda h\u0131zl\u0131 donabilen yap\u0131\u015ft\u0131r\u0131c\u0131lard\u0131r. Oksijen ile iki malzeme aras\u0131nda k\u00fcrlenen yap\u0131\u015ft\u0131r\u0131c\u0131lard\u0131r.","robots":{"index":"index","follow":"follow","max-snippet":"max-snippet:-1","max-image-preview":"max-image-preview:large","max-video-preview":"max-video-preview:-1"},"canonical":"https:\/\/pulsar.com.tr\/kimya\/siyanoakrilat-yapistiricilar\/","og_locale":"en_US","og_type":"article","og_title":"[:tr]Siyanoakrilat Yap\u0131\u015ft\u0131r\u0131c\u0131lar[:en]Cyanoacrylate Adhesives[:ru]Cyanoacrylate Adhesives[:] | Pulsar Kimya | Yap\u0131\u015ft\u0131r\u0131c\u0131lar","og_description":"Siyanoakrilat Yap\u0131\u015ft\u0131r\u0131c\u0131lar ayn\u0131 zamanda h\u0131zl\u0131 donabilen yap\u0131\u015ft\u0131r\u0131c\u0131lard\u0131r. Oksijen ile iki malzeme aras\u0131nda k\u00fcrlenen yap\u0131\u015ft\u0131r\u0131c\u0131lard\u0131r.","og_url":"https:\/\/pulsar.com.tr\/kimya\/siyanoakrilat-yapistiricilar\/","og_site_name":"Pulsar Kimya","article_publisher":"https:\/\/www.facebook.com\/PulsarKimyaSanayi","article_modified_time":"2022-07-22T10:45:25+00:00","twitter_card":"summary_large_image","twitter_site":"@PulsarKimya","schema":{"@context":"https:\/\/schema.org","@graph":[{"@type":"WebPage","@id":"https:\/\/pulsar.com.tr\/kimya\/siyanoakrilat-yapistiricilar\/","url":"https:\/\/pulsar.com.tr\/kimya\/siyanoakrilat-yapistiricilar\/","name":"[:tr]Siyanoakrilat Yap\u0131\u015ft\u0131r\u0131c\u0131lar[:en]Cyanoacrylate Adhesives[:ru]Cyanoacrylate Adhesives[:] | Pulsar Kimya | Yap\u0131\u015ft\u0131r\u0131c\u0131lar","isPartOf":{"@id":"https:\/\/pulsar.com.tr\/kimya\/#website"},"datePublished":"2020-06-30T12:13:45+00:00","dateModified":"2022-07-22T10:45:25+00:00","description":"Siyanoakrilat Yap\u0131\u015ft\u0131r\u0131c\u0131lar ayn\u0131 zamanda h\u0131zl\u0131 donabilen yap\u0131\u015ft\u0131r\u0131c\u0131lard\u0131r. Oksijen ile iki malzeme aras\u0131nda k\u00fcrlenen yap\u0131\u015ft\u0131r\u0131c\u0131lard\u0131r.","breadcrumb":{"@id":"https:\/\/pulsar.com.tr\/kimya\/siyanoakrilat-yapistiricilar\/#breadcrumb"},"inLanguage":"en-US","potentialAction":[{"@type":"ReadAction","target":["https:\/\/pulsar.com.tr\/kimya\/siyanoakrilat-yapistiricilar\/"]}]},{"@type":"BreadcrumbList","@id":"https:\/\/pulsar.com.tr\/kimya\/siyanoakrilat-yapistiricilar\/#breadcrumb","itemListElement":[{"@type":"ListItem","position":1,"name":"Ana sayfa","item":"https:\/\/pulsar.com.tr\/kimya\/"},{"@type":"ListItem","position":2,"name":"Siyanoakrilat Yap\u0131\u015ft\u0131r\u0131c\u0131lar"}]},{"@type":"WebSite","@id":"https:\/\/pulsar.com.tr\/kimya\/#website","url":"https:\/\/pulsar.com.tr\/kimya\/","name":"Pulsar Kimya","description":"","publisher":{"@id":"https:\/\/pulsar.com.tr\/kimya\/#organization"},"potentialAction":[{"@type":"SearchAction","target":{"@type":"EntryPoint","urlTemplate":"https:\/\/pulsar.com.tr\/kimya\/?s={search_term_string}"},"query-input":{"@type":"PropertyValueSpecification","valueRequired":true,"valueName":"search_term_string"}}],"inLanguage":"en-US"},{"@type":"Organization","@id":"https:\/\/pulsar.com.tr\/kimya\/#organization","name":"Pulsar Kimya Sanayi ve Ticaret A.\u015e.","url":"https:\/\/pulsar.com.tr\/kimya\/","logo":{"@type":"ImageObject","inLanguage":"en-US","@id":"https:\/\/pulsar.com.tr\/kimya\/#\/schema\/logo\/image\/","url":"https:\/\/pulsar.com.tr\/kimya\/wp-content\/uploads\/2020\/11\/kimya-logo.png","contentUrl":"https:\/\/pulsar.com.tr\/kimya\/wp-content\/uploads\/2020\/11\/kimya-logo.png","width":153,"height":175,"caption":"Pulsar Kimya Sanayi ve Ticaret A.\u015e."},"image":{"@id":"https:\/\/pulsar.com.tr\/kimya\/#\/schema\/logo\/image\/"},"sameAs":["https:\/\/www.facebook.com\/PulsarKimyaSanayi","https:\/\/x.com\/PulsarKimya","https:\/\/www.instagram.com\/pulsarkimya\/","https:\/\/www.linkedin.com\/company\/pulsarkimya\/","https:\/\/www.youtube.com\/channel\/UCSgxLg4VTIotm-9IafHYM5w"]}]}},"_links":{"self":[{"href":"https:\/\/pulsar.com.tr\/kimya\/en\/wp-json\/wp\/v2\/pages\/2248"}],"collection":[{"href":"https:\/\/pulsar.com.tr\/kimya\/en\/wp-json\/wp\/v2\/pages"}],"about":[{"href":"https:\/\/pulsar.com.tr\/kimya\/en\/wp-json\/wp\/v2\/types\/page"}],"author":[{"embeddable":true,"href":"https:\/\/pulsar.com.tr\/kimya\/en\/wp-json\/wp\/v2\/users\/1"}],"replies":[{"embeddable":true,"href":"https:\/\/pulsar.com.tr\/kimya\/en\/wp-json\/wp\/v2\/comments?post=2248"}],"version-history":[{"count":3,"href":"https:\/\/pulsar.com.tr\/kimya\/en\/wp-json\/wp\/v2\/pages\/2248\/revisions"}],"predecessor-version":[{"id":5539,"href":"https:\/\/pulsar.com.tr\/kimya\/en\/wp-json\/wp\/v2\/pages\/2248\/revisions\/5539"}],"wp:attachment":[{"href":"https:\/\/pulsar.com.tr\/kimya\/en\/wp-json\/wp\/v2\/media?parent=2248"}],"curies":[{"name":"wp","href":"https:\/\/api.w.org\/{rel}","templated":true}]}}